{"id":529,"date":"2025-01-11T04:55:42","date_gmt":"2025-01-11T04:55:42","guid":{"rendered":"https:\/\/projectumcert.mamzitsolutions.com\/?post_type=product&#038;p=529"},"modified":"2026-03-10T11:01:49","modified_gmt":"2026-03-10T16:01:49","slug":"artificial-intelligence-project-management-specialist","status":"publish","type":"product","link":"https:\/\/cert.projectuminstitute.online\/pt\/product\/artificial-intelligence-project-management-specialist\/","title":{"rendered":"Professional Certification In AI For Project Manager"},"content":{"rendered":"<h3><span style=\"color: #1c3661;\"><strong>DETALHES<\/strong><\/span><\/h3>\n<p><span style=\"color: #1c3661;\"><strong>Nome Do Exame:<\/strong> Professional Certification In AI For Project Manager<\/span><span style=\"color: #1c3661;\"> \u2013 PCAIPM<\/span><br \/>\n<span style=\"color: #1c3661;\"><strong>Formato Do Exame:<\/strong> As quest\u00f5es de m\u00faltipla escolha.<\/span><br \/>\n<span style=\"color: #1c3661;\"><strong>Exame De Entrega:<\/strong> Com base na Web (navegador), de livros fechados, sem a ajuda externa, cronometrado.<\/span><br \/>\n<span style=\"color: #1c3661;\"><strong>Exame De Dura\u00e7\u00e3o:<\/strong> Uma vez que o exame come\u00e7a, os candidatos ter\u00e3o 60 minutos para conclu\u00ed-lo.<\/span><br \/>\n<span style=\"color: #1c3661;\"><strong>N\u00famero de Quest\u00f5es:<\/strong> 40.<\/span><br \/>\n<span style=\"color: #1c3661;\"><strong>Pontua\u00e7\u00e3o:<\/strong> 75%.<\/span><br \/>\n<span style=\"color: #1c3661;\"><strong>Idiomas Dispon\u00edveis:<\/strong> Ingl\u00eas e espanhol.<\/span><br \/>\n<span style=\"color: #1c3661;\"><strong>Pr\u00e9-requisitos:<\/strong> Nenhum.<\/span><br \/>\n<span style=\"color: #1c3661;\"><strong>Exame supervisionado:<\/strong> Online supervis\u00e3o<\/span><br \/>\n<span style=\"color: #1c3661;\"><strong>Certifica\u00e7\u00e3o De Expira\u00e7\u00e3o:<\/strong> 2 anos<\/span><\/p>","protected":false},"excerpt":{"rendered":"<p><span style=\"color: #1c3661;\">Posicionar-se na vanguarda da transforma\u00e7\u00e3o digital com a nossa certifica\u00e7\u00e3o, validando a sua experi\u00eancia em gerenciamento de ponta a intelig\u00eancia artificial iniciativas. A partir de um planejamento estrat\u00e9gico para a implementa\u00e7\u00e3o final, esta credencial confirma a sua capacidade de liderar projetos que integram tecnologia e estrat\u00e9gia, transformando complexo AI conceitos em pr\u00e1tica, de alto impacto solu\u00e7\u00f5es.<\/span><\/p>\n<p><span style=\"color: #1c3661;\">Esta certifica\u00e7\u00e3o confirma mais a sua comprovada capacidade de colaborar, efetivamente, com equipes t\u00e9cnicas, a ponte entre a inova\u00e7\u00e3o e objetivos de neg\u00f3cio. Como um especialista certificado, ser\u00e1 reconhecido como uma for\u00e7a fundamental para impulsionar a ado\u00e7\u00e3o de tecnologias disruptivas, desbloquear novos caminhos para o crescimento, e garantindo a sua organiza\u00e7\u00e3o vive em uma constante evolu\u00e7\u00e3o digital paisagem.<\/span><\/p>","protected":false},"featured_media":3557,"comment_status":"closed","ping_status":"closed","template":"","meta":{"_acf_changed":false},"product_brand":[],"product_cat":[23],"product_tag":[31],"class_list":{"0":"post-529","1":"product","2":"type-product","3":"status-publish","4":"has-post-thumbnail","6":"product_cat-artificial-intelligence","7":"product_tag-relacion","9":"first","10":"instock","11":"shipping-taxable","12":"purchasable","13":"product-type-variable","14":"has-default-attributes"},"acf":[],"yoast_head":"<!-- This site is optimized with the Yoast SEO plugin v27.1.1 - https:\/\/yoast.com\/product\/yoast-seo-wordpress\/ -->\n<title>Free AI for Project Managers | Verifiable Digital Badge<\/title>\n<meta name=\"description\" content=\"Get your Free AI for Project Managers Certification and earn a Verifiable Digital Badge to showcase your ability to apply artificial intelligence in project management.\" \/>\n<meta name=\"robots\" content=\"index, follow, max-snippet:-1, max-image-preview:large, max-video-preview:-1\" \/>\n<link rel=\"canonical\" href=\"https:\/\/cert.projectuminstitute.online\/pt\/product\/artificial-intelligence-project-management-specialist\/\" \/>\n<meta property=\"og:locale\" content=\"pt_BR\" \/>\n<meta property=\"og:type\" content=\"article\" \/>\n<meta property=\"og:title\" content=\"Free AI for Project Managers | Verifiable Digital Badge\" \/>\n<meta property=\"og:description\" content=\"Get your Free AI for Project Managers Certification and earn a Verifiable Digital Badge to showcase your ability to apply artificial intelligence in project management.\" \/>\n<meta property=\"og:url\" content=\"https:\/\/cert.projectuminstitute.online\/pt\/product\/artificial-intelligence-project-management-specialist\/\" \/>\n<meta property=\"og:site_name\" content=\"Projectum Cert\" \/>\n<meta property=\"article:publisher\" content=\"https:\/\/www.facebook.com\/Projectumcert\" \/>\n<meta property=\"article:modified_time\" content=\"2026-03-10T16:01:49+00:00\" \/>\n<meta property=\"og:image\" content=\"https:\/\/cert.projectuminstitute.online\/wp-content\/uploads\/2025\/01\/AI-Project_Mesa-de-trabajo-1-copia-35.png\" \/>\n\t<meta property=\"og:image:width\" content=\"636\" \/>\n\t<meta property=\"og:image:height\" content=\"640\" \/>\n\t<meta property=\"og:image:type\" content=\"image\/png\" \/>\n<meta name=\"twitter:card\" content=\"summary_large_image\" \/>\n<meta name=\"twitter:label1\" content=\"Est. tempo de leitura\" \/>\n\t<meta name=\"twitter:data1\" content=\"1 minuto\" \/>\n<script type=\"application\/ld+json\" class=\"yoast-schema-graph\">{\"@context\":\"https:\/\/schema.org\",\"@graph\":[{\"@type\":\"WebPage\",\"@id\":\"https:\/\/cert.projectuminstitute.online\/product\/artificial-intelligence-project-management-specialist\/\",\"url\":\"https:\/\/cert.projectuminstitute.online\/product\/artificial-intelligence-project-management-specialist\/\",\"name\":\"Free AI for Project Managers | Verifiable Digital Badge\",\"isPartOf\":{\"@id\":\"https:\/\/cert.projectuminstitute.online\/#website\"},\"primaryImageOfPage\":{\"@id\":\"https:\/\/cert.projectuminstitute.online\/product\/artificial-intelligence-project-management-specialist\/#primaryimage\"},\"image\":{\"@id\":\"https:\/\/cert.projectuminstitute.online\/product\/artificial-intelligence-project-management-specialist\/#primaryimage\"},\"thumbnailUrl\":\"https:\/\/cert.projectuminstitute.online\/wp-content\/uploads\/2025\/01\/AI-Project_Mesa-de-trabajo-1-copia-35.png\",\"datePublished\":\"2025-01-11T04:55:42+00:00\",\"dateModified\":\"2026-03-10T16:01:49+00:00\",\"description\":\"Get your Free AI for Project Managers Certification and earn a Verifiable Digital Badge to showcase your ability to apply artificial intelligence in project management.\",\"breadcrumb\":{\"@id\":\"https:\/\/cert.projectuminstitute.online\/product\/artificial-intelligence-project-management-specialist\/#breadcrumb\"},\"inLanguage\":\"pt-BR\",\"potentialAction\":[{\"@type\":\"ReadAction\",\"target\":[\"https:\/\/cert.projectuminstitute.online\/product\/artificial-intelligence-project-management-specialist\/\"]}]},{\"@type\":\"ImageObject\",\"inLanguage\":\"pt-BR\",\"@id\":\"https:\/\/cert.projectuminstitute.online\/product\/artificial-intelligence-project-management-specialist\/#primaryimage\",\"url\":\"https:\/\/cert.projectuminstitute.online\/wp-content\/uploads\/2025\/01\/AI-Project_Mesa-de-trabajo-1-copia-35.png\",\"contentUrl\":\"https:\/\/cert.projectuminstitute.online\/wp-content\/uploads\/2025\/01\/AI-Project_Mesa-de-trabajo-1-copia-35.png\",\"width\":636,\"height\":640},{\"@type\":\"BreadcrumbList\",\"@id\":\"https:\/\/cert.projectuminstitute.online\/product\/artificial-intelligence-project-management-specialist\/#breadcrumb\",\"itemListElement\":[{\"@type\":\"ListItem\",\"position\":1,\"name\":\"Home\",\"item\":\"https:\/\/cert.projectuminstitute.online\/\"},{\"@type\":\"ListItem\",\"position\":2,\"name\":\"Shop\",\"item\":\"https:\/\/cert.projectuminstitute.online\/shop\/\"},{\"@type\":\"ListItem\",\"position\":3,\"name\":\"Professional Certification In AI For Project Manager\"}]},{\"@type\":\"WebSite\",\"@id\":\"https:\/\/cert.projectuminstitute.online\/#website\",\"url\":\"https:\/\/cert.projectuminstitute.online\/\",\"name\":\"Projectum Cert\",\"description\":\"Projectum Cert\",\"publisher\":{\"@id\":\"https:\/\/cert.projectuminstitute.online\/#organization\"},\"potentialAction\":[{\"@type\":\"SearchAction\",\"target\":{\"@type\":\"EntryPoint\",\"urlTemplate\":\"https:\/\/cert.projectuminstitute.online\/?s={search_term_string}\"},\"query-input\":{\"@type\":\"PropertyValueSpecification\",\"valueRequired\":true,\"valueName\":\"search_term_string\"}}],\"inLanguage\":\"pt-BR\"},{\"@type\":\"Organization\",\"@id\":\"https:\/\/cert.projectuminstitute.online\/#organization\",\"name\":\"Projectum Cert\",\"url\":\"https:\/\/cert.projectuminstitute.online\/\",\"logo\":{\"@type\":\"ImageObject\",\"inLanguage\":\"pt-BR\",\"@id\":\"https:\/\/cert.projectuminstitute.online\/#\/schema\/logo\/image\/\",\"url\":\"https:\/\/cert.projectuminstitute.online\/wp-content\/uploads\/2024\/12\/PC_V-original.webp\",\"contentUrl\":\"https:\/\/cert.projectuminstitute.online\/wp-content\/uploads\/2024\/12\/PC_V-original.webp\",\"width\":500,\"height\":500,\"caption\":\"Projectum Cert\"},\"image\":{\"@id\":\"https:\/\/cert.projectuminstitute.online\/#\/schema\/logo\/image\/\"},\"sameAs\":[\"https:\/\/www.facebook.com\/Projectumcert\"]}]}<\/script>\n<!-- \/ Yoast SEO plugin. -->","yoast_head_json":{"title":"Livre AI para Gestores de Projecto | Verific\u00e1veis Crach\u00e1 Digital","description":"Obter o seu Livre AI para os Gestores de projectos de Certifica\u00e7\u00e3o e de ganhar um certificado Digital Emblema para mostrar a sua capacidade para aplicar intelig\u00eancia artificial em gerenciamento de projetos.","robots":{"index":"index","follow":"follow","max-snippet":"max-snippet:-1","max-image-preview":"max-image-preview:large","max-video-preview":"max-video-preview:-1"},"canonical":"https:\/\/cert.projectuminstitute.online\/pt\/product\/artificial-intelligence-project-management-specialist\/","og_locale":"pt_BR","og_type":"article","og_title":"Free AI for Project Managers | Verifiable Digital Badge","og_description":"Get your Free AI for Project Managers Certification and earn a Verifiable Digital Badge to showcase your ability to apply artificial intelligence in project management.","og_url":"https:\/\/cert.projectuminstitute.online\/pt\/product\/artificial-intelligence-project-management-specialist\/","og_site_name":"Projectum Cert","article_publisher":"https:\/\/www.facebook.com\/Projectumcert","article_modified_time":"2026-03-10T16:01:49+00:00","og_image":[{"width":636,"height":640,"url":"https:\/\/cert.projectuminstitute.online\/wp-content\/uploads\/2025\/01\/AI-Project_Mesa-de-trabajo-1-copia-35.png","type":"image\/png"}],"twitter_card":"summary_large_image","twitter_misc":{"Est. tempo de leitura":"1 minuto"},"schema":{"@context":"https:\/\/schema.org","@graph":[{"@type":"WebPage","@id":"https:\/\/cert.projectuminstitute.online\/product\/artificial-intelligence-project-management-specialist\/","url":"https:\/\/cert.projectuminstitute.online\/product\/artificial-intelligence-project-management-specialist\/","name":"Livre AI para Gestores de Projecto | Verific\u00e1veis Crach\u00e1 Digital","isPartOf":{"@id":"https:\/\/cert.projectuminstitute.online\/#website"},"primaryImageOfPage":{"@id":"https:\/\/cert.projectuminstitute.online\/product\/artificial-intelligence-project-management-specialist\/#primaryimage"},"image":{"@id":"https:\/\/cert.projectuminstitute.online\/product\/artificial-intelligence-project-management-specialist\/#primaryimage"},"thumbnailUrl":"https:\/\/cert.projectuminstitute.online\/wp-content\/uploads\/2025\/01\/AI-Project_Mesa-de-trabajo-1-copia-35.png","datePublished":"2025-01-11T04:55:42+00:00","dateModified":"2026-03-10T16:01:49+00:00","description":"Obter o seu Livre AI para os Gestores de projectos de Certifica\u00e7\u00e3o e de ganhar um certificado Digital Emblema para mostrar a sua capacidade para aplicar intelig\u00eancia artificial em gerenciamento de projetos.","breadcrumb":{"@id":"https:\/\/cert.projectuminstitute.online\/product\/artificial-intelligence-project-management-specialist\/#breadcrumb"},"inLanguage":"pt-BR","potentialAction":[{"@type":"ReadAction","target":["https:\/\/cert.projectuminstitute.online\/product\/artificial-intelligence-project-management-specialist\/"]}]},{"@type":"ImageObject","inLanguage":"pt-BR","@id":"https:\/\/cert.projectuminstitute.online\/product\/artificial-intelligence-project-management-specialist\/#primaryimage","url":"https:\/\/cert.projectuminstitute.online\/wp-content\/uploads\/2025\/01\/AI-Project_Mesa-de-trabajo-1-copia-35.png","contentUrl":"https:\/\/cert.projectuminstitute.online\/wp-content\/uploads\/2025\/01\/AI-Project_Mesa-de-trabajo-1-copia-35.png","width":636,"height":640},{"@type":"BreadcrumbList","@id":"https:\/\/cert.projectuminstitute.online\/product\/artificial-intelligence-project-management-specialist\/#breadcrumb","itemListElement":[{"@type":"ListItem","position":1,"name":"Home","item":"https:\/\/cert.projectuminstitute.online\/"},{"@type":"ListItem","position":2,"name":"Shop","item":"https:\/\/cert.projectuminstitute.online\/shop\/"},{"@type":"ListItem","position":3,"name":"Professional Certification In AI For Project Manager"}]},{"@type":"WebSite","@id":"https:\/\/cert.projectuminstitute.online\/#website","url":"https:\/\/cert.projectuminstitute.online\/","name":"Projectum Cert","description":"Projectum Cert","publisher":{"@id":"https:\/\/cert.projectuminstitute.online\/#organization"},"potentialAction":[{"@type":"SearchAction","target":{"@type":"EntryPoint","urlTemplate":"https:\/\/cert.projectuminstitute.online\/?s={search_term_string}"},"query-input":{"@type":"PropertyValueSpecification","valueRequired":true,"valueName":"search_term_string"}}],"inLanguage":"pt-BR"},{"@type":"Organization","@id":"https:\/\/cert.projectuminstitute.online\/#organization","name":"Projectum Cert","url":"https:\/\/cert.projectuminstitute.online\/","logo":{"@type":"ImageObject","inLanguage":"pt-BR","@id":"https:\/\/cert.projectuminstitute.online\/#\/schema\/logo\/image\/","url":"https:\/\/cert.projectuminstitute.online\/wp-content\/uploads\/2024\/12\/PC_V-original.webp","contentUrl":"https:\/\/cert.projectuminstitute.online\/wp-content\/uploads\/2024\/12\/PC_V-original.webp","width":500,"height":500,"caption":"Projectum Cert"},"image":{"@id":"https:\/\/cert.projectuminstitute.online\/#\/schema\/logo\/image\/"},"sameAs":["https:\/\/www.facebook.com\/Projectumcert"]}]}},"_links":{"self":[{"href":"https:\/\/cert.projectuminstitute.online\/pt\/wp-json\/wp\/v2\/product\/529","targetHints":{"allow":["GET"]}}],"collection":[{"href":"https:\/\/cert.projectuminstitute.online\/pt\/wp-json\/wp\/v2\/product"}],"about":[{"href":"https:\/\/cert.projectuminstitute.online\/pt\/wp-json\/wp\/v2\/types\/product"}],"replies":[{"embeddable":true,"href":"https:\/\/cert.projectuminstitute.online\/pt\/wp-json\/wp\/v2\/comments?post=529"}],"wp:featuredmedia":[{"embeddable":true,"href":"https:\/\/cert.projectuminstitute.online\/pt\/wp-json\/wp\/v2\/media\/3557"}],"wp:attachment":[{"href":"https:\/\/cert.projectuminstitute.online\/pt\/wp-json\/wp\/v2\/media?parent=529"}],"wp:term":[{"taxonomy":"product_brand","embeddable":true,"href":"https:\/\/cert.projectuminstitute.online\/pt\/wp-json\/wp\/v2\/product_brand?post=529"},{"taxonomy":"product_cat","embeddable":true,"href":"https:\/\/cert.projectuminstitute.online\/pt\/wp-json\/wp\/v2\/product_cat?post=529"},{"taxonomy":"product_tag","embeddable":true,"href":"https:\/\/cert.projectuminstitute.online\/pt\/wp-json\/wp\/v2\/product_tag?post=529"}],"curies":[{"name":"wp","href":"https:\/\/api.w.org\/{rel}","templated":true}]}}