{"id":526,"date":"2025-01-11T04:55:42","date_gmt":"2025-01-11T04:55:42","guid":{"rendered":"https:\/\/projectumcert.mamzitsolutions.com\/?post_type=product&#038;p=526"},"modified":"2026-03-10T11:04:47","modified_gmt":"2026-03-10T16:04:47","slug":"innovation-management-certified-specialist","status":"publish","type":"product","link":"https:\/\/cert.projectuminstitute.online\/pt\/product\/innovation-management-certified-specialist\/","title":{"rendered":"Earned Value Management Senior\u00a0eXpert"},"content":{"rendered":"<h3><span style=\"color: #1c3661;\"><strong>DETALHES<\/strong><\/span><\/h3>\n<p><span style=\"color: #1c3661;\"><strong>Nome Do Exame:<\/strong> Gest\u00e3o da inova\u00e7\u00e3o Certificado de Especialista IMCS<\/span><br \/>\n<span style=\"color: #1c3661;\"><strong>Formato Do Exame:<\/strong> As quest\u00f5es de m\u00faltipla escolha.<\/span><br \/>\n<span style=\"color: #1c3661;\"><strong>Exame De Entrega:<\/strong> Com base na Web (navegador), de livros fechados, sem a ajuda externa, cronometrado.<\/span><br \/>\n<span style=\"color: #1c3661;\"><strong>Exame De Dura\u00e7\u00e3o:<\/strong> Uma vez que o exame come\u00e7a, os candidatos ter\u00e3o 60 minutos para completar ele.<\/span><br \/>\n<span style=\"color: #1c3661;\"><strong>N\u00famero de Quest\u00f5es:<\/strong> 40.<\/span><br \/>\n<span style=\"color: #1c3661;\"><strong>Pontua\u00e7\u00e3o:<\/strong> 75%.<\/span><br \/>\n<span style=\"color: #1c3661;\"><strong>Idiomas Dispon\u00edveis:<\/strong> Ingl\u00eas e espanhol.<\/span><br \/>\n<span style=\"color: #1c3661;\"><strong>Pr\u00e9-requisitos:<\/strong> Nenhum.<\/span><br \/>\n<span style=\"color: #1c3661;\"><strong>Exame supervisionado:<\/strong> Online supervis\u00e3o<\/span><br \/>\n<span style=\"color: #1c3661;\"><strong>Certifica\u00e7\u00e3o De Expira\u00e7\u00e3o:<\/strong> 2 anos<\/span><\/p>","protected":false},"excerpt":{"rendered":"<p><span style=\"color: #1c3661;\">Tornar-se o l\u00edder vision\u00e1rio as organiza\u00e7\u00f5es precisam navegar por um mundo em constante mudan\u00e7a. Esta certifica\u00e7\u00e3o valida sua experi\u00eancia na identifica\u00e7\u00e3o de oportunidades emergentes, promovendo a criatividade e a execu\u00e7\u00e3o de processos de inova\u00e7\u00e3o que geram valor sustent\u00e1vel. Ele \u00e9 projetado para profissionais que afiaram as suas compet\u00eancias e agora est\u00e3o prontos para demonstrar formalmente a sua capacidade de transformar id\u00e9ias disruptivas em acion\u00e1veis estrat\u00e9gias e promover pr\u00f3spera ecossistemas de inova\u00e7\u00e3o.<\/span><\/p>\n<p><span style=\"color: #1c3661;\">Projetado para desbravadores ansioso para deixar um impacto duradouro, essa credencial confirma o seu estatuto como um foco no futuro arquiteto de mudan\u00e7a. Alavancar os seus conhecimentos validados para a unidade de solu\u00e7\u00f5es que redefinem ind\u00fastrias e garantir o sucesso a longo prazo em uma imprevis\u00edvel paisagem.<\/span><\/p>","protected":false},"featured_media":1326,"comment_status":"closed","ping_status":"closed","template":"","meta":{"_acf_changed":false},"product_brand":[],"product_cat":[21],"product_tag":[],"class_list":{"0":"post-526","1":"product","2":"type-product","3":"status-publish","4":"has-post-thumbnail","6":"product_cat-agile","8":"first","9":"instock","10":"shipping-taxable","11":"purchasable","12":"product-type-variable","13":"has-default-attributes"},"acf":[],"yoast_head":"<!-- This site is optimized with the Yoast SEO plugin v27.1.1 - https:\/\/yoast.com\/product\/yoast-seo-wordpress\/ -->\n<title>Free Innovation Management Certification | Verifiable Digital Badge<\/title>\n<meta name=\"description\" content=\"Get your Free Innovation Management Certification and earn a Verifiable Digital Badge to showcase your ability to lead creativity, change, and business transformation.\" \/>\n<meta name=\"robots\" content=\"index, follow, max-snippet:-1, max-image-preview:large, max-video-preview:-1\" \/>\n<link rel=\"canonical\" href=\"https:\/\/cert.projectuminstitute.online\/pt\/product\/innovation-management-certified-specialist\/\" \/>\n<meta property=\"og:locale\" content=\"pt_BR\" \/>\n<meta property=\"og:type\" content=\"article\" \/>\n<meta property=\"og:title\" content=\"Free Innovation Management Certification | Verifiable Digital Badge\" \/>\n<meta property=\"og:description\" content=\"Get your Free Innovation Management Certification and earn a Verifiable Digital Badge to showcase your ability to lead creativity, change, and business transformation.\" \/>\n<meta property=\"og:url\" content=\"https:\/\/cert.projectuminstitute.online\/pt\/product\/innovation-management-certified-specialist\/\" \/>\n<meta property=\"og:site_name\" content=\"Projectum Cert\" \/>\n<meta property=\"article:publisher\" content=\"https:\/\/www.facebook.com\/Projectumcert\" \/>\n<meta property=\"article:modified_time\" content=\"2026-03-10T16:04:47+00:00\" \/>\n<meta property=\"og:image\" content=\"https:\/\/cert.projectuminstitute.online\/wp-content\/uploads\/2025\/01\/innovacion_Mesa-de-trabajo-1-copia-22.png\" \/>\n\t<meta property=\"og:image:width\" content=\"637\" \/>\n\t<meta property=\"og:image:height\" content=\"641\" \/>\n\t<meta property=\"og:image:type\" content=\"image\/png\" \/>\n<meta name=\"twitter:card\" content=\"summary_large_image\" \/>\n<meta name=\"twitter:label1\" content=\"Est. tempo de leitura\" \/>\n\t<meta name=\"twitter:data1\" content=\"1 minuto\" \/>\n<script type=\"application\/ld+json\" class=\"yoast-schema-graph\">{\"@context\":\"https:\/\/schema.org\",\"@graph\":[{\"@type\":\"WebPage\",\"@id\":\"https:\/\/cert.projectuminstitute.online\/product\/innovation-management-certified-specialist\/\",\"url\":\"https:\/\/cert.projectuminstitute.online\/product\/innovation-management-certified-specialist\/\",\"name\":\"Free Innovation Management Certification | Verifiable Digital Badge\",\"isPartOf\":{\"@id\":\"https:\/\/cert.projectuminstitute.online\/#website\"},\"primaryImageOfPage\":{\"@id\":\"https:\/\/cert.projectuminstitute.online\/product\/innovation-management-certified-specialist\/#primaryimage\"},\"image\":{\"@id\":\"https:\/\/cert.projectuminstitute.online\/product\/innovation-management-certified-specialist\/#primaryimage\"},\"thumbnailUrl\":\"https:\/\/cert.projectuminstitute.online\/wp-content\/uploads\/2025\/01\/innovacion_Mesa-de-trabajo-1-copia-22.png\",\"datePublished\":\"2025-01-11T04:55:42+00:00\",\"dateModified\":\"2026-03-10T16:04:47+00:00\",\"description\":\"Get your Free Innovation Management Certification and earn a Verifiable Digital Badge to showcase your ability to lead creativity, change, and business transformation.\",\"breadcrumb\":{\"@id\":\"https:\/\/cert.projectuminstitute.online\/product\/innovation-management-certified-specialist\/#breadcrumb\"},\"inLanguage\":\"pt-BR\",\"potentialAction\":[{\"@type\":\"ReadAction\",\"target\":[\"https:\/\/cert.projectuminstitute.online\/product\/innovation-management-certified-specialist\/\"]}]},{\"@type\":\"ImageObject\",\"inLanguage\":\"pt-BR\",\"@id\":\"https:\/\/cert.projectuminstitute.online\/product\/innovation-management-certified-specialist\/#primaryimage\",\"url\":\"https:\/\/cert.projectuminstitute.online\/wp-content\/uploads\/2025\/01\/innovacion_Mesa-de-trabajo-1-copia-22.png\",\"contentUrl\":\"https:\/\/cert.projectuminstitute.online\/wp-content\/uploads\/2025\/01\/innovacion_Mesa-de-trabajo-1-copia-22.png\",\"width\":637,\"height\":641,\"caption\":\"certificacion-gestion-innovacion-proyectos-gratis\"},{\"@type\":\"BreadcrumbList\",\"@id\":\"https:\/\/cert.projectuminstitute.online\/product\/innovation-management-certified-specialist\/#breadcrumb\",\"itemListElement\":[{\"@type\":\"ListItem\",\"position\":1,\"name\":\"Home\",\"item\":\"https:\/\/cert.projectuminstitute.online\/\"},{\"@type\":\"ListItem\",\"position\":2,\"name\":\"Shop\",\"item\":\"https:\/\/cert.projectuminstitute.online\/shop\/\"},{\"@type\":\"ListItem\",\"position\":3,\"name\":\"Innovation Management Certified Specialist\"}]},{\"@type\":\"WebSite\",\"@id\":\"https:\/\/cert.projectuminstitute.online\/#website\",\"url\":\"https:\/\/cert.projectuminstitute.online\/\",\"name\":\"Projectum Cert\",\"description\":\"Projectum Cert\",\"publisher\":{\"@id\":\"https:\/\/cert.projectuminstitute.online\/#organization\"},\"potentialAction\":[{\"@type\":\"SearchAction\",\"target\":{\"@type\":\"EntryPoint\",\"urlTemplate\":\"https:\/\/cert.projectuminstitute.online\/?s={search_term_string}\"},\"query-input\":{\"@type\":\"PropertyValueSpecification\",\"valueRequired\":true,\"valueName\":\"search_term_string\"}}],\"inLanguage\":\"pt-BR\"},{\"@type\":\"Organization\",\"@id\":\"https:\/\/cert.projectuminstitute.online\/#organization\",\"name\":\"Projectum Cert\",\"url\":\"https:\/\/cert.projectuminstitute.online\/\",\"logo\":{\"@type\":\"ImageObject\",\"inLanguage\":\"pt-BR\",\"@id\":\"https:\/\/cert.projectuminstitute.online\/#\/schema\/logo\/image\/\",\"url\":\"https:\/\/cert.projectuminstitute.online\/wp-content\/uploads\/2024\/12\/PC_V-original.webp\",\"contentUrl\":\"https:\/\/cert.projectuminstitute.online\/wp-content\/uploads\/2024\/12\/PC_V-original.webp\",\"width\":500,\"height\":500,\"caption\":\"Projectum Cert\"},\"image\":{\"@id\":\"https:\/\/cert.projectuminstitute.online\/#\/schema\/logo\/image\/\"},\"sameAs\":[\"https:\/\/www.facebook.com\/Projectumcert\"]}]}<\/script>\n<!-- \/ Yoast SEO plugin. -->","yoast_head_json":{"title":"Livre De Gest\u00e3o De Inova\u00e7\u00e3o De Certifica\u00e7\u00e3o | Verific\u00e1veis Crach\u00e1 Digital","description":"Obter seu Gr\u00e1tis Inova\u00e7\u00e3o de Gest\u00e3o de Certifica\u00e7\u00e3o e ganhar um certificado Digital Emblema para mostrar a sua capacidade para conduzir a criatividade, mudan\u00e7a e transforma\u00e7\u00e3o de neg\u00f3cios.","robots":{"index":"index","follow":"follow","max-snippet":"max-snippet:-1","max-image-preview":"max-image-preview:large","max-video-preview":"max-video-preview:-1"},"canonical":"https:\/\/cert.projectuminstitute.online\/pt\/product\/innovation-management-certified-specialist\/","og_locale":"pt_BR","og_type":"article","og_title":"Free Innovation Management Certification | Verifiable Digital Badge","og_description":"Get your Free Innovation Management Certification and earn a Verifiable Digital Badge to showcase your ability to lead creativity, change, and business transformation.","og_url":"https:\/\/cert.projectuminstitute.online\/pt\/product\/innovation-management-certified-specialist\/","og_site_name":"Projectum Cert","article_publisher":"https:\/\/www.facebook.com\/Projectumcert","article_modified_time":"2026-03-10T16:04:47+00:00","og_image":[{"width":637,"height":641,"url":"https:\/\/cert.projectuminstitute.online\/wp-content\/uploads\/2025\/01\/innovacion_Mesa-de-trabajo-1-copia-22.png","type":"image\/png"}],"twitter_card":"summary_large_image","twitter_misc":{"Est. tempo de leitura":"1 minuto"},"schema":{"@context":"https:\/\/schema.org","@graph":[{"@type":"WebPage","@id":"https:\/\/cert.projectuminstitute.online\/product\/innovation-management-certified-specialist\/","url":"https:\/\/cert.projectuminstitute.online\/product\/innovation-management-certified-specialist\/","name":"Livre De Gest\u00e3o De Inova\u00e7\u00e3o De Certifica\u00e7\u00e3o | Verific\u00e1veis Crach\u00e1 Digital","isPartOf":{"@id":"https:\/\/cert.projectuminstitute.online\/#website"},"primaryImageOfPage":{"@id":"https:\/\/cert.projectuminstitute.online\/product\/innovation-management-certified-specialist\/#primaryimage"},"image":{"@id":"https:\/\/cert.projectuminstitute.online\/product\/innovation-management-certified-specialist\/#primaryimage"},"thumbnailUrl":"https:\/\/cert.projectuminstitute.online\/wp-content\/uploads\/2025\/01\/innovacion_Mesa-de-trabajo-1-copia-22.png","datePublished":"2025-01-11T04:55:42+00:00","dateModified":"2026-03-10T16:04:47+00:00","description":"Obter seu Gr\u00e1tis Inova\u00e7\u00e3o de Gest\u00e3o de Certifica\u00e7\u00e3o e ganhar um certificado Digital Emblema para mostrar a sua capacidade para conduzir a criatividade, mudan\u00e7a e transforma\u00e7\u00e3o de neg\u00f3cios.","breadcrumb":{"@id":"https:\/\/cert.projectuminstitute.online\/product\/innovation-management-certified-specialist\/#breadcrumb"},"inLanguage":"pt-BR","potentialAction":[{"@type":"ReadAction","target":["https:\/\/cert.projectuminstitute.online\/product\/innovation-management-certified-specialist\/"]}]},{"@type":"ImageObject","inLanguage":"pt-BR","@id":"https:\/\/cert.projectuminstitute.online\/product\/innovation-management-certified-specialist\/#primaryimage","url":"https:\/\/cert.projectuminstitute.online\/wp-content\/uploads\/2025\/01\/innovacion_Mesa-de-trabajo-1-copia-22.png","contentUrl":"https:\/\/cert.projectuminstitute.online\/wp-content\/uploads\/2025\/01\/innovacion_Mesa-de-trabajo-1-copia-22.png","width":637,"height":641,"caption":"certificacion-gestion-innovacion-proyectos-gratis"},{"@type":"BreadcrumbList","@id":"https:\/\/cert.projectuminstitute.online\/product\/innovation-management-certified-specialist\/#breadcrumb","itemListElement":[{"@type":"ListItem","position":1,"name":"Home","item":"https:\/\/cert.projectuminstitute.online\/"},{"@type":"ListItem","position":2,"name":"Shop","item":"https:\/\/cert.projectuminstitute.online\/shop\/"},{"@type":"ListItem","position":3,"name":"Innovation Management Certified Specialist"}]},{"@type":"WebSite","@id":"https:\/\/cert.projectuminstitute.online\/#website","url":"https:\/\/cert.projectuminstitute.online\/","name":"Projectum Cert","description":"Projectum Cert","publisher":{"@id":"https:\/\/cert.projectuminstitute.online\/#organization"},"potentialAction":[{"@type":"SearchAction","target":{"@type":"EntryPoint","urlTemplate":"https:\/\/cert.projectuminstitute.online\/?s={search_term_string}"},"query-input":{"@type":"PropertyValueSpecification","valueRequired":true,"valueName":"search_term_string"}}],"inLanguage":"pt-BR"},{"@type":"Organization","@id":"https:\/\/cert.projectuminstitute.online\/#organization","name":"Projectum Cert","url":"https:\/\/cert.projectuminstitute.online\/","logo":{"@type":"ImageObject","inLanguage":"pt-BR","@id":"https:\/\/cert.projectuminstitute.online\/#\/schema\/logo\/image\/","url":"https:\/\/cert.projectuminstitute.online\/wp-content\/uploads\/2024\/12\/PC_V-original.webp","contentUrl":"https:\/\/cert.projectuminstitute.online\/wp-content\/uploads\/2024\/12\/PC_V-original.webp","width":500,"height":500,"caption":"Projectum Cert"},"image":{"@id":"https:\/\/cert.projectuminstitute.online\/#\/schema\/logo\/image\/"},"sameAs":["https:\/\/www.facebook.com\/Projectumcert"]}]}},"_links":{"self":[{"href":"https:\/\/cert.projectuminstitute.online\/pt\/wp-json\/wp\/v2\/product\/526","targetHints":{"allow":["GET"]}}],"collection":[{"href":"https:\/\/cert.projectuminstitute.online\/pt\/wp-json\/wp\/v2\/product"}],"about":[{"href":"https:\/\/cert.projectuminstitute.online\/pt\/wp-json\/wp\/v2\/types\/product"}],"replies":[{"embeddable":true,"href":"https:\/\/cert.projectuminstitute.online\/pt\/wp-json\/wp\/v2\/comments?post=526"}],"wp:featuredmedia":[{"embeddable":true,"href":"https:\/\/cert.projectuminstitute.online\/pt\/wp-json\/wp\/v2\/media\/1326"}],"wp:attachment":[{"href":"https:\/\/cert.projectuminstitute.online\/pt\/wp-json\/wp\/v2\/media?parent=526"}],"wp:term":[{"taxonomy":"product_brand","embeddable":true,"href":"https:\/\/cert.projectuminstitute.online\/pt\/wp-json\/wp\/v2\/product_brand?post=526"},{"taxonomy":"product_cat","embeddable":true,"href":"https:\/\/cert.projectuminstitute.online\/pt\/wp-json\/wp\/v2\/product_cat?post=526"},{"taxonomy":"product_tag","embeddable":true,"href":"https:\/\/cert.projectuminstitute.online\/pt\/wp-json\/wp\/v2\/product_tag?post=526"}],"curies":[{"name":"wp","href":"https:\/\/api.w.org\/{rel}","templated":true}]}}