{"id":522,"date":"2025-01-12T02:34:38","date_gmt":"2025-01-12T02:34:38","guid":{"rendered":"https:\/\/projectumcert.mamzitsolutions.com\/?post_type=product&#038;p=522"},"modified":"2026-03-10T10:49:27","modified_gmt":"2026-03-10T15:49:27","slug":"product-owner-certified-specialist","status":"publish","type":"product","link":"https:\/\/cert.projectuminstitute.online\/pt\/product\/product-owner-certified-specialist\/","title":{"rendered":"Product Owner Certified Specialist"},"content":{"rendered":"<h3><span style=\"color: #1c3661;\"><strong>DETALHES<\/strong><\/span><\/h3>\n<p><span style=\"color: #1c3661;\"><strong>Nome Do Exame:<\/strong> Produto Propriet\u00e1rio do Certificado de Especialista POC<\/span><br \/>\n<span style=\"color: #1c3661;\"><strong>Formato Do Exame:<\/strong> As quest\u00f5es de m\u00faltipla escolha.<\/span><br \/>\n<span style=\"color: #1c3661;\"><strong>Exame De Entrega:<\/strong> Com base na Web (navegador), de livros fechados, sem a ajuda externa, cronometrado.<\/span><br \/>\n<span style=\"color: #1c3661;\"><strong>Exame De Dura\u00e7\u00e3o:<\/strong> Uma vez que o exame come\u00e7a, os candidatos ter\u00e3o 60 minutos para conclu\u00ed-lo.<\/span><br \/>\n<span style=\"color: #1c3661;\"><strong>N\u00famero de Quest\u00f5es:<\/strong> 40.<\/span><br \/>\n<span style=\"color: #1c3661;\"><strong>Pontua\u00e7\u00e3o:<\/strong> 75%.<\/span><br \/>\n<span style=\"color: #1c3661;\"><strong>Idiomas Dispon\u00edveis:<\/strong> Ingl\u00eas e espanhol.<\/span><br \/>\n<span style=\"color: #1c3661;\"><strong>Pr\u00e9-requisitos:<\/strong> Nenhum.<\/span><br \/>\n<span style=\"color: #1c3661;\"><strong>Exame supervisionado:<\/strong> Online supervis\u00e3o<\/span><br \/>\n<span style=\"color: #1c3661;\"><strong>Certifica\u00e7\u00e3o De Expira\u00e7\u00e3o:<\/strong> 2 anos<\/span><\/p>","protected":false},"excerpt":{"rendered":"<p><span style=\"color: #1c3661;\">Melhorar a sua lideran\u00e7a estrat\u00e9gica com o Propriet\u00e1rio do Produto de Especialista Certificado de certifica\u00e7\u00e3o. Essa credencial, valida a sua experi\u00eancia como a verdadeira voz do cliente dentro do framework Scrum. Como um Produto Propriet\u00e1rio, transformar insights do mercado e ideias de neg\u00f3cio em inovadores, de alto impacto, produtos que, de maneira consistente e mensur\u00e1vel valor e incentivar a melhoria cont\u00ednua.<\/span><\/p>\n<p><span style=\"color: #1c3661;\">Esta certifica\u00e7\u00e3o confirma a sua capacidade de agir como essenciais ponte entre as partes interessadas e a equipe Scrum, reconhecendo a sua profici\u00eancia no trabalho de prioriza\u00e7\u00e3o e eficaz lista de pend\u00eancias de gest\u00e3o para maximizar o retorno sobre o investimento. Abra\u00e7ar este reconhecimento de seu agile excel\u00eancia e conduzir com confian\u00e7a na din\u00e2mica, centrada no cliente ambientes.<\/span><\/p>","protected":false},"featured_media":1323,"comment_status":"closed","ping_status":"closed","template":"","meta":{"_acf_changed":false},"product_brand":[],"product_cat":[20],"product_tag":[],"class_list":{"0":"post-522","1":"product","2":"type-product","3":"status-publish","4":"has-post-thumbnail","6":"product_cat-scrum","8":"first","9":"instock","10":"shipping-taxable","11":"purchasable","12":"product-type-variable","13":"has-default-attributes"},"acf":[],"yoast_head":"<!-- This site is optimized with the Yoast SEO plugin v27.1.1 - https:\/\/yoast.com\/product\/yoast-seo-wordpress\/ -->\n<title>Free Product Owner Certification | Digital Badge<\/title>\n<meta name=\"description\" content=\"Get your Free Product Owner Certification and earn a Digital Badge to showcase your skills in agile product management and value delivery.\" \/>\n<meta name=\"robots\" content=\"index, follow, max-snippet:-1, max-image-preview:large, max-video-preview:-1\" \/>\n<link rel=\"canonical\" href=\"https:\/\/cert.projectuminstitute.online\/pt\/product\/product-owner-certified-specialist\/\" \/>\n<meta property=\"og:locale\" content=\"pt_BR\" \/>\n<meta property=\"og:type\" content=\"article\" \/>\n<meta property=\"og:title\" content=\"Free Product Owner Certification | Digital Badge\" \/>\n<meta property=\"og:description\" content=\"Get your Free Product Owner Certification and earn a Digital Badge to showcase your skills in agile product management and value delivery.\" \/>\n<meta property=\"og:url\" content=\"https:\/\/cert.projectuminstitute.online\/pt\/product\/product-owner-certified-specialist\/\" \/>\n<meta property=\"og:site_name\" content=\"Projectum Cert\" \/>\n<meta property=\"article:publisher\" content=\"https:\/\/www.facebook.com\/Projectumcert\" \/>\n<meta property=\"article:modified_time\" content=\"2026-03-10T15:49:27+00:00\" \/>\n<meta property=\"og:image\" content=\"https:\/\/cert.projectuminstitute.online\/wp-content\/uploads\/2025\/01\/Product-Owner_Mesa-de-trabajo-1-copia-13.png\" \/>\n\t<meta property=\"og:image:width\" content=\"620\" \/>\n\t<meta property=\"og:image:height\" content=\"640\" \/>\n\t<meta property=\"og:image:type\" content=\"image\/png\" \/>\n<meta name=\"twitter:card\" content=\"summary_large_image\" \/>\n<meta name=\"twitter:label1\" content=\"Est. tempo de leitura\" \/>\n\t<meta name=\"twitter:data1\" content=\"1 minuto\" \/>\n<script type=\"application\/ld+json\" class=\"yoast-schema-graph\">{\"@context\":\"https:\/\/schema.org\",\"@graph\":[{\"@type\":\"WebPage\",\"@id\":\"https:\/\/cert.projectuminstitute.online\/product\/product-owner-certified-specialist\/\",\"url\":\"https:\/\/cert.projectuminstitute.online\/product\/product-owner-certified-specialist\/\",\"name\":\"Free Product Owner Certification | Digital Badge\",\"isPartOf\":{\"@id\":\"https:\/\/cert.projectuminstitute.online\/#website\"},\"primaryImageOfPage\":{\"@id\":\"https:\/\/cert.projectuminstitute.online\/product\/product-owner-certified-specialist\/#primaryimage\"},\"image\":{\"@id\":\"https:\/\/cert.projectuminstitute.online\/product\/product-owner-certified-specialist\/#primaryimage\"},\"thumbnailUrl\":\"https:\/\/cert.projectuminstitute.online\/wp-content\/uploads\/2025\/01\/Product-Owner_Mesa-de-trabajo-1-copia-13.png\",\"datePublished\":\"2025-01-12T02:34:38+00:00\",\"dateModified\":\"2026-03-10T15:49:27+00:00\",\"description\":\"Get your Free Product Owner Certification and earn a Digital Badge to showcase your skills in agile product management and value delivery.\",\"breadcrumb\":{\"@id\":\"https:\/\/cert.projectuminstitute.online\/product\/product-owner-certified-specialist\/#breadcrumb\"},\"inLanguage\":\"pt-BR\",\"potentialAction\":[{\"@type\":\"ReadAction\",\"target\":[\"https:\/\/cert.projectuminstitute.online\/product\/product-owner-certified-specialist\/\"]}]},{\"@type\":\"ImageObject\",\"inLanguage\":\"pt-BR\",\"@id\":\"https:\/\/cert.projectuminstitute.online\/product\/product-owner-certified-specialist\/#primaryimage\",\"url\":\"https:\/\/cert.projectuminstitute.online\/wp-content\/uploads\/2025\/01\/Product-Owner_Mesa-de-trabajo-1-copia-13.png\",\"contentUrl\":\"https:\/\/cert.projectuminstitute.online\/wp-content\/uploads\/2025\/01\/Product-Owner_Mesa-de-trabajo-1-copia-13.png\",\"width\":620,\"height\":640,\"caption\":\"certificacion-scrum-product-owner-gratis\"},{\"@type\":\"BreadcrumbList\",\"@id\":\"https:\/\/cert.projectuminstitute.online\/product\/product-owner-certified-specialist\/#breadcrumb\",\"itemListElement\":[{\"@type\":\"ListItem\",\"position\":1,\"name\":\"Home\",\"item\":\"https:\/\/cert.projectuminstitute.online\/\"},{\"@type\":\"ListItem\",\"position\":2,\"name\":\"Shop\",\"item\":\"https:\/\/cert.projectuminstitute.online\/shop\/\"},{\"@type\":\"ListItem\",\"position\":3,\"name\":\"Product Owner Certified Specialist\"}]},{\"@type\":\"WebSite\",\"@id\":\"https:\/\/cert.projectuminstitute.online\/#website\",\"url\":\"https:\/\/cert.projectuminstitute.online\/\",\"name\":\"Projectum Cert\",\"description\":\"Projectum Cert\",\"publisher\":{\"@id\":\"https:\/\/cert.projectuminstitute.online\/#organization\"},\"potentialAction\":[{\"@type\":\"SearchAction\",\"target\":{\"@type\":\"EntryPoint\",\"urlTemplate\":\"https:\/\/cert.projectuminstitute.online\/?s={search_term_string}\"},\"query-input\":{\"@type\":\"PropertyValueSpecification\",\"valueRequired\":true,\"valueName\":\"search_term_string\"}}],\"inLanguage\":\"pt-BR\"},{\"@type\":\"Organization\",\"@id\":\"https:\/\/cert.projectuminstitute.online\/#organization\",\"name\":\"Projectum Cert\",\"url\":\"https:\/\/cert.projectuminstitute.online\/\",\"logo\":{\"@type\":\"ImageObject\",\"inLanguage\":\"pt-BR\",\"@id\":\"https:\/\/cert.projectuminstitute.online\/#\/schema\/logo\/image\/\",\"url\":\"https:\/\/cert.projectuminstitute.online\/wp-content\/uploads\/2024\/12\/PC_V-original.webp\",\"contentUrl\":\"https:\/\/cert.projectuminstitute.online\/wp-content\/uploads\/2024\/12\/PC_V-original.webp\",\"width\":500,\"height\":500,\"caption\":\"Projectum Cert\"},\"image\":{\"@id\":\"https:\/\/cert.projectuminstitute.online\/#\/schema\/logo\/image\/\"},\"sameAs\":[\"https:\/\/www.facebook.com\/Projectumcert\"]}]}<\/script>\n<!-- \/ Yoast SEO plugin. -->","yoast_head_json":{"title":"Produto Livre Propriet\u00e1rio De Certifica\u00e7\u00e3o Digital E | Ou Emblema Do","description":"Obter seu Gr\u00e1tis Propriet\u00e1rio do Produto de Certifica\u00e7\u00e3o e ganhar um Crach\u00e1 Digital para mostrar as suas habilidades em gest\u00e3o de produto \u00e1gil e entrega de valor.","robots":{"index":"index","follow":"follow","max-snippet":"max-snippet:-1","max-image-preview":"max-image-preview:large","max-video-preview":"max-video-preview:-1"},"canonical":"https:\/\/cert.projectuminstitute.online\/pt\/product\/product-owner-certified-specialist\/","og_locale":"pt_BR","og_type":"article","og_title":"Free Product Owner Certification | Digital Badge","og_description":"Get your Free Product Owner Certification and earn a Digital Badge to showcase your skills in agile product management and value delivery.","og_url":"https:\/\/cert.projectuminstitute.online\/pt\/product\/product-owner-certified-specialist\/","og_site_name":"Projectum Cert","article_publisher":"https:\/\/www.facebook.com\/Projectumcert","article_modified_time":"2026-03-10T15:49:27+00:00","og_image":[{"width":620,"height":640,"url":"https:\/\/cert.projectuminstitute.online\/wp-content\/uploads\/2025\/01\/Product-Owner_Mesa-de-trabajo-1-copia-13.png","type":"image\/png"}],"twitter_card":"summary_large_image","twitter_misc":{"Est. tempo de leitura":"1 minuto"},"schema":{"@context":"https:\/\/schema.org","@graph":[{"@type":"WebPage","@id":"https:\/\/cert.projectuminstitute.online\/product\/product-owner-certified-specialist\/","url":"https:\/\/cert.projectuminstitute.online\/product\/product-owner-certified-specialist\/","name":"Produto Livre Propriet\u00e1rio De Certifica\u00e7\u00e3o Digital E | Ou Emblema Do","isPartOf":{"@id":"https:\/\/cert.projectuminstitute.online\/#website"},"primaryImageOfPage":{"@id":"https:\/\/cert.projectuminstitute.online\/product\/product-owner-certified-specialist\/#primaryimage"},"image":{"@id":"https:\/\/cert.projectuminstitute.online\/product\/product-owner-certified-specialist\/#primaryimage"},"thumbnailUrl":"https:\/\/cert.projectuminstitute.online\/wp-content\/uploads\/2025\/01\/Product-Owner_Mesa-de-trabajo-1-copia-13.png","datePublished":"2025-01-12T02:34:38+00:00","dateModified":"2026-03-10T15:49:27+00:00","description":"Obter seu Gr\u00e1tis Propriet\u00e1rio do Produto de Certifica\u00e7\u00e3o e ganhar um Crach\u00e1 Digital para mostrar as suas habilidades em gest\u00e3o de produto \u00e1gil e entrega de valor.","breadcrumb":{"@id":"https:\/\/cert.projectuminstitute.online\/product\/product-owner-certified-specialist\/#breadcrumb"},"inLanguage":"pt-BR","potentialAction":[{"@type":"ReadAction","target":["https:\/\/cert.projectuminstitute.online\/product\/product-owner-certified-specialist\/"]}]},{"@type":"ImageObject","inLanguage":"pt-BR","@id":"https:\/\/cert.projectuminstitute.online\/product\/product-owner-certified-specialist\/#primaryimage","url":"https:\/\/cert.projectuminstitute.online\/wp-content\/uploads\/2025\/01\/Product-Owner_Mesa-de-trabajo-1-copia-13.png","contentUrl":"https:\/\/cert.projectuminstitute.online\/wp-content\/uploads\/2025\/01\/Product-Owner_Mesa-de-trabajo-1-copia-13.png","width":620,"height":640,"caption":"certificacion-scrum-product-owner-gratis"},{"@type":"BreadcrumbList","@id":"https:\/\/cert.projectuminstitute.online\/product\/product-owner-certified-specialist\/#breadcrumb","itemListElement":[{"@type":"ListItem","position":1,"name":"Home","item":"https:\/\/cert.projectuminstitute.online\/"},{"@type":"ListItem","position":2,"name":"Shop","item":"https:\/\/cert.projectuminstitute.online\/shop\/"},{"@type":"ListItem","position":3,"name":"Product Owner Certified Specialist"}]},{"@type":"WebSite","@id":"https:\/\/cert.projectuminstitute.online\/#website","url":"https:\/\/cert.projectuminstitute.online\/","name":"Projectum Cert","description":"Projectum Cert","publisher":{"@id":"https:\/\/cert.projectuminstitute.online\/#organization"},"potentialAction":[{"@type":"SearchAction","target":{"@type":"EntryPoint","urlTemplate":"https:\/\/cert.projectuminstitute.online\/?s={search_term_string}"},"query-input":{"@type":"PropertyValueSpecification","valueRequired":true,"valueName":"search_term_string"}}],"inLanguage":"pt-BR"},{"@type":"Organization","@id":"https:\/\/cert.projectuminstitute.online\/#organization","name":"Projectum Cert","url":"https:\/\/cert.projectuminstitute.online\/","logo":{"@type":"ImageObject","inLanguage":"pt-BR","@id":"https:\/\/cert.projectuminstitute.online\/#\/schema\/logo\/image\/","url":"https:\/\/cert.projectuminstitute.online\/wp-content\/uploads\/2024\/12\/PC_V-original.webp","contentUrl":"https:\/\/cert.projectuminstitute.online\/wp-content\/uploads\/2024\/12\/PC_V-original.webp","width":500,"height":500,"caption":"Projectum Cert"},"image":{"@id":"https:\/\/cert.projectuminstitute.online\/#\/schema\/logo\/image\/"},"sameAs":["https:\/\/www.facebook.com\/Projectumcert"]}]}},"_links":{"self":[{"href":"https:\/\/cert.projectuminstitute.online\/pt\/wp-json\/wp\/v2\/product\/522","targetHints":{"allow":["GET"]}}],"collection":[{"href":"https:\/\/cert.projectuminstitute.online\/pt\/wp-json\/wp\/v2\/product"}],"about":[{"href":"https:\/\/cert.projectuminstitute.online\/pt\/wp-json\/wp\/v2\/types\/product"}],"replies":[{"embeddable":true,"href":"https:\/\/cert.projectuminstitute.online\/pt\/wp-json\/wp\/v2\/comments?post=522"}],"wp:featuredmedia":[{"embeddable":true,"href":"https:\/\/cert.projectuminstitute.online\/pt\/wp-json\/wp\/v2\/media\/1323"}],"wp:attachment":[{"href":"https:\/\/cert.projectuminstitute.online\/pt\/wp-json\/wp\/v2\/media?parent=522"}],"wp:term":[{"taxonomy":"product_brand","embeddable":true,"href":"https:\/\/cert.projectuminstitute.online\/pt\/wp-json\/wp\/v2\/product_brand?post=522"},{"taxonomy":"product_cat","embeddable":true,"href":"https:\/\/cert.projectuminstitute.online\/pt\/wp-json\/wp\/v2\/product_cat?post=522"},{"taxonomy":"product_tag","embeddable":true,"href":"https:\/\/cert.projectuminstitute.online\/pt\/wp-json\/wp\/v2\/product_tag?post=522"}],"curies":[{"name":"wp","href":"https:\/\/api.w.org\/{rel}","templated":true}]}}