{"id":2438,"date":"2025-04-21T21:12:37","date_gmt":"2025-04-22T02:12:37","guid":{"rendered":"https:\/\/cert.projectuminstitute.online\/?post_type=product&#038;p=2438"},"modified":"2026-03-10T10:09:54","modified_gmt":"2026-03-10T15:09:54","slug":"project-management-office-senior-expert","status":"publish","type":"product","link":"https:\/\/cert.projectuminstitute.online\/pt\/product\/project-management-office-senior-expert\/","title":{"rendered":"Project Management Office Senior eXpert"},"content":{"rendered":"<h3><span style=\"color: #1c3661;\"><strong>DETALHES<\/strong> <\/span><\/h3>\n<p><span style=\"color: #1c3661;\"><strong>Nome Do Exame:<\/strong> Escrit\u00f3rio de Gerenciamento de projetos S\u00eanior especialista (PMO-SX)<\/span><br \/>\n<span style=\"color: #1c3661;\"><strong>Formato Do Exame<\/strong>: Perguntas de m\u00faltipla escolha.<\/span><br \/>\n<span style=\"color: #1c3661;\"><strong>Exame De Entrega:<\/strong> Com base na Web (navegador), de livros fechados, sem a ajuda externa, cronometrado.<\/span><br \/>\n<span style=\"color: #1c3661;\"><strong>Exame De Dura\u00e7\u00e3o:<\/strong> Uma vez que o exame come\u00e7a, os candidatos ter\u00e3o 60 minutos para conclu\u00ed-lo.<\/span><br \/>\n<span style=\"color: #1c3661;\"><strong>N\u00famero de Quest\u00f5es:<\/strong> 40.<\/span><br \/>\n<span style=\"color: #1c3661;\"><strong>Pontua\u00e7\u00e3o:<\/strong> 75%.<\/span><br \/>\n<span style=\"color: #1c3661;\"><strong>Idiomas Dispon\u00edveis:<\/strong> Ingl\u00eas, espanhol, franc\u00eas e portugu\u00eas.<\/span><br \/>\n<strong><span style=\"color: #1c3661;\">Pr\u00e9-requisitos:<\/span><\/strong><br \/>\n<span style=\"color: #1c3661;\">\u2022 Pelo menos de 7 a 10 anos de experi\u00eancia em lideran\u00e7a ou contribuir para projetos desafiadores.<\/span><br \/>\n<span style=\"color: #1c3661;\">\u2022 A conclus\u00e3o de uma licenciatura (curso de bacharelado ou de n\u00edvel superior).<\/span><br \/>\n<span style=\"color: #1c3661;\">\u2022 Um m\u00ednimo de 80 horas de formal de gest\u00e3o de projetos de forma\u00e7\u00e3o.<\/span><br \/>\n<span style=\"color: #1c3661;\">\u2022 Um p\u00fablico de perfil do LinkedIn mostrando projecto relevante experi\u00eancia profissional e endossos.<\/span><br \/>\n<span style=\"color: #1c3661;\"><strong>Exame supervisionado:<\/strong> Online supervis\u00e3o<\/span><br \/>\n<span style=\"color: #1c3661;\"><strong>Certifica\u00e7\u00e3o De Expira\u00e7\u00e3o:<\/strong>\u00a02 anos<\/span><\/p>","protected":false},"excerpt":{"rendered":"<p><span style=\"color: #1c3661;\">Um PMO (Project Management Office) \u00e9 um sistema centralizado equipa que assegura o \u00eaxito de resultados do projeto. O PMO paisagem varia de Apoio para o Controle e a Directiva, cada uma com diferentes fun\u00e7\u00f5es com base nas necessidades organizacionais. <\/span><span style=\"color: #1c3661;\">Algumas certifica\u00e7\u00f5es reclama\u00e7\u00e3o para validar experi\u00eancia em PMO, mas elas precisam apenas de qualifica\u00e7\u00f5es de base, um m\u00ednimo de forma\u00e7\u00e3o, ou de um diploma do ensino m\u00e9dio, sem a necessidade de um diploma universit\u00e1rio ou vasta experi\u00eancia em lideran\u00e7a. <\/span><span style=\"color: #1c3661;\">O PMO-SX, Escrit\u00f3rio de Gerenciamento de projetos S\u00eanior especialista destaca-se como uma certifica\u00e7\u00e3o global que exigem a conclus\u00e3o de uma licenciatura, amplo projeto de forma\u00e7\u00e3o em gest\u00e3o e significativa m\u00e3os no PMO experi\u00eancia. Os candidatos devem demonstrar um entendimento completo sobre o valor de um PMO oferece em diversos ambientes organizacionais. <\/span><span style=\"color: #1c3661;\">Esta certifica\u00e7\u00e3o n\u00e3o \u00e9 sobre o potencial que representa comprovada capacidade, conhecimentos avan\u00e7ados e de alto n\u00edvel de lideran\u00e7a<\/span><\/p>","protected":false},"featured_media":2442,"comment_status":"closed","ping_status":"closed","template":"","meta":{"_acf_changed":false},"product_brand":[],"product_cat":[22],"product_tag":[],"class_list":{"0":"post-2438","1":"product","2":"type-product","3":"status-publish","4":"has-post-thumbnail","6":"product_cat-project-management","8":"first","9":"instock","10":"shipping-taxable","11":"product-type-simple"},"acf":[],"yoast_head":"<!-- This site is optimized with the Yoast SEO plugin v27.1.1 - https:\/\/yoast.com\/product\/yoast-seo-wordpress\/ -->\n<title>Free PMO Certification | Verifiable Digital Badge<\/title>\n<meta name=\"description\" content=\"Get your Project Management Office Certification and earn a Verifiable Digital Badge to prove your ability to design, implement, and lead a successful PMO.\" \/>\n<meta name=\"robots\" content=\"index, follow, max-snippet:-1, max-image-preview:large, max-video-preview:-1\" \/>\n<link rel=\"canonical\" href=\"https:\/\/cert.projectuminstitute.online\/pt\/product\/project-management-office-senior-expert\/\" \/>\n<meta property=\"og:locale\" content=\"pt_BR\" \/>\n<meta property=\"og:type\" content=\"article\" \/>\n<meta property=\"og:title\" content=\"Free PMO Certification | Verifiable Digital Badge\" \/>\n<meta property=\"og:description\" content=\"Get your Project Management Office Certification and earn a Verifiable Digital Badge to prove your ability to design, implement, and lead a successful PMO.\" \/>\n<meta property=\"og:url\" content=\"https:\/\/cert.projectuminstitute.online\/pt\/product\/project-management-office-senior-expert\/\" \/>\n<meta property=\"og:site_name\" content=\"Projectum Cert\" \/>\n<meta property=\"article:publisher\" content=\"https:\/\/www.facebook.com\/Projectumcert\" \/>\n<meta property=\"article:modified_time\" content=\"2026-03-10T15:09:54+00:00\" \/>\n<meta property=\"og:image\" content=\"https:\/\/cert.projectuminstitute.online\/wp-content\/uploads\/2025\/04\/pmo-sx-1.webp\" \/>\n\t<meta property=\"og:image:width\" content=\"295\" \/>\n\t<meta property=\"og:image:height\" content=\"308\" \/>\n\t<meta property=\"og:image:type\" content=\"image\/webp\" \/>\n<meta name=\"twitter:card\" content=\"summary_large_image\" \/>\n<meta name=\"twitter:label1\" content=\"Est. tempo de leitura\" \/>\n\t<meta name=\"twitter:data1\" content=\"1 minuto\" \/>\n<script type=\"application\/ld+json\" class=\"yoast-schema-graph\">{\"@context\":\"https:\/\/schema.org\",\"@graph\":[{\"@type\":\"WebPage\",\"@id\":\"https:\/\/cert.projectuminstitute.online\/product\/project-management-office-senior-expert\/\",\"url\":\"https:\/\/cert.projectuminstitute.online\/product\/project-management-office-senior-expert\/\",\"name\":\"Free PMO Certification | Verifiable Digital Badge\",\"isPartOf\":{\"@id\":\"https:\/\/cert.projectuminstitute.online\/#website\"},\"primaryImageOfPage\":{\"@id\":\"https:\/\/cert.projectuminstitute.online\/product\/project-management-office-senior-expert\/#primaryimage\"},\"image\":{\"@id\":\"https:\/\/cert.projectuminstitute.online\/product\/project-management-office-senior-expert\/#primaryimage\"},\"thumbnailUrl\":\"https:\/\/cert.projectuminstitute.online\/wp-content\/uploads\/2025\/04\/pmo-sx-1.webp\",\"datePublished\":\"2025-04-22T02:12:37+00:00\",\"dateModified\":\"2026-03-10T15:09:54+00:00\",\"description\":\"Get your Project Management Office Certification and earn a Verifiable Digital Badge to prove your ability to design, implement, and lead a successful PMO.\",\"breadcrumb\":{\"@id\":\"https:\/\/cert.projectuminstitute.online\/product\/project-management-office-senior-expert\/#breadcrumb\"},\"inLanguage\":\"pt-BR\",\"potentialAction\":[{\"@type\":\"ReadAction\",\"target\":[\"https:\/\/cert.projectuminstitute.online\/product\/project-management-office-senior-expert\/\"]}]},{\"@type\":\"ImageObject\",\"inLanguage\":\"pt-BR\",\"@id\":\"https:\/\/cert.projectuminstitute.online\/product\/project-management-office-senior-expert\/#primaryimage\",\"url\":\"https:\/\/cert.projectuminstitute.online\/wp-content\/uploads\/2025\/04\/pmo-sx-1.webp\",\"contentUrl\":\"https:\/\/cert.projectuminstitute.online\/wp-content\/uploads\/2025\/04\/pmo-sx-1.webp\",\"width\":295,\"height\":308},{\"@type\":\"BreadcrumbList\",\"@id\":\"https:\/\/cert.projectuminstitute.online\/product\/project-management-office-senior-expert\/#breadcrumb\",\"itemListElement\":[{\"@type\":\"ListItem\",\"position\":1,\"name\":\"Home\",\"item\":\"https:\/\/cert.projectuminstitute.online\/\"},{\"@type\":\"ListItem\",\"position\":2,\"name\":\"Shop\",\"item\":\"https:\/\/cert.projectuminstitute.online\/shop\/\"},{\"@type\":\"ListItem\",\"position\":3,\"name\":\"Project Management Office Senior eXpert\"}]},{\"@type\":\"WebSite\",\"@id\":\"https:\/\/cert.projectuminstitute.online\/#website\",\"url\":\"https:\/\/cert.projectuminstitute.online\/\",\"name\":\"Projectum Cert\",\"description\":\"Projectum Cert\",\"publisher\":{\"@id\":\"https:\/\/cert.projectuminstitute.online\/#organization\"},\"potentialAction\":[{\"@type\":\"SearchAction\",\"target\":{\"@type\":\"EntryPoint\",\"urlTemplate\":\"https:\/\/cert.projectuminstitute.online\/?s={search_term_string}\"},\"query-input\":{\"@type\":\"PropertyValueSpecification\",\"valueRequired\":true,\"valueName\":\"search_term_string\"}}],\"inLanguage\":\"pt-BR\"},{\"@type\":\"Organization\",\"@id\":\"https:\/\/cert.projectuminstitute.online\/#organization\",\"name\":\"Projectum Cert\",\"url\":\"https:\/\/cert.projectuminstitute.online\/\",\"logo\":{\"@type\":\"ImageObject\",\"inLanguage\":\"pt-BR\",\"@id\":\"https:\/\/cert.projectuminstitute.online\/#\/schema\/logo\/image\/\",\"url\":\"https:\/\/cert.projectuminstitute.online\/wp-content\/uploads\/2024\/12\/PC_V-original.webp\",\"contentUrl\":\"https:\/\/cert.projectuminstitute.online\/wp-content\/uploads\/2024\/12\/PC_V-original.webp\",\"width\":500,\"height\":500,\"caption\":\"Projectum Cert\"},\"image\":{\"@id\":\"https:\/\/cert.projectuminstitute.online\/#\/schema\/logo\/image\/\"},\"sameAs\":[\"https:\/\/www.facebook.com\/Projectumcert\"]}]}<\/script>\n<!-- \/ Yoast SEO plugin. -->","yoast_head_json":{"title":"Livre PMO de Certifica\u00e7\u00e3o | Verific\u00e1veis Crach\u00e1 Digital","description":"O Projecto do Gabinete de Gest\u00e3o de Certifica\u00e7\u00e3o e ganhar um certificado Digital Emblema para provar a sua capacidade para projetar, implementar e conduzir o sucesso de um PMO.","robots":{"index":"index","follow":"follow","max-snippet":"max-snippet:-1","max-image-preview":"max-image-preview:large","max-video-preview":"max-video-preview:-1"},"canonical":"https:\/\/cert.projectuminstitute.online\/pt\/product\/project-management-office-senior-expert\/","og_locale":"pt_BR","og_type":"article","og_title":"Free PMO Certification | Verifiable Digital Badge","og_description":"Get your Project Management Office Certification and earn a Verifiable Digital Badge to prove your ability to design, implement, and lead a successful PMO.","og_url":"https:\/\/cert.projectuminstitute.online\/pt\/product\/project-management-office-senior-expert\/","og_site_name":"Projectum Cert","article_publisher":"https:\/\/www.facebook.com\/Projectumcert","article_modified_time":"2026-03-10T15:09:54+00:00","og_image":[{"width":295,"height":308,"url":"https:\/\/cert.projectuminstitute.online\/wp-content\/uploads\/2025\/04\/pmo-sx-1.webp","type":"image\/webp"}],"twitter_card":"summary_large_image","twitter_misc":{"Est. tempo de leitura":"1 minuto"},"schema":{"@context":"https:\/\/schema.org","@graph":[{"@type":"WebPage","@id":"https:\/\/cert.projectuminstitute.online\/product\/project-management-office-senior-expert\/","url":"https:\/\/cert.projectuminstitute.online\/product\/project-management-office-senior-expert\/","name":"Livre PMO de Certifica\u00e7\u00e3o | Verific\u00e1veis Crach\u00e1 Digital","isPartOf":{"@id":"https:\/\/cert.projectuminstitute.online\/#website"},"primaryImageOfPage":{"@id":"https:\/\/cert.projectuminstitute.online\/product\/project-management-office-senior-expert\/#primaryimage"},"image":{"@id":"https:\/\/cert.projectuminstitute.online\/product\/project-management-office-senior-expert\/#primaryimage"},"thumbnailUrl":"https:\/\/cert.projectuminstitute.online\/wp-content\/uploads\/2025\/04\/pmo-sx-1.webp","datePublished":"2025-04-22T02:12:37+00:00","dateModified":"2026-03-10T15:09:54+00:00","description":"O Projecto do Gabinete de Gest\u00e3o de Certifica\u00e7\u00e3o e ganhar um certificado Digital Emblema para provar a sua capacidade para projetar, implementar e conduzir o sucesso de um PMO.","breadcrumb":{"@id":"https:\/\/cert.projectuminstitute.online\/product\/project-management-office-senior-expert\/#breadcrumb"},"inLanguage":"pt-BR","potentialAction":[{"@type":"ReadAction","target":["https:\/\/cert.projectuminstitute.online\/product\/project-management-office-senior-expert\/"]}]},{"@type":"ImageObject","inLanguage":"pt-BR","@id":"https:\/\/cert.projectuminstitute.online\/product\/project-management-office-senior-expert\/#primaryimage","url":"https:\/\/cert.projectuminstitute.online\/wp-content\/uploads\/2025\/04\/pmo-sx-1.webp","contentUrl":"https:\/\/cert.projectuminstitute.online\/wp-content\/uploads\/2025\/04\/pmo-sx-1.webp","width":295,"height":308},{"@type":"BreadcrumbList","@id":"https:\/\/cert.projectuminstitute.online\/product\/project-management-office-senior-expert\/#breadcrumb","itemListElement":[{"@type":"ListItem","position":1,"name":"Home","item":"https:\/\/cert.projectuminstitute.online\/"},{"@type":"ListItem","position":2,"name":"Shop","item":"https:\/\/cert.projectuminstitute.online\/shop\/"},{"@type":"ListItem","position":3,"name":"Project Management Office Senior eXpert"}]},{"@type":"WebSite","@id":"https:\/\/cert.projectuminstitute.online\/#website","url":"https:\/\/cert.projectuminstitute.online\/","name":"Projectum Cert","description":"Projectum Cert","publisher":{"@id":"https:\/\/cert.projectuminstitute.online\/#organization"},"potentialAction":[{"@type":"SearchAction","target":{"@type":"EntryPoint","urlTemplate":"https:\/\/cert.projectuminstitute.online\/?s={search_term_string}"},"query-input":{"@type":"PropertyValueSpecification","valueRequired":true,"valueName":"search_term_string"}}],"inLanguage":"pt-BR"},{"@type":"Organization","@id":"https:\/\/cert.projectuminstitute.online\/#organization","name":"Projectum Cert","url":"https:\/\/cert.projectuminstitute.online\/","logo":{"@type":"ImageObject","inLanguage":"pt-BR","@id":"https:\/\/cert.projectuminstitute.online\/#\/schema\/logo\/image\/","url":"https:\/\/cert.projectuminstitute.online\/wp-content\/uploads\/2024\/12\/PC_V-original.webp","contentUrl":"https:\/\/cert.projectuminstitute.online\/wp-content\/uploads\/2024\/12\/PC_V-original.webp","width":500,"height":500,"caption":"Projectum Cert"},"image":{"@id":"https:\/\/cert.projectuminstitute.online\/#\/schema\/logo\/image\/"},"sameAs":["https:\/\/www.facebook.com\/Projectumcert"]}]}},"_links":{"self":[{"href":"https:\/\/cert.projectuminstitute.online\/pt\/wp-json\/wp\/v2\/product\/2438","targetHints":{"allow":["GET"]}}],"collection":[{"href":"https:\/\/cert.projectuminstitute.online\/pt\/wp-json\/wp\/v2\/product"}],"about":[{"href":"https:\/\/cert.projectuminstitute.online\/pt\/wp-json\/wp\/v2\/types\/product"}],"replies":[{"embeddable":true,"href":"https:\/\/cert.projectuminstitute.online\/pt\/wp-json\/wp\/v2\/comments?post=2438"}],"wp:featuredmedia":[{"embeddable":true,"href":"https:\/\/cert.projectuminstitute.online\/pt\/wp-json\/wp\/v2\/media\/2442"}],"wp:attachment":[{"href":"https:\/\/cert.projectuminstitute.online\/pt\/wp-json\/wp\/v2\/media?parent=2438"}],"wp:term":[{"taxonomy":"product_brand","embeddable":true,"href":"https:\/\/cert.projectuminstitute.online\/pt\/wp-json\/wp\/v2\/product_brand?post=2438"},{"taxonomy":"product_cat","embeddable":true,"href":"https:\/\/cert.projectuminstitute.online\/pt\/wp-json\/wp\/v2\/product_cat?post=2438"},{"taxonomy":"product_tag","embeddable":true,"href":"https:\/\/cert.projectuminstitute.online\/pt\/wp-json\/wp\/v2\/product_tag?post=2438"}],"curies":[{"name":"wp","href":"https:\/\/api.w.org\/{rel}","templated":true}]}}