{"id":528,"date":"2025-01-12T02:34:38","date_gmt":"2025-01-12T02:34:38","guid":{"rendered":"https:\/\/projectumcert.mamzitsolutions.com\/?post_type=product&#038;p=528"},"modified":"2026-03-10T10:41:01","modified_gmt":"2026-03-10T15:41:01","slug":"project-risk-senior-expert","status":"publish","type":"product","link":"https:\/\/cert.projectuminstitute.online\/fr\/product\/project-risk-senior-expert\/","title":{"rendered":"Project Risk Senior eXpert"},"content":{"rendered":"<h3><span style=\"color: #1c3661;\"><strong>D\u00c9TAILS<\/strong><\/span><\/h3>\n<p><span style=\"color: #1c3661;\"><strong>Examen Nom:<\/strong> Risques de projet Senior eXpert \u2013 PRSX<\/span><br \/>\n<span style=\"color: #1c3661;\"><strong>Format De L'Examen:<\/strong> Questions \u00e0 choix multiples.<\/span><br \/>\n<span style=\"color: #1c3661;\"><strong>Examen De La Livraison:<\/strong> Bas\u00e9e sur le Web (navigateur), \u00e0 livre ferm\u00e9, sans aide ext\u00e9rieure, chronom\u00e9tr\u00e9.<\/span><br \/>\n<span style=\"color: #1c3661;\"><strong>Dur\u00e9e De L'Examen:<\/strong> Une fois l'examen commence, les candidats ont 60 minutes pour le remplir.<\/span><br \/>\n<span style=\"color: #1c3661;\"><strong>Nombre de Questions:<\/strong> 40.<\/span><br \/>\n<span style=\"color: #1c3661;\"><strong>Note De Passage:<\/strong> 75%.<\/span><br \/>\n<span style=\"color: #1c3661;\"><strong>Langues Disponibles:<\/strong> L'anglais et l'espagnol<\/span><br \/>\n<span style=\"color: #1c3661;\"><strong>Conditions pr\u00e9alables:<\/strong> <\/span><br \/>\n<span style=\"color: #1c3661;\">\u2022 Au moins 7 \u00e0 10 ans d'exp\u00e9rience dans la direction ou de contribuer \u00e0 des projets stimulants.<br \/>\n\u2022 Un dipl\u00f4me universitaire (baccalaur\u00e9at ou niveau sup\u00e9rieur).<br \/>\n\u2022 Un minimum de 80 heures de cours formels de gestion de projet de formation.<br \/>\n\u2022 Un public LinkedIn profil montrant du projet pertinente exp\u00e9rience professionnelle et avenants.<\/span><br \/>\n<span style=\"color: #1c3661;\"><strong>Surveill\u00e9 examen:<\/strong> En ligne proctoring<\/span><br \/>\n<span style=\"color: #1c3661;\"><strong>La Certification D'Expiration:<\/strong> 2 ans<\/span><\/p>","protected":false},"excerpt":{"rendered":"<p><span style=\"color: #1c3661;\">D\u00e9couvrir la valeur de la certification de votre projet de gestion des connaissances avec le Risque de certification en Gestion de Projet. Reconnu internationalement, ce accr\u00e9ditation valide votre expertise et votre exp\u00e9rience, en vous positionnant comme un \u00e9minent professionnel dans un march\u00e9 toujours plus comp\u00e9titif.<\/span><\/p>\n<p><span style=\"color: #1c3661;\">Am\u00e9liorer votre carri\u00e8re et de sauter dans une nouvelle dimension de croissance et de succ\u00e8s en d\u00e9montrant votre engagement et votre capacit\u00e9 \u00e0 mener les projets \u00e0 impact \u00e9lev\u00e9. Avec le Risque de Gestion de Projet Sp\u00e9cialiste Certifi\u00e9, votre exp\u00e9rience devient votre atout le plus pr\u00e9cieux.<\/span><\/p>","protected":false},"featured_media":2471,"comment_status":"closed","ping_status":"closed","template":"","meta":{"_acf_changed":false},"product_brand":[],"product_cat":[22],"product_tag":[31],"class_list":{"0":"post-528","1":"product","2":"type-product","3":"status-publish","4":"has-post-thumbnail","6":"product_cat-project-management","7":"product_tag-relacion","9":"first","10":"instock","11":"shipping-taxable","12":"purchasable","13":"product-type-variable","14":"has-default-attributes"},"acf":[],"yoast_head":"<!-- This site is optimized with the Yoast SEO plugin v27.1.1 - https:\/\/yoast.com\/product\/yoast-seo-wordpress\/ -->\n<title>Free Risk Management Certification | Verifiable Digital Badge<\/title>\n<meta name=\"description\" content=\"Get your Project Risk Management Certification and earn a Verifiable Digital Badge to validate your ability to identify, assess, and control project risks effectively.\" \/>\n<meta name=\"robots\" content=\"index, follow, max-snippet:-1, max-image-preview:large, max-video-preview:-1\" \/>\n<link rel=\"canonical\" href=\"https:\/\/cert.projectuminstitute.online\/fr\/produit\/project-risk-senior-expert\/\" \/>\n<meta property=\"og:locale\" content=\"fr_FR\" \/>\n<meta property=\"og:type\" content=\"article\" \/>\n<meta property=\"og:title\" content=\"Free Risk Management Certification | Verifiable Digital Badge\" \/>\n<meta property=\"og:description\" content=\"Get your Project Risk Management Certification and earn a Verifiable Digital Badge to validate your ability to identify, assess, and control project risks effectively.\" \/>\n<meta property=\"og:url\" content=\"https:\/\/cert.projectuminstitute.online\/fr\/produit\/project-risk-senior-expert\/\" \/>\n<meta property=\"og:site_name\" content=\"Projectum Cert\" \/>\n<meta property=\"article:publisher\" content=\"https:\/\/www.facebook.com\/Projectumcert\" \/>\n<meta property=\"article:modified_time\" content=\"2026-03-10T15:41:01+00:00\" \/>\n<meta property=\"og:image\" content=\"https:\/\/cert.projectuminstitute.online\/wp-content\/uploads\/2025\/01\/PRSX.webp\" \/>\n\t<meta property=\"og:image:width\" content=\"295\" \/>\n\t<meta property=\"og:image:height\" content=\"308\" \/>\n\t<meta property=\"og:image:type\" content=\"image\/webp\" \/>\n<meta name=\"twitter:card\" content=\"summary_large_image\" \/>\n<meta name=\"twitter:label1\" content=\"Dur\u00e9e de lecture estim\u00e9e\" \/>\n\t<meta name=\"twitter:data1\" content=\"1 minute\" \/>\n<script type=\"application\/ld+json\" class=\"yoast-schema-graph\">{\"@context\":\"https:\/\/schema.org\",\"@graph\":[{\"@type\":\"WebPage\",\"@id\":\"https:\/\/cert.projectuminstitute.online\/product\/project-risk-senior-expert\/\",\"url\":\"https:\/\/cert.projectuminstitute.online\/product\/project-risk-senior-expert\/\",\"name\":\"Free Risk Management Certification | Verifiable Digital Badge\",\"isPartOf\":{\"@id\":\"https:\/\/cert.projectuminstitute.online\/#website\"},\"primaryImageOfPage\":{\"@id\":\"https:\/\/cert.projectuminstitute.online\/product\/project-risk-senior-expert\/#primaryimage\"},\"image\":{\"@id\":\"https:\/\/cert.projectuminstitute.online\/product\/project-risk-senior-expert\/#primaryimage\"},\"thumbnailUrl\":\"https:\/\/cert.projectuminstitute.online\/wp-content\/uploads\/2025\/01\/PRSX.webp\",\"datePublished\":\"2025-01-12T02:34:38+00:00\",\"dateModified\":\"2026-03-10T15:41:01+00:00\",\"description\":\"Get your Project Risk Management Certification and earn a Verifiable Digital Badge to validate your ability to identify, assess, and control project risks effectively.\",\"breadcrumb\":{\"@id\":\"https:\/\/cert.projectuminstitute.online\/product\/project-risk-senior-expert\/#breadcrumb\"},\"inLanguage\":\"fr-FR\",\"potentialAction\":[{\"@type\":\"ReadAction\",\"target\":[\"https:\/\/cert.projectuminstitute.online\/product\/project-risk-senior-expert\/\"]}]},{\"@type\":\"ImageObject\",\"inLanguage\":\"fr-FR\",\"@id\":\"https:\/\/cert.projectuminstitute.online\/product\/project-risk-senior-expert\/#primaryimage\",\"url\":\"https:\/\/cert.projectuminstitute.online\/wp-content\/uploads\/2025\/01\/PRSX.webp\",\"contentUrl\":\"https:\/\/cert.projectuminstitute.online\/wp-content\/uploads\/2025\/01\/PRSX.webp\",\"width\":295,\"height\":308},{\"@type\":\"BreadcrumbList\",\"@id\":\"https:\/\/cert.projectuminstitute.online\/product\/project-risk-senior-expert\/#breadcrumb\",\"itemListElement\":[{\"@type\":\"ListItem\",\"position\":1,\"name\":\"Home\",\"item\":\"https:\/\/cert.projectuminstitute.online\/\"},{\"@type\":\"ListItem\",\"position\":2,\"name\":\"Shop\",\"item\":\"https:\/\/cert.projectuminstitute.online\/shop\/\"},{\"@type\":\"ListItem\",\"position\":3,\"name\":\"Project Risk Senior eXpert\"}]},{\"@type\":\"WebSite\",\"@id\":\"https:\/\/cert.projectuminstitute.online\/#website\",\"url\":\"https:\/\/cert.projectuminstitute.online\/\",\"name\":\"Projectum Cert\",\"description\":\"Projectum Cert\",\"publisher\":{\"@id\":\"https:\/\/cert.projectuminstitute.online\/#organization\"},\"potentialAction\":[{\"@type\":\"SearchAction\",\"target\":{\"@type\":\"EntryPoint\",\"urlTemplate\":\"https:\/\/cert.projectuminstitute.online\/?s={search_term_string}\"},\"query-input\":{\"@type\":\"PropertyValueSpecification\",\"valueRequired\":true,\"valueName\":\"search_term_string\"}}],\"inLanguage\":\"fr-FR\"},{\"@type\":\"Organization\",\"@id\":\"https:\/\/cert.projectuminstitute.online\/#organization\",\"name\":\"Projectum Cert\",\"url\":\"https:\/\/cert.projectuminstitute.online\/\",\"logo\":{\"@type\":\"ImageObject\",\"inLanguage\":\"fr-FR\",\"@id\":\"https:\/\/cert.projectuminstitute.online\/#\/schema\/logo\/image\/\",\"url\":\"https:\/\/cert.projectuminstitute.online\/wp-content\/uploads\/2024\/12\/PC_V-original.webp\",\"contentUrl\":\"https:\/\/cert.projectuminstitute.online\/wp-content\/uploads\/2024\/12\/PC_V-original.webp\",\"width\":500,\"height\":500,\"caption\":\"Projectum Cert\"},\"image\":{\"@id\":\"https:\/\/cert.projectuminstitute.online\/#\/schema\/logo\/image\/\"},\"sameAs\":[\"https:\/\/www.facebook.com\/Projectumcert\"]}]}<\/script>\n<!-- \/ Yoast SEO plugin. -->","yoast_head_json":{"title":"Free Risk Management Certification | Verifiable Digital Badge","description":"Obtenir votre Projet de Gestion des Risques de Certification et de gagner un V\u00e9rifiables Num\u00e9rique Badge pour valider votre capacit\u00e9 \u00e0 identifier, \u00e9valuer et contr\u00f4ler les risques du projet de mani\u00e8re efficace.","robots":{"index":"index","follow":"follow","max-snippet":"max-snippet:-1","max-image-preview":"max-image-preview:large","max-video-preview":"max-video-preview:-1"},"canonical":"https:\/\/cert.projectuminstitute.online\/fr\/produit\/project-risk-senior-expert\/","og_locale":"fr_FR","og_type":"article","og_title":"Free Risk Management Certification | Verifiable Digital Badge","og_description":"Get your Project Risk Management Certification and earn a Verifiable Digital Badge to validate your ability to identify, assess, and control project risks effectively.","og_url":"https:\/\/cert.projectuminstitute.online\/fr\/produit\/project-risk-senior-expert\/","og_site_name":"Projectum Cert","article_publisher":"https:\/\/www.facebook.com\/Projectumcert","article_modified_time":"2026-03-10T15:41:01+00:00","og_image":[{"width":295,"height":308,"url":"https:\/\/cert.projectuminstitute.online\/wp-content\/uploads\/2025\/01\/PRSX.webp","type":"image\/webp"}],"twitter_card":"summary_large_image","twitter_misc":{"Dur\u00e9e de lecture estim\u00e9e":"1 minute"},"schema":{"@context":"https:\/\/schema.org","@graph":[{"@type":"WebPage","@id":"https:\/\/cert.projectuminstitute.online\/product\/project-risk-senior-expert\/","url":"https:\/\/cert.projectuminstitute.online\/product\/project-risk-senior-expert\/","name":"Free Risk Management Certification | Verifiable Digital Badge","isPartOf":{"@id":"https:\/\/cert.projectuminstitute.online\/#website"},"primaryImageOfPage":{"@id":"https:\/\/cert.projectuminstitute.online\/product\/project-risk-senior-expert\/#primaryimage"},"image":{"@id":"https:\/\/cert.projectuminstitute.online\/product\/project-risk-senior-expert\/#primaryimage"},"thumbnailUrl":"https:\/\/cert.projectuminstitute.online\/wp-content\/uploads\/2025\/01\/PRSX.webp","datePublished":"2025-01-12T02:34:38+00:00","dateModified":"2026-03-10T15:41:01+00:00","description":"Obtenir votre Projet de Gestion des Risques de Certification et de gagner un V\u00e9rifiables Num\u00e9rique Badge pour valider votre capacit\u00e9 \u00e0 identifier, \u00e9valuer et contr\u00f4ler les risques du projet de mani\u00e8re efficace.","breadcrumb":{"@id":"https:\/\/cert.projectuminstitute.online\/product\/project-risk-senior-expert\/#breadcrumb"},"inLanguage":"fr-FR","potentialAction":[{"@type":"ReadAction","target":["https:\/\/cert.projectuminstitute.online\/product\/project-risk-senior-expert\/"]}]},{"@type":"ImageObject","inLanguage":"fr-FR","@id":"https:\/\/cert.projectuminstitute.online\/product\/project-risk-senior-expert\/#primaryimage","url":"https:\/\/cert.projectuminstitute.online\/wp-content\/uploads\/2025\/01\/PRSX.webp","contentUrl":"https:\/\/cert.projectuminstitute.online\/wp-content\/uploads\/2025\/01\/PRSX.webp","width":295,"height":308},{"@type":"BreadcrumbList","@id":"https:\/\/cert.projectuminstitute.online\/product\/project-risk-senior-expert\/#breadcrumb","itemListElement":[{"@type":"ListItem","position":1,"name":"Home","item":"https:\/\/cert.projectuminstitute.online\/"},{"@type":"ListItem","position":2,"name":"Shop","item":"https:\/\/cert.projectuminstitute.online\/shop\/"},{"@type":"ListItem","position":3,"name":"Project Risk Senior eXpert"}]},{"@type":"WebSite","@id":"https:\/\/cert.projectuminstitute.online\/#website","url":"https:\/\/cert.projectuminstitute.online\/","name":"Projectum Cert","description":"Projectum Cert","publisher":{"@id":"https:\/\/cert.projectuminstitute.online\/#organization"},"potentialAction":[{"@type":"SearchAction","target":{"@type":"EntryPoint","urlTemplate":"https:\/\/cert.projectuminstitute.online\/?s={search_term_string}"},"query-input":{"@type":"PropertyValueSpecification","valueRequired":true,"valueName":"search_term_string"}}],"inLanguage":"fr-FR"},{"@type":"Organization","@id":"https:\/\/cert.projectuminstitute.online\/#organization","name":"Projectum Cert","url":"https:\/\/cert.projectuminstitute.online\/","logo":{"@type":"ImageObject","inLanguage":"fr-FR","@id":"https:\/\/cert.projectuminstitute.online\/#\/schema\/logo\/image\/","url":"https:\/\/cert.projectuminstitute.online\/wp-content\/uploads\/2024\/12\/PC_V-original.webp","contentUrl":"https:\/\/cert.projectuminstitute.online\/wp-content\/uploads\/2024\/12\/PC_V-original.webp","width":500,"height":500,"caption":"Projectum Cert"},"image":{"@id":"https:\/\/cert.projectuminstitute.online\/#\/schema\/logo\/image\/"},"sameAs":["https:\/\/www.facebook.com\/Projectumcert"]}]}},"_links":{"self":[{"href":"https:\/\/cert.projectuminstitute.online\/fr\/wp-json\/wp\/v2\/product\/528","targetHints":{"allow":["GET"]}}],"collection":[{"href":"https:\/\/cert.projectuminstitute.online\/fr\/wp-json\/wp\/v2\/product"}],"about":[{"href":"https:\/\/cert.projectuminstitute.online\/fr\/wp-json\/wp\/v2\/types\/product"}],"replies":[{"embeddable":true,"href":"https:\/\/cert.projectuminstitute.online\/fr\/wp-json\/wp\/v2\/comments?post=528"}],"wp:featuredmedia":[{"embeddable":true,"href":"https:\/\/cert.projectuminstitute.online\/fr\/wp-json\/wp\/v2\/media\/2471"}],"wp:attachment":[{"href":"https:\/\/cert.projectuminstitute.online\/fr\/wp-json\/wp\/v2\/media?parent=528"}],"wp:term":[{"taxonomy":"product_brand","embeddable":true,"href":"https:\/\/cert.projectuminstitute.online\/fr\/wp-json\/wp\/v2\/product_brand?post=528"},{"taxonomy":"product_cat","embeddable":true,"href":"https:\/\/cert.projectuminstitute.online\/fr\/wp-json\/wp\/v2\/product_cat?post=528"},{"taxonomy":"product_tag","embeddable":true,"href":"https:\/\/cert.projectuminstitute.online\/fr\/wp-json\/wp\/v2\/product_tag?post=528"}],"curies":[{"name":"wp","href":"https:\/\/api.w.org\/{rel}","templated":true}]}}