{"id":525,"date":"2025-01-12T02:34:38","date_gmt":"2025-01-12T02:34:38","guid":{"rendered":"https:\/\/projectumcert.mamzitsolutions.com\/?post_type=product&#038;p=525"},"modified":"2026-03-10T10:57:18","modified_gmt":"2026-03-10T15:57:18","slug":"okr-certified-specialist","status":"publish","type":"product","link":"https:\/\/cert.projectuminstitute.online\/fr\/product\/okr-certified-specialist\/","title":{"rendered":"OKR Certified Specialist"},"content":{"rendered":"<h3><span style=\"color: #1c3661;\"><strong>D\u00c9TAILS<\/strong><\/span><\/h3>\n<p><span style=\"color: #1c3661;\"><strong>Examen Nom:<\/strong> OKR Sp\u00e9cialiste Certifi\u00e9 \u2013 OKRCS<\/span><br \/>\n<span style=\"color: #1c3661;\"><strong>Format De L'Examen:<\/strong> Questions \u00e0 choix multiples.<\/span><br \/>\n<span style=\"color: #1c3661;\"><strong>Examen De La Livraison:<\/strong> Bas\u00e9e sur le Web (navigateur), \u00e0 livre ferm\u00e9, sans aide ext\u00e9rieure, chronom\u00e9tr\u00e9.<\/span><br \/>\n<span style=\"color: #1c3661;\"><strong>Dur\u00e9e De L'Examen:<\/strong> Une fois l'examen commence, les candidats ont 60 minutes pour le remplir.<\/span><br \/>\n<span style=\"color: #1c3661;\"><strong>Nombre de Questions:<\/strong> 40.<\/span><br \/>\n<span style=\"color: #1c3661;\"><strong>Note De Passage:<\/strong> 75%.<\/span><br \/>\n<span style=\"color: #1c3661;\"><strong>Langues Disponibles:<\/strong> L'anglais et l'espagnol.<\/span><br \/>\n<span style=\"color: #1c3661;\"><strong>Conditions pr\u00e9alables:<\/strong> Aucun.<\/span><br \/>\n<span style=\"color: #1c3661;\"><strong>Surveill\u00e9 examen:<\/strong> En ligne proctoring<\/span><br \/>\n<span style=\"color: #1c3661;\"><strong>La Certification D'Expiration:<\/strong> 2 ans<\/span><\/p>","protected":false},"excerpt":{"rendered":"<p><span style=\"color: #1c3661;\">Autonomiser les organisations \u00e0 r\u00e9ussir \u00e0 l'aide de l'OKR (les Objectifs et les Principaux R\u00e9sultats de la m\u00e9thodologie. Cette certification valide de votre expertise dans la conception, la mise en \u0153uvre et la gestion de syst\u00e8mes de claire, des objectifs mesurables qui alignent des \u00e9quipes et favoriser la collaboration. Il sert de preuve tangible de votre capacit\u00e9 \u00e0 traduire la vision strat\u00e9gique dans des actions, d'assurer un maximum d'impact et de r\u00e9sultats concrets.<\/span><\/p>\n<p><span style=\"color: #1c3661;\">Comme un OKR Sp\u00e9cialiste Certifi\u00e9, vous devenir la cheville ouvri\u00e8re qui transforme ambition \u00e0 des r\u00e9sultats mesurables. Votre validation de votre expertise permet aux entreprises de poursuivre des objectifs ambitieux avec confiance et clart\u00e9, les guidant vers une croissance durable et d'une r\u00e9ussite durable.<\/span><\/p>","protected":false},"featured_media":1320,"comment_status":"closed","ping_status":"closed","template":"","meta":{"_acf_changed":false},"product_brand":[],"product_cat":[21],"product_tag":[],"class_list":{"0":"post-525","1":"product","2":"type-product","3":"status-publish","4":"has-post-thumbnail","6":"product_cat-agile","8":"first","9":"instock","10":"shipping-taxable","11":"purchasable","12":"product-type-variable","13":"has-default-attributes"},"acf":[],"yoast_head":"<!-- This site is optimized with the Yoast SEO plugin v27.1.1 - https:\/\/yoast.com\/product\/yoast-seo-wordpress\/ -->\n<title>Free OKR Certification | Verifiable Digital Badge<\/title>\n<meta name=\"description\" content=\"Get your Free OKR Certification and earn a Verifiable Digital Badge to showcase your skills in setting objectives and achieving key results effectively.\" \/>\n<meta name=\"robots\" content=\"index, follow, max-snippet:-1, max-image-preview:large, max-video-preview:-1\" \/>\n<link rel=\"canonical\" href=\"https:\/\/cert.projectuminstitute.online\/fr\/produit\/okr-certified-specialist\/\" \/>\n<meta property=\"og:locale\" content=\"fr_FR\" \/>\n<meta property=\"og:type\" content=\"article\" \/>\n<meta property=\"og:title\" content=\"Free OKR Certification | Verifiable Digital Badge\" \/>\n<meta property=\"og:description\" content=\"Get your Free OKR Certification and earn a Verifiable Digital Badge to showcase your skills in setting objectives and achieving key results effectively.\" \/>\n<meta property=\"og:url\" content=\"https:\/\/cert.projectuminstitute.online\/fr\/produit\/okr-certified-specialist\/\" \/>\n<meta property=\"og:site_name\" content=\"Projectum Cert\" \/>\n<meta property=\"article:publisher\" content=\"https:\/\/www.facebook.com\/Projectumcert\" \/>\n<meta property=\"article:modified_time\" content=\"2026-03-10T15:57:18+00:00\" \/>\n<meta property=\"og:image\" content=\"https:\/\/cert.projectuminstitute.online\/wp-content\/uploads\/2025\/01\/okr_Mesa-de-trabajo-1-copia-2.png\" \/>\n\t<meta property=\"og:image:width\" content=\"637\" \/>\n\t<meta property=\"og:image:height\" content=\"640\" \/>\n\t<meta property=\"og:image:type\" content=\"image\/png\" \/>\n<meta name=\"twitter:card\" content=\"summary_large_image\" \/>\n<meta name=\"twitter:label1\" content=\"Dur\u00e9e de lecture estim\u00e9e\" \/>\n\t<meta name=\"twitter:data1\" content=\"1 minute\" \/>\n<script type=\"application\/ld+json\" class=\"yoast-schema-graph\">{\"@context\":\"https:\/\/schema.org\",\"@graph\":[{\"@type\":\"WebPage\",\"@id\":\"https:\/\/cert.projectuminstitute.online\/product\/okr-certified-specialist\/\",\"url\":\"https:\/\/cert.projectuminstitute.online\/product\/okr-certified-specialist\/\",\"name\":\"Free OKR Certification | Verifiable Digital Badge\",\"isPartOf\":{\"@id\":\"https:\/\/cert.projectuminstitute.online\/#website\"},\"primaryImageOfPage\":{\"@id\":\"https:\/\/cert.projectuminstitute.online\/product\/okr-certified-specialist\/#primaryimage\"},\"image\":{\"@id\":\"https:\/\/cert.projectuminstitute.online\/product\/okr-certified-specialist\/#primaryimage\"},\"thumbnailUrl\":\"https:\/\/cert.projectuminstitute.online\/wp-content\/uploads\/2025\/01\/okr_Mesa-de-trabajo-1-copia-2.png\",\"datePublished\":\"2025-01-12T02:34:38+00:00\",\"dateModified\":\"2026-03-10T15:57:18+00:00\",\"description\":\"Get your Free OKR Certification and earn a Verifiable Digital Badge to showcase your skills in setting objectives and achieving key results effectively.\",\"breadcrumb\":{\"@id\":\"https:\/\/cert.projectuminstitute.online\/product\/okr-certified-specialist\/#breadcrumb\"},\"inLanguage\":\"fr-FR\",\"potentialAction\":[{\"@type\":\"ReadAction\",\"target\":[\"https:\/\/cert.projectuminstitute.online\/product\/okr-certified-specialist\/\"]}]},{\"@type\":\"ImageObject\",\"inLanguage\":\"fr-FR\",\"@id\":\"https:\/\/cert.projectuminstitute.online\/product\/okr-certified-specialist\/#primaryimage\",\"url\":\"https:\/\/cert.projectuminstitute.online\/wp-content\/uploads\/2025\/01\/okr_Mesa-de-trabajo-1-copia-2.png\",\"contentUrl\":\"https:\/\/cert.projectuminstitute.online\/wp-content\/uploads\/2025\/01\/okr_Mesa-de-trabajo-1-copia-2.png\",\"width\":637,\"height\":640,\"caption\":\"certificacion-okr-gratis\"},{\"@type\":\"BreadcrumbList\",\"@id\":\"https:\/\/cert.projectuminstitute.online\/product\/okr-certified-specialist\/#breadcrumb\",\"itemListElement\":[{\"@type\":\"ListItem\",\"position\":1,\"name\":\"Home\",\"item\":\"https:\/\/cert.projectuminstitute.online\/\"},{\"@type\":\"ListItem\",\"position\":2,\"name\":\"Shop\",\"item\":\"https:\/\/cert.projectuminstitute.online\/shop\/\"},{\"@type\":\"ListItem\",\"position\":3,\"name\":\"OKR Certified Specialist\"}]},{\"@type\":\"WebSite\",\"@id\":\"https:\/\/cert.projectuminstitute.online\/#website\",\"url\":\"https:\/\/cert.projectuminstitute.online\/\",\"name\":\"Projectum Cert\",\"description\":\"Projectum Cert\",\"publisher\":{\"@id\":\"https:\/\/cert.projectuminstitute.online\/#organization\"},\"potentialAction\":[{\"@type\":\"SearchAction\",\"target\":{\"@type\":\"EntryPoint\",\"urlTemplate\":\"https:\/\/cert.projectuminstitute.online\/?s={search_term_string}\"},\"query-input\":{\"@type\":\"PropertyValueSpecification\",\"valueRequired\":true,\"valueName\":\"search_term_string\"}}],\"inLanguage\":\"fr-FR\"},{\"@type\":\"Organization\",\"@id\":\"https:\/\/cert.projectuminstitute.online\/#organization\",\"name\":\"Projectum Cert\",\"url\":\"https:\/\/cert.projectuminstitute.online\/\",\"logo\":{\"@type\":\"ImageObject\",\"inLanguage\":\"fr-FR\",\"@id\":\"https:\/\/cert.projectuminstitute.online\/#\/schema\/logo\/image\/\",\"url\":\"https:\/\/cert.projectuminstitute.online\/wp-content\/uploads\/2024\/12\/PC_V-original.webp\",\"contentUrl\":\"https:\/\/cert.projectuminstitute.online\/wp-content\/uploads\/2024\/12\/PC_V-original.webp\",\"width\":500,\"height\":500,\"caption\":\"Projectum Cert\"},\"image\":{\"@id\":\"https:\/\/cert.projectuminstitute.online\/#\/schema\/logo\/image\/\"},\"sameAs\":[\"https:\/\/www.facebook.com\/Projectumcert\"]}]}<\/script>\n<!-- \/ Yoast SEO plugin. -->","yoast_head_json":{"title":"Gratuit OKR Certification | V\u00e9rifiables Num\u00e9rique Badge","description":"Obtenez Gratuitement votre OKR de Certification et de gagner un V\u00e9rifiables Num\u00e9rique Badge pour mettre en valeur vos comp\u00e9tences dans la d\u00e9finition des objectifs et la r\u00e9alisation des principaux r\u00e9sultats de mani\u00e8re efficace.","robots":{"index":"index","follow":"follow","max-snippet":"max-snippet:-1","max-image-preview":"max-image-preview:large","max-video-preview":"max-video-preview:-1"},"canonical":"https:\/\/cert.projectuminstitute.online\/fr\/produit\/okr-certified-specialist\/","og_locale":"fr_FR","og_type":"article","og_title":"Free OKR Certification | Verifiable Digital Badge","og_description":"Get your Free OKR Certification and earn a Verifiable Digital Badge to showcase your skills in setting objectives and achieving key results effectively.","og_url":"https:\/\/cert.projectuminstitute.online\/fr\/produit\/okr-certified-specialist\/","og_site_name":"Projectum Cert","article_publisher":"https:\/\/www.facebook.com\/Projectumcert","article_modified_time":"2026-03-10T15:57:18+00:00","og_image":[{"width":637,"height":640,"url":"https:\/\/cert.projectuminstitute.online\/wp-content\/uploads\/2025\/01\/okr_Mesa-de-trabajo-1-copia-2.png","type":"image\/png"}],"twitter_card":"summary_large_image","twitter_misc":{"Dur\u00e9e de lecture estim\u00e9e":"1 minute"},"schema":{"@context":"https:\/\/schema.org","@graph":[{"@type":"WebPage","@id":"https:\/\/cert.projectuminstitute.online\/product\/okr-certified-specialist\/","url":"https:\/\/cert.projectuminstitute.online\/product\/okr-certified-specialist\/","name":"Gratuit OKR Certification | V\u00e9rifiables Num\u00e9rique Badge","isPartOf":{"@id":"https:\/\/cert.projectuminstitute.online\/#website"},"primaryImageOfPage":{"@id":"https:\/\/cert.projectuminstitute.online\/product\/okr-certified-specialist\/#primaryimage"},"image":{"@id":"https:\/\/cert.projectuminstitute.online\/product\/okr-certified-specialist\/#primaryimage"},"thumbnailUrl":"https:\/\/cert.projectuminstitute.online\/wp-content\/uploads\/2025\/01\/okr_Mesa-de-trabajo-1-copia-2.png","datePublished":"2025-01-12T02:34:38+00:00","dateModified":"2026-03-10T15:57:18+00:00","description":"Obtenez Gratuitement votre OKR de Certification et de gagner un V\u00e9rifiables Num\u00e9rique Badge pour mettre en valeur vos comp\u00e9tences dans la d\u00e9finition des objectifs et la r\u00e9alisation des principaux r\u00e9sultats de mani\u00e8re efficace.","breadcrumb":{"@id":"https:\/\/cert.projectuminstitute.online\/product\/okr-certified-specialist\/#breadcrumb"},"inLanguage":"fr-FR","potentialAction":[{"@type":"ReadAction","target":["https:\/\/cert.projectuminstitute.online\/product\/okr-certified-specialist\/"]}]},{"@type":"ImageObject","inLanguage":"fr-FR","@id":"https:\/\/cert.projectuminstitute.online\/product\/okr-certified-specialist\/#primaryimage","url":"https:\/\/cert.projectuminstitute.online\/wp-content\/uploads\/2025\/01\/okr_Mesa-de-trabajo-1-copia-2.png","contentUrl":"https:\/\/cert.projectuminstitute.online\/wp-content\/uploads\/2025\/01\/okr_Mesa-de-trabajo-1-copia-2.png","width":637,"height":640,"caption":"certificacion-okr-gratis"},{"@type":"BreadcrumbList","@id":"https:\/\/cert.projectuminstitute.online\/product\/okr-certified-specialist\/#breadcrumb","itemListElement":[{"@type":"ListItem","position":1,"name":"Home","item":"https:\/\/cert.projectuminstitute.online\/"},{"@type":"ListItem","position":2,"name":"Shop","item":"https:\/\/cert.projectuminstitute.online\/shop\/"},{"@type":"ListItem","position":3,"name":"OKR Certified Specialist"}]},{"@type":"WebSite","@id":"https:\/\/cert.projectuminstitute.online\/#website","url":"https:\/\/cert.projectuminstitute.online\/","name":"Projectum Cert","description":"Projectum Cert","publisher":{"@id":"https:\/\/cert.projectuminstitute.online\/#organization"},"potentialAction":[{"@type":"SearchAction","target":{"@type":"EntryPoint","urlTemplate":"https:\/\/cert.projectuminstitute.online\/?s={search_term_string}"},"query-input":{"@type":"PropertyValueSpecification","valueRequired":true,"valueName":"search_term_string"}}],"inLanguage":"fr-FR"},{"@type":"Organization","@id":"https:\/\/cert.projectuminstitute.online\/#organization","name":"Projectum Cert","url":"https:\/\/cert.projectuminstitute.online\/","logo":{"@type":"ImageObject","inLanguage":"fr-FR","@id":"https:\/\/cert.projectuminstitute.online\/#\/schema\/logo\/image\/","url":"https:\/\/cert.projectuminstitute.online\/wp-content\/uploads\/2024\/12\/PC_V-original.webp","contentUrl":"https:\/\/cert.projectuminstitute.online\/wp-content\/uploads\/2024\/12\/PC_V-original.webp","width":500,"height":500,"caption":"Projectum Cert"},"image":{"@id":"https:\/\/cert.projectuminstitute.online\/#\/schema\/logo\/image\/"},"sameAs":["https:\/\/www.facebook.com\/Projectumcert"]}]}},"_links":{"self":[{"href":"https:\/\/cert.projectuminstitute.online\/fr\/wp-json\/wp\/v2\/product\/525","targetHints":{"allow":["GET"]}}],"collection":[{"href":"https:\/\/cert.projectuminstitute.online\/fr\/wp-json\/wp\/v2\/product"}],"about":[{"href":"https:\/\/cert.projectuminstitute.online\/fr\/wp-json\/wp\/v2\/types\/product"}],"replies":[{"embeddable":true,"href":"https:\/\/cert.projectuminstitute.online\/fr\/wp-json\/wp\/v2\/comments?post=525"}],"wp:featuredmedia":[{"embeddable":true,"href":"https:\/\/cert.projectuminstitute.online\/fr\/wp-json\/wp\/v2\/media\/1320"}],"wp:attachment":[{"href":"https:\/\/cert.projectuminstitute.online\/fr\/wp-json\/wp\/v2\/media?parent=525"}],"wp:term":[{"taxonomy":"product_brand","embeddable":true,"href":"https:\/\/cert.projectuminstitute.online\/fr\/wp-json\/wp\/v2\/product_brand?post=525"},{"taxonomy":"product_cat","embeddable":true,"href":"https:\/\/cert.projectuminstitute.online\/fr\/wp-json\/wp\/v2\/product_cat?post=525"},{"taxonomy":"product_tag","embeddable":true,"href":"https:\/\/cert.projectuminstitute.online\/fr\/wp-json\/wp\/v2\/product_tag?post=525"}],"curies":[{"name":"wp","href":"https:\/\/api.w.org\/{rel}","templated":true}]}}