{"id":522,"date":"2025-01-12T02:34:38","date_gmt":"2025-01-12T02:34:38","guid":{"rendered":"https:\/\/projectumcert.mamzitsolutions.com\/?post_type=product&#038;p=522"},"modified":"2026-03-10T10:49:27","modified_gmt":"2026-03-10T15:49:27","slug":"product-owner-certified-specialist","status":"publish","type":"product","link":"https:\/\/cert.projectuminstitute.online\/fr\/product\/product-owner-certified-specialist\/","title":{"rendered":"Product Owner Certified Specialist"},"content":{"rendered":"<h3><span style=\"color: #1c3661;\"><strong>D\u00c9TAILS<\/strong><\/span><\/h3>\n<p><span style=\"color: #1c3661;\"><strong>Examen Nom:<\/strong> Propri\u00e9taire du produit Certifi\u00e9 Sp\u00e9cialiste \u2013 POC<\/span><br \/>\n<span style=\"color: #1c3661;\"><strong>Format De L'Examen:<\/strong> Questions \u00e0 choix multiples.<\/span><br \/>\n<span style=\"color: #1c3661;\"><strong>Examen De La Livraison:<\/strong> Bas\u00e9e sur le Web (navigateur), \u00e0 livre ferm\u00e9, sans aide ext\u00e9rieure, chronom\u00e9tr\u00e9.<\/span><br \/>\n<span style=\"color: #1c3661;\"><strong>Dur\u00e9e De L'Examen:<\/strong> Une fois l'examen commence, les candidats ont 60 minutes pour le remplir.<\/span><br \/>\n<span style=\"color: #1c3661;\"><strong>Nombre de Questions:<\/strong> 40.<\/span><br \/>\n<span style=\"color: #1c3661;\"><strong>Note De Passage:<\/strong> 75%.<\/span><br \/>\n<span style=\"color: #1c3661;\"><strong>Langues Disponibles:<\/strong> L'anglais et l'espagnol.<\/span><br \/>\n<span style=\"color: #1c3661;\"><strong>Conditions pr\u00e9alables:<\/strong> Aucun.<\/span><br \/>\n<span style=\"color: #1c3661;\"><strong>Surveill\u00e9 examen:<\/strong> En ligne proctoring<\/span><br \/>\n<span style=\"color: #1c3661;\"><strong>La Certification D'Expiration:<\/strong> 2 ans<\/span><\/p>","protected":false},"excerpt":{"rendered":"<p><span style=\"color: #1c3661;\">Am\u00e9liorer votre leadership strat\u00e9gique avec le Propri\u00e9taire du Produit Certifi\u00e9 Sp\u00e9cialiste de la certification. Ce certificat valide de votre expertise comme la voix du client au sein de la M\u00eal\u00e9e cadre. En tant que Product Owner, vous transformer les perspectives du march\u00e9 et des id\u00e9es d'entreprises innovantes, \u00e0 fort impact des produits qui sont constamment mesurer la valeur et de favoriser l'am\u00e9lioration continue.<\/span><\/p>\n<p><span style=\"color: #1c3661;\">Cette certification confirme votre capacit\u00e9 \u00e0 agir comme le lien essentiel entre les parties prenantes et la M\u00eal\u00e9e de l'\u00e9quipe, la reconnaissance de votre comp\u00e9tence dans l'\u00e9tablissement des priorit\u00e9s et efficace carnet de commandes de gestion afin de maximiser le retour sur investissement. Embrasser cette reconnaissance de votre agile de l'excellence et de conduire avec confiance dans la dynamique, centr\u00e9e sur le client environnements.<\/span><\/p>","protected":false},"featured_media":1323,"comment_status":"closed","ping_status":"closed","template":"","meta":{"_acf_changed":false},"product_brand":[],"product_cat":[20],"product_tag":[],"class_list":{"0":"post-522","1":"product","2":"type-product","3":"status-publish","4":"has-post-thumbnail","6":"product_cat-scrum","8":"first","9":"instock","10":"shipping-taxable","11":"purchasable","12":"product-type-variable","13":"has-default-attributes"},"acf":[],"yoast_head":"<!-- This site is optimized with the Yoast SEO plugin v27.1.1 - https:\/\/yoast.com\/product\/yoast-seo-wordpress\/ -->\n<title>Free Product Owner Certification | Digital Badge<\/title>\n<meta name=\"description\" content=\"Get your Free Product Owner Certification and earn a Digital Badge to showcase your skills in agile product management and value delivery.\" \/>\n<meta name=\"robots\" content=\"index, follow, max-snippet:-1, max-image-preview:large, max-video-preview:-1\" \/>\n<link rel=\"canonical\" href=\"https:\/\/cert.projectuminstitute.online\/fr\/produit\/product-owner-certified-specialist\/\" \/>\n<meta property=\"og:locale\" content=\"fr_FR\" \/>\n<meta property=\"og:type\" content=\"article\" \/>\n<meta property=\"og:title\" content=\"Free Product Owner Certification | Digital Badge\" \/>\n<meta property=\"og:description\" content=\"Get your Free Product Owner Certification and earn a Digital Badge to showcase your skills in agile product management and value delivery.\" \/>\n<meta property=\"og:url\" content=\"https:\/\/cert.projectuminstitute.online\/fr\/produit\/product-owner-certified-specialist\/\" \/>\n<meta property=\"og:site_name\" content=\"Projectum Cert\" \/>\n<meta property=\"article:publisher\" content=\"https:\/\/www.facebook.com\/Projectumcert\" \/>\n<meta property=\"article:modified_time\" content=\"2026-03-10T15:49:27+00:00\" \/>\n<meta property=\"og:image\" content=\"https:\/\/cert.projectuminstitute.online\/wp-content\/uploads\/2025\/01\/Product-Owner_Mesa-de-trabajo-1-copia-13.png\" \/>\n\t<meta property=\"og:image:width\" content=\"620\" \/>\n\t<meta property=\"og:image:height\" content=\"640\" \/>\n\t<meta property=\"og:image:type\" content=\"image\/png\" \/>\n<meta name=\"twitter:card\" content=\"summary_large_image\" \/>\n<meta name=\"twitter:label1\" content=\"Dur\u00e9e de lecture estim\u00e9e\" \/>\n\t<meta name=\"twitter:data1\" content=\"1 minute\" \/>\n<script type=\"application\/ld+json\" class=\"yoast-schema-graph\">{\"@context\":\"https:\/\/schema.org\",\"@graph\":[{\"@type\":\"WebPage\",\"@id\":\"https:\/\/cert.projectuminstitute.online\/product\/product-owner-certified-specialist\/\",\"url\":\"https:\/\/cert.projectuminstitute.online\/product\/product-owner-certified-specialist\/\",\"name\":\"Free Product Owner Certification | Digital Badge\",\"isPartOf\":{\"@id\":\"https:\/\/cert.projectuminstitute.online\/#website\"},\"primaryImageOfPage\":{\"@id\":\"https:\/\/cert.projectuminstitute.online\/product\/product-owner-certified-specialist\/#primaryimage\"},\"image\":{\"@id\":\"https:\/\/cert.projectuminstitute.online\/product\/product-owner-certified-specialist\/#primaryimage\"},\"thumbnailUrl\":\"https:\/\/cert.projectuminstitute.online\/wp-content\/uploads\/2025\/01\/Product-Owner_Mesa-de-trabajo-1-copia-13.png\",\"datePublished\":\"2025-01-12T02:34:38+00:00\",\"dateModified\":\"2026-03-10T15:49:27+00:00\",\"description\":\"Get your Free Product Owner Certification and earn a Digital Badge to showcase your skills in agile product management and value delivery.\",\"breadcrumb\":{\"@id\":\"https:\/\/cert.projectuminstitute.online\/product\/product-owner-certified-specialist\/#breadcrumb\"},\"inLanguage\":\"fr-FR\",\"potentialAction\":[{\"@type\":\"ReadAction\",\"target\":[\"https:\/\/cert.projectuminstitute.online\/product\/product-owner-certified-specialist\/\"]}]},{\"@type\":\"ImageObject\",\"inLanguage\":\"fr-FR\",\"@id\":\"https:\/\/cert.projectuminstitute.online\/product\/product-owner-certified-specialist\/#primaryimage\",\"url\":\"https:\/\/cert.projectuminstitute.online\/wp-content\/uploads\/2025\/01\/Product-Owner_Mesa-de-trabajo-1-copia-13.png\",\"contentUrl\":\"https:\/\/cert.projectuminstitute.online\/wp-content\/uploads\/2025\/01\/Product-Owner_Mesa-de-trabajo-1-copia-13.png\",\"width\":620,\"height\":640,\"caption\":\"certificacion-scrum-product-owner-gratis\"},{\"@type\":\"BreadcrumbList\",\"@id\":\"https:\/\/cert.projectuminstitute.online\/product\/product-owner-certified-specialist\/#breadcrumb\",\"itemListElement\":[{\"@type\":\"ListItem\",\"position\":1,\"name\":\"Home\",\"item\":\"https:\/\/cert.projectuminstitute.online\/\"},{\"@type\":\"ListItem\",\"position\":2,\"name\":\"Shop\",\"item\":\"https:\/\/cert.projectuminstitute.online\/shop\/\"},{\"@type\":\"ListItem\",\"position\":3,\"name\":\"Product Owner Certified Specialist\"}]},{\"@type\":\"WebSite\",\"@id\":\"https:\/\/cert.projectuminstitute.online\/#website\",\"url\":\"https:\/\/cert.projectuminstitute.online\/\",\"name\":\"Projectum Cert\",\"description\":\"Projectum Cert\",\"publisher\":{\"@id\":\"https:\/\/cert.projectuminstitute.online\/#organization\"},\"potentialAction\":[{\"@type\":\"SearchAction\",\"target\":{\"@type\":\"EntryPoint\",\"urlTemplate\":\"https:\/\/cert.projectuminstitute.online\/?s={search_term_string}\"},\"query-input\":{\"@type\":\"PropertyValueSpecification\",\"valueRequired\":true,\"valueName\":\"search_term_string\"}}],\"inLanguage\":\"fr-FR\"},{\"@type\":\"Organization\",\"@id\":\"https:\/\/cert.projectuminstitute.online\/#organization\",\"name\":\"Projectum Cert\",\"url\":\"https:\/\/cert.projectuminstitute.online\/\",\"logo\":{\"@type\":\"ImageObject\",\"inLanguage\":\"fr-FR\",\"@id\":\"https:\/\/cert.projectuminstitute.online\/#\/schema\/logo\/image\/\",\"url\":\"https:\/\/cert.projectuminstitute.online\/wp-content\/uploads\/2024\/12\/PC_V-original.webp\",\"contentUrl\":\"https:\/\/cert.projectuminstitute.online\/wp-content\/uploads\/2024\/12\/PC_V-original.webp\",\"width\":500,\"height\":500,\"caption\":\"Projectum Cert\"},\"image\":{\"@id\":\"https:\/\/cert.projectuminstitute.online\/#\/schema\/logo\/image\/\"},\"sameAs\":[\"https:\/\/www.facebook.com\/Projectumcert\"]}]}<\/script>\n<!-- \/ Yoast SEO plugin. -->","yoast_head_json":{"title":"Gratuit Produit Propri\u00e9taire De Certification Num\u00e9rique | Badge","description":"Obtenez Gratuitement votre Propri\u00e9taire du Produit de la Certification et de gagner un Badge Num\u00e9rique pour mettre en valeur vos comp\u00e9tences dans agile de gestion des produits et de la valeur de la livraison.","robots":{"index":"index","follow":"follow","max-snippet":"max-snippet:-1","max-image-preview":"max-image-preview:large","max-video-preview":"max-video-preview:-1"},"canonical":"https:\/\/cert.projectuminstitute.online\/fr\/produit\/product-owner-certified-specialist\/","og_locale":"fr_FR","og_type":"article","og_title":"Free Product Owner Certification | Digital Badge","og_description":"Get your Free Product Owner Certification and earn a Digital Badge to showcase your skills in agile product management and value delivery.","og_url":"https:\/\/cert.projectuminstitute.online\/fr\/produit\/product-owner-certified-specialist\/","og_site_name":"Projectum Cert","article_publisher":"https:\/\/www.facebook.com\/Projectumcert","article_modified_time":"2026-03-10T15:49:27+00:00","og_image":[{"width":620,"height":640,"url":"https:\/\/cert.projectuminstitute.online\/wp-content\/uploads\/2025\/01\/Product-Owner_Mesa-de-trabajo-1-copia-13.png","type":"image\/png"}],"twitter_card":"summary_large_image","twitter_misc":{"Dur\u00e9e de lecture estim\u00e9e":"1 minute"},"schema":{"@context":"https:\/\/schema.org","@graph":[{"@type":"WebPage","@id":"https:\/\/cert.projectuminstitute.online\/product\/product-owner-certified-specialist\/","url":"https:\/\/cert.projectuminstitute.online\/product\/product-owner-certified-specialist\/","name":"Gratuit Produit Propri\u00e9taire De Certification Num\u00e9rique | Badge","isPartOf":{"@id":"https:\/\/cert.projectuminstitute.online\/#website"},"primaryImageOfPage":{"@id":"https:\/\/cert.projectuminstitute.online\/product\/product-owner-certified-specialist\/#primaryimage"},"image":{"@id":"https:\/\/cert.projectuminstitute.online\/product\/product-owner-certified-specialist\/#primaryimage"},"thumbnailUrl":"https:\/\/cert.projectuminstitute.online\/wp-content\/uploads\/2025\/01\/Product-Owner_Mesa-de-trabajo-1-copia-13.png","datePublished":"2025-01-12T02:34:38+00:00","dateModified":"2026-03-10T15:49:27+00:00","description":"Obtenez Gratuitement votre Propri\u00e9taire du Produit de la Certification et de gagner un Badge Num\u00e9rique pour mettre en valeur vos comp\u00e9tences dans agile de gestion des produits et de la valeur de la livraison.","breadcrumb":{"@id":"https:\/\/cert.projectuminstitute.online\/product\/product-owner-certified-specialist\/#breadcrumb"},"inLanguage":"fr-FR","potentialAction":[{"@type":"ReadAction","target":["https:\/\/cert.projectuminstitute.online\/product\/product-owner-certified-specialist\/"]}]},{"@type":"ImageObject","inLanguage":"fr-FR","@id":"https:\/\/cert.projectuminstitute.online\/product\/product-owner-certified-specialist\/#primaryimage","url":"https:\/\/cert.projectuminstitute.online\/wp-content\/uploads\/2025\/01\/Product-Owner_Mesa-de-trabajo-1-copia-13.png","contentUrl":"https:\/\/cert.projectuminstitute.online\/wp-content\/uploads\/2025\/01\/Product-Owner_Mesa-de-trabajo-1-copia-13.png","width":620,"height":640,"caption":"certificacion-scrum-product-owner-gratis"},{"@type":"BreadcrumbList","@id":"https:\/\/cert.projectuminstitute.online\/product\/product-owner-certified-specialist\/#breadcrumb","itemListElement":[{"@type":"ListItem","position":1,"name":"Home","item":"https:\/\/cert.projectuminstitute.online\/"},{"@type":"ListItem","position":2,"name":"Shop","item":"https:\/\/cert.projectuminstitute.online\/shop\/"},{"@type":"ListItem","position":3,"name":"Product Owner Certified Specialist"}]},{"@type":"WebSite","@id":"https:\/\/cert.projectuminstitute.online\/#website","url":"https:\/\/cert.projectuminstitute.online\/","name":"Projectum Cert","description":"Projectum Cert","publisher":{"@id":"https:\/\/cert.projectuminstitute.online\/#organization"},"potentialAction":[{"@type":"SearchAction","target":{"@type":"EntryPoint","urlTemplate":"https:\/\/cert.projectuminstitute.online\/?s={search_term_string}"},"query-input":{"@type":"PropertyValueSpecification","valueRequired":true,"valueName":"search_term_string"}}],"inLanguage":"fr-FR"},{"@type":"Organization","@id":"https:\/\/cert.projectuminstitute.online\/#organization","name":"Projectum Cert","url":"https:\/\/cert.projectuminstitute.online\/","logo":{"@type":"ImageObject","inLanguage":"fr-FR","@id":"https:\/\/cert.projectuminstitute.online\/#\/schema\/logo\/image\/","url":"https:\/\/cert.projectuminstitute.online\/wp-content\/uploads\/2024\/12\/PC_V-original.webp","contentUrl":"https:\/\/cert.projectuminstitute.online\/wp-content\/uploads\/2024\/12\/PC_V-original.webp","width":500,"height":500,"caption":"Projectum Cert"},"image":{"@id":"https:\/\/cert.projectuminstitute.online\/#\/schema\/logo\/image\/"},"sameAs":["https:\/\/www.facebook.com\/Projectumcert"]}]}},"_links":{"self":[{"href":"https:\/\/cert.projectuminstitute.online\/fr\/wp-json\/wp\/v2\/product\/522","targetHints":{"allow":["GET"]}}],"collection":[{"href":"https:\/\/cert.projectuminstitute.online\/fr\/wp-json\/wp\/v2\/product"}],"about":[{"href":"https:\/\/cert.projectuminstitute.online\/fr\/wp-json\/wp\/v2\/types\/product"}],"replies":[{"embeddable":true,"href":"https:\/\/cert.projectuminstitute.online\/fr\/wp-json\/wp\/v2\/comments?post=522"}],"wp:featuredmedia":[{"embeddable":true,"href":"https:\/\/cert.projectuminstitute.online\/fr\/wp-json\/wp\/v2\/media\/1323"}],"wp:attachment":[{"href":"https:\/\/cert.projectuminstitute.online\/fr\/wp-json\/wp\/v2\/media?parent=522"}],"wp:term":[{"taxonomy":"product_brand","embeddable":true,"href":"https:\/\/cert.projectuminstitute.online\/fr\/wp-json\/wp\/v2\/product_brand?post=522"},{"taxonomy":"product_cat","embeddable":true,"href":"https:\/\/cert.projectuminstitute.online\/fr\/wp-json\/wp\/v2\/product_cat?post=522"},{"taxonomy":"product_tag","embeddable":true,"href":"https:\/\/cert.projectuminstitute.online\/fr\/wp-json\/wp\/v2\/product_tag?post=522"}],"curies":[{"name":"wp","href":"https:\/\/api.w.org\/{rel}","templated":true}]}}