{"id":3543,"date":"2026-01-14T16:59:41","date_gmt":"2026-01-14T21:59:41","guid":{"rendered":"https:\/\/cert.projectuminstitute.online\/?post_type=product&#038;p=3543"},"modified":"2026-03-10T09:45:39","modified_gmt":"2026-03-10T14:45:39","slug":"professional-certification-in-ai-for-construction-and-infraestructure","status":"publish","type":"product","link":"https:\/\/cert.projectuminstitute.online\/fr\/product\/professional-certification-in-ai-for-construction-and-infraestructure\/","title":{"rendered":"Professional Certification in AI For Construction and Infrastructure"},"content":{"rendered":"<h3><span style=\"color: #1c3661;\"><strong>D\u00c9TAILS<\/strong><\/span><\/h3>\n<p><span style=\"color: #1c3661;\"><strong>Examen Nom:<\/strong> La Certification professionnelle de l'IA Pour la Construction et l'Infrastructure \u2013 PCAICI<\/span><br \/>\n<span style=\"color: #1c3661;\"><strong>Format De L'Examen:<\/strong> Questions \u00e0 choix multiples.<\/span><br \/>\n<span style=\"color: #1c3661;\"><strong>Examen De La Livraison:<\/strong> Bas\u00e9e sur le Web (navigateur), \u00e0 livre ferm\u00e9, sans aide ext\u00e9rieure, chronom\u00e9tr\u00e9.<\/span><br \/>\n<span style=\"color: #1c3661;\"><strong>Dur\u00e9e De L'Examen:<\/strong> Une fois l'examen commence, les candidats ont 60 minutes pour le remplir.<\/span><br \/>\n<span style=\"color: #1c3661;\"><strong>Nombre de Questions:<\/strong> 40.<\/span><br \/>\n<span style=\"color: #1c3661;\"><strong>Note De Passage:<\/strong> 75%.<\/span><br \/>\n<span style=\"color: #1c3661;\"><strong>Langues Disponibles:<\/strong> L'anglais et l'espagnol.<\/span><br \/>\n<span style=\"color: #1c3661;\"><strong>Conditions pr\u00e9alables:<\/strong> Aucun.<\/span><br \/>\n<span style=\"color: #1c3661;\"><strong>Surveill\u00e9 examen:<\/strong> Distance proctoring n\u00e9cessaire<br \/>\nlors de l'examen<\/span><br \/>\n<span style=\"color: #1c3661;\"><strong>La Certification D'Expiration:<\/strong> 2 ans<\/span><\/p>","protected":false},"excerpt":{"rendered":"<p><span style=\"color: #1c3661;\">Cette certification professionnelle valide d'une vaste expertise dans la fa\u00e7on dont l'Intelligence Artificielle (IA) est la transformation de la construction et des infrastructures du secteur. Il certifie que les professionnels poss\u00e8dent les comp\u00e9tences n\u00e9cessaires pour appliquer l'IA des outils et des m\u00e9thodologies \u00e0 travers toutes les phases de la vie d'un projet\u2014de la conception, de la planification et de l'ex\u00e9cution de la surveillance, de contr\u00f4le et de maintenance.<br \/>\n<\/span><\/p>\n<p><span style=\"color: #1c3661;\">Il d\u00e9montre la capacit\u00e9 \u00e0 optimiser les processus, d'am\u00e9liorer la pr\u00e9cision dans la prise de d\u00e9cisions, d'anticiper les risques, de g\u00e9rer efficacement les ressources et d'am\u00e9liorer la durabilit\u00e9 des projets gr\u00e2ce \u00e0 l'utilisation strat\u00e9gique de l'IA, ce qui en termes de productivit\u00e9 et de l'innovation dans le secteur.<\/span><\/p>","protected":false},"featured_media":3546,"comment_status":"closed","ping_status":"closed","template":"","meta":{"_acf_changed":false},"product_brand":[],"product_cat":[23],"product_tag":[31],"class_list":{"0":"post-3543","1":"product","2":"type-product","3":"status-publish","4":"has-post-thumbnail","6":"product_cat-artificial-intelligence","7":"product_tag-relacion","9":"first","10":"instock","11":"shipping-taxable","12":"purchasable","13":"product-type-variable","14":"has-default-attributes"},"acf":[],"yoast_head":"<!-- This site is optimized with the Yoast SEO plugin v27.1.1 - https:\/\/yoast.com\/product\/yoast-seo-wordpress\/ -->\n<title>Free AI for Construction | Verifiable Digital Badge<\/title>\n<meta name=\"description\" content=\"Get your Free AI for Project Managers Certification and earn a Verifiable Digital Badge to showcase your ability to apply artificial intelligence in project management.\" \/>\n<meta name=\"robots\" content=\"index, follow, max-snippet:-1, max-image-preview:large, max-video-preview:-1\" \/>\n<link rel=\"canonical\" href=\"https:\/\/cert.projectuminstitute.online\/fr\/produit\/professional-certification-in-ai-for-construction-and-infraestructure\/\" \/>\n<meta property=\"og:locale\" content=\"fr_FR\" \/>\n<meta property=\"og:type\" content=\"article\" \/>\n<meta property=\"og:title\" content=\"Free AI for Construction | Verifiable Digital Badge\" \/>\n<meta property=\"og:description\" content=\"Get your Free AI for Project Managers Certification and earn a Verifiable Digital Badge to showcase your ability to apply artificial intelligence in project management.\" \/>\n<meta property=\"og:url\" content=\"https:\/\/cert.projectuminstitute.online\/fr\/produit\/professional-certification-in-ai-for-construction-and-infraestructure\/\" \/>\n<meta property=\"og:site_name\" content=\"Projectum Cert\" \/>\n<meta property=\"article:publisher\" content=\"https:\/\/www.facebook.com\/Projectumcert\" \/>\n<meta property=\"article:modified_time\" content=\"2026-03-10T14:45:39+00:00\" \/>\n<meta property=\"og:image\" content=\"https:\/\/cert.projectuminstitute.online\/wp-content\/uploads\/2026\/01\/Bd_PCAICI.webp\" \/>\n\t<meta property=\"og:image:width\" content=\"372\" \/>\n\t<meta property=\"og:image:height\" content=\"387\" \/>\n\t<meta property=\"og:image:type\" content=\"image\/webp\" \/>\n<meta name=\"twitter:card\" content=\"summary_large_image\" \/>\n<meta name=\"twitter:label1\" content=\"Dur\u00e9e de lecture estim\u00e9e\" \/>\n\t<meta name=\"twitter:data1\" content=\"1 minute\" \/>\n<script type=\"application\/ld+json\" class=\"yoast-schema-graph\">{\"@context\":\"https:\/\/schema.org\",\"@graph\":[{\"@type\":\"WebPage\",\"@id\":\"https:\/\/cert.projectuminstitute.online\/product\/professional-certification-in-ai-for-construction-and-infraestructure\/\",\"url\":\"https:\/\/cert.projectuminstitute.online\/product\/professional-certification-in-ai-for-construction-and-infraestructure\/\",\"name\":\"Free AI for Construction | Verifiable Digital Badge\",\"isPartOf\":{\"@id\":\"https:\/\/cert.projectuminstitute.online\/#website\"},\"primaryImageOfPage\":{\"@id\":\"https:\/\/cert.projectuminstitute.online\/product\/professional-certification-in-ai-for-construction-and-infraestructure\/#primaryimage\"},\"image\":{\"@id\":\"https:\/\/cert.projectuminstitute.online\/product\/professional-certification-in-ai-for-construction-and-infraestructure\/#primaryimage\"},\"thumbnailUrl\":\"https:\/\/cert.projectuminstitute.online\/wp-content\/uploads\/2026\/01\/Bd_PCAICI.webp\",\"datePublished\":\"2026-01-14T21:59:41+00:00\",\"dateModified\":\"2026-03-10T14:45:39+00:00\",\"description\":\"Get your Free AI for Project Managers Certification and earn a Verifiable Digital Badge to showcase your ability to apply artificial intelligence in project management.\",\"breadcrumb\":{\"@id\":\"https:\/\/cert.projectuminstitute.online\/product\/professional-certification-in-ai-for-construction-and-infraestructure\/#breadcrumb\"},\"inLanguage\":\"fr-FR\",\"potentialAction\":[{\"@type\":\"ReadAction\",\"target\":[\"https:\/\/cert.projectuminstitute.online\/product\/professional-certification-in-ai-for-construction-and-infraestructure\/\"]}]},{\"@type\":\"ImageObject\",\"inLanguage\":\"fr-FR\",\"@id\":\"https:\/\/cert.projectuminstitute.online\/product\/professional-certification-in-ai-for-construction-and-infraestructure\/#primaryimage\",\"url\":\"https:\/\/cert.projectuminstitute.online\/wp-content\/uploads\/2026\/01\/Bd_PCAICI.webp\",\"contentUrl\":\"https:\/\/cert.projectuminstitute.online\/wp-content\/uploads\/2026\/01\/Bd_PCAICI.webp\",\"width\":372,\"height\":387},{\"@type\":\"BreadcrumbList\",\"@id\":\"https:\/\/cert.projectuminstitute.online\/product\/professional-certification-in-ai-for-construction-and-infraestructure\/#breadcrumb\",\"itemListElement\":[{\"@type\":\"ListItem\",\"position\":1,\"name\":\"Home\",\"item\":\"https:\/\/cert.projectuminstitute.online\/\"},{\"@type\":\"ListItem\",\"position\":2,\"name\":\"Shop\",\"item\":\"https:\/\/cert.projectuminstitute.online\/shop\/\"},{\"@type\":\"ListItem\",\"position\":3,\"name\":\"Professional Certification in AI For Construction and Infrastructure\"}]},{\"@type\":\"WebSite\",\"@id\":\"https:\/\/cert.projectuminstitute.online\/#website\",\"url\":\"https:\/\/cert.projectuminstitute.online\/\",\"name\":\"Projectum Cert\",\"description\":\"Projectum Cert\",\"publisher\":{\"@id\":\"https:\/\/cert.projectuminstitute.online\/#organization\"},\"potentialAction\":[{\"@type\":\"SearchAction\",\"target\":{\"@type\":\"EntryPoint\",\"urlTemplate\":\"https:\/\/cert.projectuminstitute.online\/?s={search_term_string}\"},\"query-input\":{\"@type\":\"PropertyValueSpecification\",\"valueRequired\":true,\"valueName\":\"search_term_string\"}}],\"inLanguage\":\"fr-FR\"},{\"@type\":\"Organization\",\"@id\":\"https:\/\/cert.projectuminstitute.online\/#organization\",\"name\":\"Projectum Cert\",\"url\":\"https:\/\/cert.projectuminstitute.online\/\",\"logo\":{\"@type\":\"ImageObject\",\"inLanguage\":\"fr-FR\",\"@id\":\"https:\/\/cert.projectuminstitute.online\/#\/schema\/logo\/image\/\",\"url\":\"https:\/\/cert.projectuminstitute.online\/wp-content\/uploads\/2024\/12\/PC_V-original.webp\",\"contentUrl\":\"https:\/\/cert.projectuminstitute.online\/wp-content\/uploads\/2024\/12\/PC_V-original.webp\",\"width\":500,\"height\":500,\"caption\":\"Projectum Cert\"},\"image\":{\"@id\":\"https:\/\/cert.projectuminstitute.online\/#\/schema\/logo\/image\/\"},\"sameAs\":[\"https:\/\/www.facebook.com\/Projectumcert\"]}]}<\/script>\n<!-- \/ Yoast SEO plugin. -->","yoast_head_json":{"title":"Free AI for Construction | Verifiable Digital Badge","description":"Obtenez Gratuitement votre IA pour les Gestionnaires de Projet de Certification et de gagner un V\u00e9rifiables Num\u00e9rique Badge pour mettre en valeur votre capacit\u00e9 \u00e0 appliquer l'intelligence artificielle dans la gestion de projet.","robots":{"index":"index","follow":"follow","max-snippet":"max-snippet:-1","max-image-preview":"max-image-preview:large","max-video-preview":"max-video-preview:-1"},"canonical":"https:\/\/cert.projectuminstitute.online\/fr\/produit\/professional-certification-in-ai-for-construction-and-infraestructure\/","og_locale":"fr_FR","og_type":"article","og_title":"Free AI for Construction | Verifiable Digital Badge","og_description":"Get your Free AI for Project Managers Certification and earn a Verifiable Digital Badge to showcase your ability to apply artificial intelligence in project management.","og_url":"https:\/\/cert.projectuminstitute.online\/fr\/produit\/professional-certification-in-ai-for-construction-and-infraestructure\/","og_site_name":"Projectum Cert","article_publisher":"https:\/\/www.facebook.com\/Projectumcert","article_modified_time":"2026-03-10T14:45:39+00:00","og_image":[{"width":372,"height":387,"url":"https:\/\/cert.projectuminstitute.online\/wp-content\/uploads\/2026\/01\/Bd_PCAICI.webp","type":"image\/webp"}],"twitter_card":"summary_large_image","twitter_misc":{"Dur\u00e9e de lecture estim\u00e9e":"1 minute"},"schema":{"@context":"https:\/\/schema.org","@graph":[{"@type":"WebPage","@id":"https:\/\/cert.projectuminstitute.online\/product\/professional-certification-in-ai-for-construction-and-infraestructure\/","url":"https:\/\/cert.projectuminstitute.online\/product\/professional-certification-in-ai-for-construction-and-infraestructure\/","name":"Free AI for Construction | Verifiable Digital Badge","isPartOf":{"@id":"https:\/\/cert.projectuminstitute.online\/#website"},"primaryImageOfPage":{"@id":"https:\/\/cert.projectuminstitute.online\/product\/professional-certification-in-ai-for-construction-and-infraestructure\/#primaryimage"},"image":{"@id":"https:\/\/cert.projectuminstitute.online\/product\/professional-certification-in-ai-for-construction-and-infraestructure\/#primaryimage"},"thumbnailUrl":"https:\/\/cert.projectuminstitute.online\/wp-content\/uploads\/2026\/01\/Bd_PCAICI.webp","datePublished":"2026-01-14T21:59:41+00:00","dateModified":"2026-03-10T14:45:39+00:00","description":"Obtenez Gratuitement votre IA pour les Gestionnaires de Projet de Certification et de gagner un V\u00e9rifiables Num\u00e9rique Badge pour mettre en valeur votre capacit\u00e9 \u00e0 appliquer l'intelligence artificielle dans la gestion de projet.","breadcrumb":{"@id":"https:\/\/cert.projectuminstitute.online\/product\/professional-certification-in-ai-for-construction-and-infraestructure\/#breadcrumb"},"inLanguage":"fr-FR","potentialAction":[{"@type":"ReadAction","target":["https:\/\/cert.projectuminstitute.online\/product\/professional-certification-in-ai-for-construction-and-infraestructure\/"]}]},{"@type":"ImageObject","inLanguage":"fr-FR","@id":"https:\/\/cert.projectuminstitute.online\/product\/professional-certification-in-ai-for-construction-and-infraestructure\/#primaryimage","url":"https:\/\/cert.projectuminstitute.online\/wp-content\/uploads\/2026\/01\/Bd_PCAICI.webp","contentUrl":"https:\/\/cert.projectuminstitute.online\/wp-content\/uploads\/2026\/01\/Bd_PCAICI.webp","width":372,"height":387},{"@type":"BreadcrumbList","@id":"https:\/\/cert.projectuminstitute.online\/product\/professional-certification-in-ai-for-construction-and-infraestructure\/#breadcrumb","itemListElement":[{"@type":"ListItem","position":1,"name":"Home","item":"https:\/\/cert.projectuminstitute.online\/"},{"@type":"ListItem","position":2,"name":"Shop","item":"https:\/\/cert.projectuminstitute.online\/shop\/"},{"@type":"ListItem","position":3,"name":"Professional Certification in AI For Construction and Infrastructure"}]},{"@type":"WebSite","@id":"https:\/\/cert.projectuminstitute.online\/#website","url":"https:\/\/cert.projectuminstitute.online\/","name":"Projectum Cert","description":"Projectum Cert","publisher":{"@id":"https:\/\/cert.projectuminstitute.online\/#organization"},"potentialAction":[{"@type":"SearchAction","target":{"@type":"EntryPoint","urlTemplate":"https:\/\/cert.projectuminstitute.online\/?s={search_term_string}"},"query-input":{"@type":"PropertyValueSpecification","valueRequired":true,"valueName":"search_term_string"}}],"inLanguage":"fr-FR"},{"@type":"Organization","@id":"https:\/\/cert.projectuminstitute.online\/#organization","name":"Projectum Cert","url":"https:\/\/cert.projectuminstitute.online\/","logo":{"@type":"ImageObject","inLanguage":"fr-FR","@id":"https:\/\/cert.projectuminstitute.online\/#\/schema\/logo\/image\/","url":"https:\/\/cert.projectuminstitute.online\/wp-content\/uploads\/2024\/12\/PC_V-original.webp","contentUrl":"https:\/\/cert.projectuminstitute.online\/wp-content\/uploads\/2024\/12\/PC_V-original.webp","width":500,"height":500,"caption":"Projectum Cert"},"image":{"@id":"https:\/\/cert.projectuminstitute.online\/#\/schema\/logo\/image\/"},"sameAs":["https:\/\/www.facebook.com\/Projectumcert"]}]}},"_links":{"self":[{"href":"https:\/\/cert.projectuminstitute.online\/fr\/wp-json\/wp\/v2\/product\/3543","targetHints":{"allow":["GET"]}}],"collection":[{"href":"https:\/\/cert.projectuminstitute.online\/fr\/wp-json\/wp\/v2\/product"}],"about":[{"href":"https:\/\/cert.projectuminstitute.online\/fr\/wp-json\/wp\/v2\/types\/product"}],"replies":[{"embeddable":true,"href":"https:\/\/cert.projectuminstitute.online\/fr\/wp-json\/wp\/v2\/comments?post=3543"}],"wp:featuredmedia":[{"embeddable":true,"href":"https:\/\/cert.projectuminstitute.online\/fr\/wp-json\/wp\/v2\/media\/3546"}],"wp:attachment":[{"href":"https:\/\/cert.projectuminstitute.online\/fr\/wp-json\/wp\/v2\/media?parent=3543"}],"wp:term":[{"taxonomy":"product_brand","embeddable":true,"href":"https:\/\/cert.projectuminstitute.online\/fr\/wp-json\/wp\/v2\/product_brand?post=3543"},{"taxonomy":"product_cat","embeddable":true,"href":"https:\/\/cert.projectuminstitute.online\/fr\/wp-json\/wp\/v2\/product_cat?post=3543"},{"taxonomy":"product_tag","embeddable":true,"href":"https:\/\/cert.projectuminstitute.online\/fr\/wp-json\/wp\/v2\/product_tag?post=3543"}],"curies":[{"name":"wp","href":"https:\/\/api.w.org\/{rel}","templated":true}]}}