{"id":2711,"date":"2025-08-13T14:00:06","date_gmt":"2025-08-13T19:00:06","guid":{"rendered":"https:\/\/cert.projectuminstitute.online\/?post_type=product&#038;p=2711"},"modified":"2026-03-10T09:59:53","modified_gmt":"2026-03-10T14:59:53","slug":"professional-certification-in-ai-for-educators","status":"publish","type":"product","link":"https:\/\/cert.projectuminstitute.online\/fr\/product\/professional-certification-in-ai-for-educators\/","title":{"rendered":"Professional Certification in AI for Educators"},"content":{"rendered":"<h3><span style=\"color: #1c3661;\"><strong>D\u00c9TAILS<\/strong><\/span><\/h3>\n<p><span style=\"color: #1c3661;\"><strong>Examen Nom:<\/strong> La Certification professionnelle de l'IA pour les \u00c9ducateurs \u2013 PCAIE<\/span><br \/>\n<span style=\"color: #1c3661;\"><strong>Format De L'Examen:<\/strong> Questions \u00e0 choix multiples.<\/span><br \/>\n<span style=\"color: #1c3661;\"><strong>Examen De La Livraison:<\/strong> Bas\u00e9e sur le Web (navigateur), \u00e0 livre ferm\u00e9, sans aide ext\u00e9rieure, chronom\u00e9tr\u00e9.<\/span><br \/>\n<span style=\"color: #1c3661;\"><strong>Dur\u00e9e De L'Examen:<\/strong> Une fois l'examen commence, les candidats ont 60 minutes pour le remplir.<\/span><br \/>\n<span style=\"color: #1c3661;\"><strong>Nombre de Questions:<\/strong> 40.<\/span><br \/>\n<span style=\"color: #1c3661;\"><strong>Note De Passage:<\/strong> 75%.<\/span><br \/>\n<span style=\"color: #1c3661;\"><strong>Langues Disponibles:<\/strong> L'anglais et l'espagnol.<\/span><br \/>\n<span style=\"color: #1c3661;\"><strong>Conditions pr\u00e9alables:<\/strong> Aucun.<\/span><br \/>\n<span style=\"color: #1c3661;\"><strong>Surveill\u00e9 examen:<\/strong> En ligne proctoring<\/span><br \/>\n<span style=\"color: #1c3661;\"><strong>La Certification D'Expiration:<\/strong> 2 ans<\/span><\/p>","protected":false},"excerpt":{"rendered":"<p><span style=\"color: #1c3661;\">Placez-vous \u00e0 l'avant-garde de l'innovation en \u00e9ducation avec notre Certification Professionnelle en Intelligence Artificielle pour les \u00c9ducateurs, de la validation de votre expertise dans l'int\u00e9gration de la pointe de l'IA des outils dans l'enseignement et les environnements d'apprentissage. Strat\u00e9gique, de la conception du programme pour les mains sur l'application dans la classe, ce certificat confirme votre capacit\u00e9 \u00e0 transformer complexe IA concepts dans l'engagement, de la pratique, \u00e0 fort impact et des exp\u00e9riences d'apprentissage.<\/span><\/p>\n<p><span style=\"color: #1c3661;\">Cette certification valide votre capacit\u00e9 \u00e0 collaborer efficacement avec les universitaires et les \u00e9quipes techniques, de combler le foss\u00e9 entre les progr\u00e8s technologiques et des objectifs p\u00e9dagogiques. Comme un \u00e9ducateur certifi\u00e9, vous \u00eates reconnu comme une force cl\u00e9 dans la conduite de l'adoption de technologies de rupture dans l'\u00e9ducation, ouvrant ainsi de nouvelles voies pour la r\u00e9ussite des \u00e9tudiants, et de s'assurer de votre institution se d\u00e9veloppe dans une constante \u00e9volution du paysage num\u00e9rique.<\/span><\/p>","protected":false},"featured_media":2783,"comment_status":"closed","ping_status":"closed","template":"","meta":{"_acf_changed":false},"product_brand":[],"product_cat":[23],"product_tag":[31],"class_list":{"0":"post-2711","1":"product","2":"type-product","3":"status-publish","4":"has-post-thumbnail","6":"product_cat-artificial-intelligence","7":"product_tag-relacion","9":"first","10":"instock","11":"shipping-taxable","12":"purchasable","13":"product-type-variable","14":"has-default-attributes"},"acf":[],"yoast_head":"<!-- This site is optimized with the Yoast SEO plugin v27.1.1 - https:\/\/yoast.com\/product\/yoast-seo-wordpress\/ -->\n<title>Free AI Certification for Educators | Verifiable Digital Badge<\/title>\n<meta name=\"description\" content=\"Get your Free AI Certification for Educators and earn a Verifiable Digital Badge to showcase your innovation and teaching skills.\" \/>\n<meta name=\"robots\" content=\"index, follow, max-snippet:-1, max-image-preview:large, max-video-preview:-1\" \/>\n<link rel=\"canonical\" href=\"https:\/\/cert.projectuminstitute.online\/fr\/produit\/professional-certification-in-ai-for-educators\/\" \/>\n<meta property=\"og:locale\" content=\"fr_FR\" \/>\n<meta property=\"og:type\" content=\"article\" \/>\n<meta property=\"og:title\" content=\"Free AI Certification for Educators | Verifiable Digital Badge\" \/>\n<meta property=\"og:description\" content=\"Get your Free AI Certification for Educators and earn a Verifiable Digital Badge to showcase your innovation and teaching skills.\" \/>\n<meta property=\"og:url\" content=\"https:\/\/cert.projectuminstitute.online\/fr\/produit\/professional-certification-in-ai-for-educators\/\" \/>\n<meta property=\"og:site_name\" content=\"Projectum Cert\" \/>\n<meta property=\"article:publisher\" content=\"https:\/\/www.facebook.com\/Projectumcert\" \/>\n<meta property=\"article:modified_time\" content=\"2026-03-10T14:59:53+00:00\" \/>\n<meta property=\"og:image\" content=\"https:\/\/cert.projectuminstitute.online\/wp-content\/uploads\/2025\/08\/Ai-Educadores_Mesa-de-trabajo-1-copia-36.png\" \/>\n\t<meta property=\"og:image:width\" content=\"1272\" \/>\n\t<meta property=\"og:image:height\" content=\"1280\" \/>\n\t<meta property=\"og:image:type\" content=\"image\/png\" \/>\n<meta name=\"twitter:card\" content=\"summary_large_image\" \/>\n<meta name=\"twitter:label1\" content=\"Dur\u00e9e de lecture estim\u00e9e\" \/>\n\t<meta name=\"twitter:data1\" content=\"1 minute\" \/>\n<script type=\"application\/ld+json\" class=\"yoast-schema-graph\">{\"@context\":\"https:\/\/schema.org\",\"@graph\":[{\"@type\":\"WebPage\",\"@id\":\"https:\/\/cert.projectuminstitute.online\/product\/professional-certification-in-ai-for-educators\/\",\"url\":\"https:\/\/cert.projectuminstitute.online\/product\/professional-certification-in-ai-for-educators\/\",\"name\":\"Free AI Certification for Educators | Verifiable Digital Badge\",\"isPartOf\":{\"@id\":\"https:\/\/cert.projectuminstitute.online\/#website\"},\"primaryImageOfPage\":{\"@id\":\"https:\/\/cert.projectuminstitute.online\/product\/professional-certification-in-ai-for-educators\/#primaryimage\"},\"image\":{\"@id\":\"https:\/\/cert.projectuminstitute.online\/product\/professional-certification-in-ai-for-educators\/#primaryimage\"},\"thumbnailUrl\":\"https:\/\/cert.projectuminstitute.online\/wp-content\/uploads\/2025\/08\/Ai-Educadores_Mesa-de-trabajo-1-copia-36.png\",\"datePublished\":\"2025-08-13T19:00:06+00:00\",\"dateModified\":\"2026-03-10T14:59:53+00:00\",\"description\":\"Get your Free AI Certification for Educators and earn a Verifiable Digital Badge to showcase your innovation and teaching skills.\",\"breadcrumb\":{\"@id\":\"https:\/\/cert.projectuminstitute.online\/product\/professional-certification-in-ai-for-educators\/#breadcrumb\"},\"inLanguage\":\"fr-FR\",\"potentialAction\":[{\"@type\":\"ReadAction\",\"target\":[\"https:\/\/cert.projectuminstitute.online\/product\/professional-certification-in-ai-for-educators\/\"]}]},{\"@type\":\"ImageObject\",\"inLanguage\":\"fr-FR\",\"@id\":\"https:\/\/cert.projectuminstitute.online\/product\/professional-certification-in-ai-for-educators\/#primaryimage\",\"url\":\"https:\/\/cert.projectuminstitute.online\/wp-content\/uploads\/2025\/08\/Ai-Educadores_Mesa-de-trabajo-1-copia-36.png\",\"contentUrl\":\"https:\/\/cert.projectuminstitute.online\/wp-content\/uploads\/2025\/08\/Ai-Educadores_Mesa-de-trabajo-1-copia-36.png\",\"width\":1272,\"height\":1280},{\"@type\":\"BreadcrumbList\",\"@id\":\"https:\/\/cert.projectuminstitute.online\/product\/professional-certification-in-ai-for-educators\/#breadcrumb\",\"itemListElement\":[{\"@type\":\"ListItem\",\"position\":1,\"name\":\"Home\",\"item\":\"https:\/\/cert.projectuminstitute.online\/\"},{\"@type\":\"ListItem\",\"position\":2,\"name\":\"Shop\",\"item\":\"https:\/\/cert.projectuminstitute.online\/shop\/\"},{\"@type\":\"ListItem\",\"position\":3,\"name\":\"Professional Certification in AI for Educators\"}]},{\"@type\":\"WebSite\",\"@id\":\"https:\/\/cert.projectuminstitute.online\/#website\",\"url\":\"https:\/\/cert.projectuminstitute.online\/\",\"name\":\"Projectum Cert\",\"description\":\"Projectum Cert\",\"publisher\":{\"@id\":\"https:\/\/cert.projectuminstitute.online\/#organization\"},\"potentialAction\":[{\"@type\":\"SearchAction\",\"target\":{\"@type\":\"EntryPoint\",\"urlTemplate\":\"https:\/\/cert.projectuminstitute.online\/?s={search_term_string}\"},\"query-input\":{\"@type\":\"PropertyValueSpecification\",\"valueRequired\":true,\"valueName\":\"search_term_string\"}}],\"inLanguage\":\"fr-FR\"},{\"@type\":\"Organization\",\"@id\":\"https:\/\/cert.projectuminstitute.online\/#organization\",\"name\":\"Projectum Cert\",\"url\":\"https:\/\/cert.projectuminstitute.online\/\",\"logo\":{\"@type\":\"ImageObject\",\"inLanguage\":\"fr-FR\",\"@id\":\"https:\/\/cert.projectuminstitute.online\/#\/schema\/logo\/image\/\",\"url\":\"https:\/\/cert.projectuminstitute.online\/wp-content\/uploads\/2024\/12\/PC_V-original.webp\",\"contentUrl\":\"https:\/\/cert.projectuminstitute.online\/wp-content\/uploads\/2024\/12\/PC_V-original.webp\",\"width\":500,\"height\":500,\"caption\":\"Projectum Cert\"},\"image\":{\"@id\":\"https:\/\/cert.projectuminstitute.online\/#\/schema\/logo\/image\/\"},\"sameAs\":[\"https:\/\/www.facebook.com\/Projectumcert\"]}]}<\/script>\n<!-- \/ Yoast SEO plugin. -->","yoast_head_json":{"title":"Gratuit AI de Certification pour les \u00c9ducateurs | V\u00e9rifiables Num\u00e9rique Badge","description":"Obtenez Gratuitement votre IA Certification pour les \u00c9ducateurs et gagner un V\u00e9rifiables Num\u00e9rique Badge pour votre vitrine de l'innovation et de l'enseignement des comp\u00e9tences.","robots":{"index":"index","follow":"follow","max-snippet":"max-snippet:-1","max-image-preview":"max-image-preview:large","max-video-preview":"max-video-preview:-1"},"canonical":"https:\/\/cert.projectuminstitute.online\/fr\/produit\/professional-certification-in-ai-for-educators\/","og_locale":"fr_FR","og_type":"article","og_title":"Free AI Certification for Educators | Verifiable Digital Badge","og_description":"Get your Free AI Certification for Educators and earn a Verifiable Digital Badge to showcase your innovation and teaching skills.","og_url":"https:\/\/cert.projectuminstitute.online\/fr\/produit\/professional-certification-in-ai-for-educators\/","og_site_name":"Projectum Cert","article_publisher":"https:\/\/www.facebook.com\/Projectumcert","article_modified_time":"2026-03-10T14:59:53+00:00","og_image":[{"width":1272,"height":1280,"url":"https:\/\/cert.projectuminstitute.online\/wp-content\/uploads\/2025\/08\/Ai-Educadores_Mesa-de-trabajo-1-copia-36.png","type":"image\/png"}],"twitter_card":"summary_large_image","twitter_misc":{"Dur\u00e9e de lecture estim\u00e9e":"1 minute"},"schema":{"@context":"https:\/\/schema.org","@graph":[{"@type":"WebPage","@id":"https:\/\/cert.projectuminstitute.online\/product\/professional-certification-in-ai-for-educators\/","url":"https:\/\/cert.projectuminstitute.online\/product\/professional-certification-in-ai-for-educators\/","name":"Gratuit AI de Certification pour les \u00c9ducateurs | V\u00e9rifiables Num\u00e9rique Badge","isPartOf":{"@id":"https:\/\/cert.projectuminstitute.online\/#website"},"primaryImageOfPage":{"@id":"https:\/\/cert.projectuminstitute.online\/product\/professional-certification-in-ai-for-educators\/#primaryimage"},"image":{"@id":"https:\/\/cert.projectuminstitute.online\/product\/professional-certification-in-ai-for-educators\/#primaryimage"},"thumbnailUrl":"https:\/\/cert.projectuminstitute.online\/wp-content\/uploads\/2025\/08\/Ai-Educadores_Mesa-de-trabajo-1-copia-36.png","datePublished":"2025-08-13T19:00:06+00:00","dateModified":"2026-03-10T14:59:53+00:00","description":"Obtenez Gratuitement votre IA Certification pour les \u00c9ducateurs et gagner un V\u00e9rifiables Num\u00e9rique Badge pour votre vitrine de l'innovation et de l'enseignement des comp\u00e9tences.","breadcrumb":{"@id":"https:\/\/cert.projectuminstitute.online\/product\/professional-certification-in-ai-for-educators\/#breadcrumb"},"inLanguage":"fr-FR","potentialAction":[{"@type":"ReadAction","target":["https:\/\/cert.projectuminstitute.online\/product\/professional-certification-in-ai-for-educators\/"]}]},{"@type":"ImageObject","inLanguage":"fr-FR","@id":"https:\/\/cert.projectuminstitute.online\/product\/professional-certification-in-ai-for-educators\/#primaryimage","url":"https:\/\/cert.projectuminstitute.online\/wp-content\/uploads\/2025\/08\/Ai-Educadores_Mesa-de-trabajo-1-copia-36.png","contentUrl":"https:\/\/cert.projectuminstitute.online\/wp-content\/uploads\/2025\/08\/Ai-Educadores_Mesa-de-trabajo-1-copia-36.png","width":1272,"height":1280},{"@type":"BreadcrumbList","@id":"https:\/\/cert.projectuminstitute.online\/product\/professional-certification-in-ai-for-educators\/#breadcrumb","itemListElement":[{"@type":"ListItem","position":1,"name":"Home","item":"https:\/\/cert.projectuminstitute.online\/"},{"@type":"ListItem","position":2,"name":"Shop","item":"https:\/\/cert.projectuminstitute.online\/shop\/"},{"@type":"ListItem","position":3,"name":"Professional Certification in AI for Educators"}]},{"@type":"WebSite","@id":"https:\/\/cert.projectuminstitute.online\/#website","url":"https:\/\/cert.projectuminstitute.online\/","name":"Projectum Cert","description":"Projectum Cert","publisher":{"@id":"https:\/\/cert.projectuminstitute.online\/#organization"},"potentialAction":[{"@type":"SearchAction","target":{"@type":"EntryPoint","urlTemplate":"https:\/\/cert.projectuminstitute.online\/?s={search_term_string}"},"query-input":{"@type":"PropertyValueSpecification","valueRequired":true,"valueName":"search_term_string"}}],"inLanguage":"fr-FR"},{"@type":"Organization","@id":"https:\/\/cert.projectuminstitute.online\/#organization","name":"Projectum Cert","url":"https:\/\/cert.projectuminstitute.online\/","logo":{"@type":"ImageObject","inLanguage":"fr-FR","@id":"https:\/\/cert.projectuminstitute.online\/#\/schema\/logo\/image\/","url":"https:\/\/cert.projectuminstitute.online\/wp-content\/uploads\/2024\/12\/PC_V-original.webp","contentUrl":"https:\/\/cert.projectuminstitute.online\/wp-content\/uploads\/2024\/12\/PC_V-original.webp","width":500,"height":500,"caption":"Projectum Cert"},"image":{"@id":"https:\/\/cert.projectuminstitute.online\/#\/schema\/logo\/image\/"},"sameAs":["https:\/\/www.facebook.com\/Projectumcert"]}]}},"_links":{"self":[{"href":"https:\/\/cert.projectuminstitute.online\/fr\/wp-json\/wp\/v2\/product\/2711","targetHints":{"allow":["GET"]}}],"collection":[{"href":"https:\/\/cert.projectuminstitute.online\/fr\/wp-json\/wp\/v2\/product"}],"about":[{"href":"https:\/\/cert.projectuminstitute.online\/fr\/wp-json\/wp\/v2\/types\/product"}],"replies":[{"embeddable":true,"href":"https:\/\/cert.projectuminstitute.online\/fr\/wp-json\/wp\/v2\/comments?post=2711"}],"wp:featuredmedia":[{"embeddable":true,"href":"https:\/\/cert.projectuminstitute.online\/fr\/wp-json\/wp\/v2\/media\/2783"}],"wp:attachment":[{"href":"https:\/\/cert.projectuminstitute.online\/fr\/wp-json\/wp\/v2\/media?parent=2711"}],"wp:term":[{"taxonomy":"product_brand","embeddable":true,"href":"https:\/\/cert.projectuminstitute.online\/fr\/wp-json\/wp\/v2\/product_brand?post=2711"},{"taxonomy":"product_cat","embeddable":true,"href":"https:\/\/cert.projectuminstitute.online\/fr\/wp-json\/wp\/v2\/product_cat?post=2711"},{"taxonomy":"product_tag","embeddable":true,"href":"https:\/\/cert.projectuminstitute.online\/fr\/wp-json\/wp\/v2\/product_tag?post=2711"}],"curies":[{"name":"wp","href":"https:\/\/api.w.org\/{rel}","templated":true}]}}