{"id":2438,"date":"2025-04-21T21:12:37","date_gmt":"2025-04-22T02:12:37","guid":{"rendered":"https:\/\/cert.projectuminstitute.online\/?post_type=product&#038;p=2438"},"modified":"2026-03-10T10:09:54","modified_gmt":"2026-03-10T15:09:54","slug":"project-management-office-senior-expert","status":"publish","type":"product","link":"https:\/\/cert.projectuminstitute.online\/fr\/product\/project-management-office-senior-expert\/","title":{"rendered":"Project Management Office Senior eXpert"},"content":{"rendered":"<h3><span style=\"color: #1c3661;\"><strong>D\u00c9TAILS<\/strong> <\/span><\/h3>\n<p><span style=\"color: #1c3661;\"><strong>Examen Nom:<\/strong> Bureau de Gestion de projet Senior eXpert (PMO-SX)<\/span><br \/>\n<span style=\"color: #1c3661;\"><strong>Format De L'Examen<\/strong>: Questions \u00e0 choix multiples.<\/span><br \/>\n<span style=\"color: #1c3661;\"><strong>Examen De La Livraison:<\/strong> Bas\u00e9e sur le Web (navigateur), \u00e0 livre ferm\u00e9, sans aide ext\u00e9rieure, chronom\u00e9tr\u00e9.<\/span><br \/>\n<span style=\"color: #1c3661;\"><strong>Dur\u00e9e De L'Examen:<\/strong> Une fois l'examen commence, les candidats ont 60 minutes pour le remplir.<\/span><br \/>\n<span style=\"color: #1c3661;\"><strong>Nombre de Questions:<\/strong> 40.<\/span><br \/>\n<span style=\"color: #1c3661;\"><strong>Note De Passage:<\/strong> 75%.<\/span><br \/>\n<span style=\"color: #1c3661;\"><strong>Langues Disponibles:<\/strong> L'anglais, l'espagnol, le fran\u00e7ais et le portugais.<\/span><br \/>\n<strong><span style=\"color: #1c3661;\">Conditions pr\u00e9alables:<\/span><\/strong><br \/>\n<span style=\"color: #1c3661;\">\u2022 Au moins 7 \u00e0 10 ans d'exp\u00e9rience dans la direction ou de contribuer \u00e0 des projets stimulants.<\/span><br \/>\n<span style=\"color: #1c3661;\">\u2022 Un dipl\u00f4me universitaire (baccalaur\u00e9at ou niveau sup\u00e9rieur).<\/span><br \/>\n<span style=\"color: #1c3661;\">\u2022 Un minimum de 80 heures de cours formels de gestion de projet de formation.<\/span><br \/>\n<span style=\"color: #1c3661;\">\u2022 Un public LinkedIn profil montrant du projet pertinente exp\u00e9rience professionnelle et avenants.<\/span><br \/>\n<span style=\"color: #1c3661;\"><strong>Surveill\u00e9 examen:<\/strong> En ligne proctoring<\/span><br \/>\n<span style=\"color: #1c3661;\"><strong>La Certification D'Expiration:<\/strong>\u00a02 ans<\/span><\/p>","protected":false},"excerpt":{"rendered":"<p><span style=\"color: #1c3661;\">Un PMO (Project Management Office) est un syst\u00e8me centralis\u00e9 de l'\u00e9quipe qui assure la r\u00e9ussite du projet r\u00e9sultats. Le CPM paysage varie de Soutien pour le Contr\u00f4le et la Directive, chacun avec diff\u00e9rents r\u00f4les en fonction des besoins de l'organisation. <\/span><span style=\"color: #1c3661;\">Certaines certifications demande de valider l'expertise dans le PMO, mais elles n\u00e9cessitent que des qualifications de base, un minimum de formation, ou d'un dipl\u00f4me d'\u00e9tudes secondaires, sans avoir besoin d'un dipl\u00f4me universitaire ou d'une vaste exp\u00e9rience de la direction. <\/span><span style=\"color: #1c3661;\">Le bureau de projets-SX, Bureau de Gestion de Projet Senior eXpert se distingue comme l'un mondial de la certification exigeant un dipl\u00f4me universitaire, une vaste formation en gestion de projet, et d'importantes mains sur PMO exp\u00e9rience. Les candidats doivent d\u00e9montrer une compr\u00e9hension approfondie de la valeur d'un PMO offre dans divers environnements organisationnels. <\/span><span style=\"color: #1c3661;\">Cette certification n'est pas sur le potentiel qu'elle repr\u00e9sente la capacit\u00e9 prouv\u00e9e, l'expertise, et de cadres sup\u00e9rieurs<\/span><\/p>","protected":false},"featured_media":2442,"comment_status":"closed","ping_status":"closed","template":"","meta":{"_acf_changed":false},"product_brand":[],"product_cat":[22],"product_tag":[],"class_list":{"0":"post-2438","1":"product","2":"type-product","3":"status-publish","4":"has-post-thumbnail","6":"product_cat-project-management","8":"first","9":"instock","10":"shipping-taxable","11":"product-type-simple"},"acf":[],"yoast_head":"<!-- This site is optimized with the Yoast SEO plugin v27.1.1 - https:\/\/yoast.com\/product\/yoast-seo-wordpress\/ -->\n<title>Free PMO Certification | Verifiable Digital Badge<\/title>\n<meta name=\"description\" content=\"Get your Project Management Office Certification and earn a Verifiable Digital Badge to prove your ability to design, implement, and lead a successful PMO.\" \/>\n<meta name=\"robots\" content=\"index, follow, max-snippet:-1, max-image-preview:large, max-video-preview:-1\" \/>\n<link rel=\"canonical\" href=\"https:\/\/cert.projectuminstitute.online\/fr\/produit\/project-management-office-senior-expert\/\" \/>\n<meta property=\"og:locale\" content=\"fr_FR\" \/>\n<meta property=\"og:type\" content=\"article\" \/>\n<meta property=\"og:title\" content=\"Free PMO Certification | Verifiable Digital Badge\" \/>\n<meta property=\"og:description\" content=\"Get your Project Management Office Certification and earn a Verifiable Digital Badge to prove your ability to design, implement, and lead a successful PMO.\" \/>\n<meta property=\"og:url\" content=\"https:\/\/cert.projectuminstitute.online\/fr\/produit\/project-management-office-senior-expert\/\" \/>\n<meta property=\"og:site_name\" content=\"Projectum Cert\" \/>\n<meta property=\"article:publisher\" content=\"https:\/\/www.facebook.com\/Projectumcert\" \/>\n<meta property=\"article:modified_time\" content=\"2026-03-10T15:09:54+00:00\" \/>\n<meta property=\"og:image\" content=\"https:\/\/cert.projectuminstitute.online\/wp-content\/uploads\/2025\/04\/pmo-sx-1.webp\" \/>\n\t<meta property=\"og:image:width\" content=\"295\" \/>\n\t<meta property=\"og:image:height\" content=\"308\" \/>\n\t<meta property=\"og:image:type\" content=\"image\/webp\" \/>\n<meta name=\"twitter:card\" content=\"summary_large_image\" \/>\n<meta name=\"twitter:label1\" content=\"Dur\u00e9e de lecture estim\u00e9e\" \/>\n\t<meta name=\"twitter:data1\" content=\"1 minute\" \/>\n<script type=\"application\/ld+json\" class=\"yoast-schema-graph\">{\"@context\":\"https:\/\/schema.org\",\"@graph\":[{\"@type\":\"WebPage\",\"@id\":\"https:\/\/cert.projectuminstitute.online\/product\/project-management-office-senior-expert\/\",\"url\":\"https:\/\/cert.projectuminstitute.online\/product\/project-management-office-senior-expert\/\",\"name\":\"Free PMO Certification | Verifiable Digital Badge\",\"isPartOf\":{\"@id\":\"https:\/\/cert.projectuminstitute.online\/#website\"},\"primaryImageOfPage\":{\"@id\":\"https:\/\/cert.projectuminstitute.online\/product\/project-management-office-senior-expert\/#primaryimage\"},\"image\":{\"@id\":\"https:\/\/cert.projectuminstitute.online\/product\/project-management-office-senior-expert\/#primaryimage\"},\"thumbnailUrl\":\"https:\/\/cert.projectuminstitute.online\/wp-content\/uploads\/2025\/04\/pmo-sx-1.webp\",\"datePublished\":\"2025-04-22T02:12:37+00:00\",\"dateModified\":\"2026-03-10T15:09:54+00:00\",\"description\":\"Get your Project Management Office Certification and earn a Verifiable Digital Badge to prove your ability to design, implement, and lead a successful PMO.\",\"breadcrumb\":{\"@id\":\"https:\/\/cert.projectuminstitute.online\/product\/project-management-office-senior-expert\/#breadcrumb\"},\"inLanguage\":\"fr-FR\",\"potentialAction\":[{\"@type\":\"ReadAction\",\"target\":[\"https:\/\/cert.projectuminstitute.online\/product\/project-management-office-senior-expert\/\"]}]},{\"@type\":\"ImageObject\",\"inLanguage\":\"fr-FR\",\"@id\":\"https:\/\/cert.projectuminstitute.online\/product\/project-management-office-senior-expert\/#primaryimage\",\"url\":\"https:\/\/cert.projectuminstitute.online\/wp-content\/uploads\/2025\/04\/pmo-sx-1.webp\",\"contentUrl\":\"https:\/\/cert.projectuminstitute.online\/wp-content\/uploads\/2025\/04\/pmo-sx-1.webp\",\"width\":295,\"height\":308},{\"@type\":\"BreadcrumbList\",\"@id\":\"https:\/\/cert.projectuminstitute.online\/product\/project-management-office-senior-expert\/#breadcrumb\",\"itemListElement\":[{\"@type\":\"ListItem\",\"position\":1,\"name\":\"Home\",\"item\":\"https:\/\/cert.projectuminstitute.online\/\"},{\"@type\":\"ListItem\",\"position\":2,\"name\":\"Shop\",\"item\":\"https:\/\/cert.projectuminstitute.online\/shop\/\"},{\"@type\":\"ListItem\",\"position\":3,\"name\":\"Project Management Office Senior eXpert\"}]},{\"@type\":\"WebSite\",\"@id\":\"https:\/\/cert.projectuminstitute.online\/#website\",\"url\":\"https:\/\/cert.projectuminstitute.online\/\",\"name\":\"Projectum Cert\",\"description\":\"Projectum Cert\",\"publisher\":{\"@id\":\"https:\/\/cert.projectuminstitute.online\/#organization\"},\"potentialAction\":[{\"@type\":\"SearchAction\",\"target\":{\"@type\":\"EntryPoint\",\"urlTemplate\":\"https:\/\/cert.projectuminstitute.online\/?s={search_term_string}\"},\"query-input\":{\"@type\":\"PropertyValueSpecification\",\"valueRequired\":true,\"valueName\":\"search_term_string\"}}],\"inLanguage\":\"fr-FR\"},{\"@type\":\"Organization\",\"@id\":\"https:\/\/cert.projectuminstitute.online\/#organization\",\"name\":\"Projectum Cert\",\"url\":\"https:\/\/cert.projectuminstitute.online\/\",\"logo\":{\"@type\":\"ImageObject\",\"inLanguage\":\"fr-FR\",\"@id\":\"https:\/\/cert.projectuminstitute.online\/#\/schema\/logo\/image\/\",\"url\":\"https:\/\/cert.projectuminstitute.online\/wp-content\/uploads\/2024\/12\/PC_V-original.webp\",\"contentUrl\":\"https:\/\/cert.projectuminstitute.online\/wp-content\/uploads\/2024\/12\/PC_V-original.webp\",\"width\":500,\"height\":500,\"caption\":\"Projectum Cert\"},\"image\":{\"@id\":\"https:\/\/cert.projectuminstitute.online\/#\/schema\/logo\/image\/\"},\"sameAs\":[\"https:\/\/www.facebook.com\/Projectumcert\"]}]}<\/script>\n<!-- \/ Yoast SEO plugin. -->","yoast_head_json":{"title":"Free PMO Certification | Verifiable Digital Badge","description":"Obtenez votre Bureau de Gestion de Projet de Certification et de gagner un V\u00e9rifiables Num\u00e9rique Insigne de prouver votre capacit\u00e9 \u00e0 concevoir, mettre en \u0153uvre et conduire avec succ\u00e8s un PMO.","robots":{"index":"index","follow":"follow","max-snippet":"max-snippet:-1","max-image-preview":"max-image-preview:large","max-video-preview":"max-video-preview:-1"},"canonical":"https:\/\/cert.projectuminstitute.online\/fr\/produit\/project-management-office-senior-expert\/","og_locale":"fr_FR","og_type":"article","og_title":"Free PMO Certification | Verifiable Digital Badge","og_description":"Get your Project Management Office Certification and earn a Verifiable Digital Badge to prove your ability to design, implement, and lead a successful PMO.","og_url":"https:\/\/cert.projectuminstitute.online\/fr\/produit\/project-management-office-senior-expert\/","og_site_name":"Projectum Cert","article_publisher":"https:\/\/www.facebook.com\/Projectumcert","article_modified_time":"2026-03-10T15:09:54+00:00","og_image":[{"width":295,"height":308,"url":"https:\/\/cert.projectuminstitute.online\/wp-content\/uploads\/2025\/04\/pmo-sx-1.webp","type":"image\/webp"}],"twitter_card":"summary_large_image","twitter_misc":{"Dur\u00e9e de lecture estim\u00e9e":"1 minute"},"schema":{"@context":"https:\/\/schema.org","@graph":[{"@type":"WebPage","@id":"https:\/\/cert.projectuminstitute.online\/product\/project-management-office-senior-expert\/","url":"https:\/\/cert.projectuminstitute.online\/product\/project-management-office-senior-expert\/","name":"Free PMO Certification | Verifiable Digital Badge","isPartOf":{"@id":"https:\/\/cert.projectuminstitute.online\/#website"},"primaryImageOfPage":{"@id":"https:\/\/cert.projectuminstitute.online\/product\/project-management-office-senior-expert\/#primaryimage"},"image":{"@id":"https:\/\/cert.projectuminstitute.online\/product\/project-management-office-senior-expert\/#primaryimage"},"thumbnailUrl":"https:\/\/cert.projectuminstitute.online\/wp-content\/uploads\/2025\/04\/pmo-sx-1.webp","datePublished":"2025-04-22T02:12:37+00:00","dateModified":"2026-03-10T15:09:54+00:00","description":"Obtenez votre Bureau de Gestion de Projet de Certification et de gagner un V\u00e9rifiables Num\u00e9rique Insigne de prouver votre capacit\u00e9 \u00e0 concevoir, mettre en \u0153uvre et conduire avec succ\u00e8s un PMO.","breadcrumb":{"@id":"https:\/\/cert.projectuminstitute.online\/product\/project-management-office-senior-expert\/#breadcrumb"},"inLanguage":"fr-FR","potentialAction":[{"@type":"ReadAction","target":["https:\/\/cert.projectuminstitute.online\/product\/project-management-office-senior-expert\/"]}]},{"@type":"ImageObject","inLanguage":"fr-FR","@id":"https:\/\/cert.projectuminstitute.online\/product\/project-management-office-senior-expert\/#primaryimage","url":"https:\/\/cert.projectuminstitute.online\/wp-content\/uploads\/2025\/04\/pmo-sx-1.webp","contentUrl":"https:\/\/cert.projectuminstitute.online\/wp-content\/uploads\/2025\/04\/pmo-sx-1.webp","width":295,"height":308},{"@type":"BreadcrumbList","@id":"https:\/\/cert.projectuminstitute.online\/product\/project-management-office-senior-expert\/#breadcrumb","itemListElement":[{"@type":"ListItem","position":1,"name":"Home","item":"https:\/\/cert.projectuminstitute.online\/"},{"@type":"ListItem","position":2,"name":"Shop","item":"https:\/\/cert.projectuminstitute.online\/shop\/"},{"@type":"ListItem","position":3,"name":"Project Management Office Senior eXpert"}]},{"@type":"WebSite","@id":"https:\/\/cert.projectuminstitute.online\/#website","url":"https:\/\/cert.projectuminstitute.online\/","name":"Projectum Cert","description":"Projectum Cert","publisher":{"@id":"https:\/\/cert.projectuminstitute.online\/#organization"},"potentialAction":[{"@type":"SearchAction","target":{"@type":"EntryPoint","urlTemplate":"https:\/\/cert.projectuminstitute.online\/?s={search_term_string}"},"query-input":{"@type":"PropertyValueSpecification","valueRequired":true,"valueName":"search_term_string"}}],"inLanguage":"fr-FR"},{"@type":"Organization","@id":"https:\/\/cert.projectuminstitute.online\/#organization","name":"Projectum Cert","url":"https:\/\/cert.projectuminstitute.online\/","logo":{"@type":"ImageObject","inLanguage":"fr-FR","@id":"https:\/\/cert.projectuminstitute.online\/#\/schema\/logo\/image\/","url":"https:\/\/cert.projectuminstitute.online\/wp-content\/uploads\/2024\/12\/PC_V-original.webp","contentUrl":"https:\/\/cert.projectuminstitute.online\/wp-content\/uploads\/2024\/12\/PC_V-original.webp","width":500,"height":500,"caption":"Projectum Cert"},"image":{"@id":"https:\/\/cert.projectuminstitute.online\/#\/schema\/logo\/image\/"},"sameAs":["https:\/\/www.facebook.com\/Projectumcert"]}]}},"_links":{"self":[{"href":"https:\/\/cert.projectuminstitute.online\/fr\/wp-json\/wp\/v2\/product\/2438","targetHints":{"allow":["GET"]}}],"collection":[{"href":"https:\/\/cert.projectuminstitute.online\/fr\/wp-json\/wp\/v2\/product"}],"about":[{"href":"https:\/\/cert.projectuminstitute.online\/fr\/wp-json\/wp\/v2\/types\/product"}],"replies":[{"embeddable":true,"href":"https:\/\/cert.projectuminstitute.online\/fr\/wp-json\/wp\/v2\/comments?post=2438"}],"wp:featuredmedia":[{"embeddable":true,"href":"https:\/\/cert.projectuminstitute.online\/fr\/wp-json\/wp\/v2\/media\/2442"}],"wp:attachment":[{"href":"https:\/\/cert.projectuminstitute.online\/fr\/wp-json\/wp\/v2\/media?parent=2438"}],"wp:term":[{"taxonomy":"product_brand","embeddable":true,"href":"https:\/\/cert.projectuminstitute.online\/fr\/wp-json\/wp\/v2\/product_brand?post=2438"},{"taxonomy":"product_cat","embeddable":true,"href":"https:\/\/cert.projectuminstitute.online\/fr\/wp-json\/wp\/v2\/product_cat?post=2438"},{"taxonomy":"product_tag","embeddable":true,"href":"https:\/\/cert.projectuminstitute.online\/fr\/wp-json\/wp\/v2\/product_tag?post=2438"}],"curies":[{"name":"wp","href":"https:\/\/api.w.org\/{rel}","templated":true}]}}