{"id":2310,"date":"2025-04-09T18:22:06","date_gmt":"2025-04-09T23:22:06","guid":{"rendered":"https:\/\/cert.projectuminstitute.online\/?post_type=product&#038;p=2310"},"modified":"2026-03-10T10:16:15","modified_gmt":"2026-03-10T15:16:15","slug":"project-management-senior-expert-pmsx","status":"publish","type":"product","link":"https:\/\/cert.projectuminstitute.online\/fr\/product\/project-management-senior-expert-pmsx\/","title":{"rendered":"Project Management Senior eXpert"},"content":{"rendered":"<p><span style=\"color: #003366;\"><strong>D\u00c9TAILS<\/strong><\/span><br \/>\n<span style=\"color: #003366;\"><strong>Examen Nom:<\/strong> Gestion de projet Senior eXpert \u2013 PMSX<\/span><br \/>\n<span style=\"color: #003366;\"><strong>Format De L'Examen:<\/strong> Questions \u00e0 choix multiples.<\/span><br \/>\n<span style=\"color: #003366;\"><strong>Examen De La Livraison:<\/strong> Bas\u00e9e sur le Web (navigateur), \u00e0 livre ferm\u00e9, sans aide ext\u00e9rieure, chronom\u00e9tr\u00e9.<\/span><br \/>\n<span style=\"color: #003366;\"><strong>Dur\u00e9e De L'Examen:<\/strong> Une fois l'examen commence, les candidats ont 60 minutes pour le remplir.<\/span><br \/>\n<span style=\"color: #003366;\"><strong>Nombre de Questions:<\/strong> 40.<\/span><br \/>\n<span style=\"color: #003366;\"><strong>Note De Passage:<\/strong> 75%.<\/span><br \/>\n<span style=\"color: #003366;\"><strong>Langues Disponibles:<\/strong> L'anglais, l'espagnol, le fran\u00e7ais et le portugais.<\/span><br \/>\n<span style=\"color: #003366;\"><strong>Conditions pr\u00e9alables:<\/strong> <\/span><br \/>\n<span style=\"color: #003366;\">\u2022 Au moins 7 \u00e0 10 ans d'exp\u00e9rience dans la direction ou de contribuer \u00e0 des projets stimulants.<br \/>\n\u2022 Un dipl\u00f4me universitaire (baccalaur\u00e9at ou niveau sup\u00e9rieur).<br \/>\n\u2022 Un minimum de 80 heures de cours formels de gestion de projet de formation.<br \/>\n\u2022 Un public LinkedIn profil montrant du projet pertinente exp\u00e9rience professionnelle et avenants.<\/span><br \/>\n<span style=\"color: #003366;\"><strong>Surveill\u00e9 examen:<\/strong> En ligne proctoring<\/span><br \/>\n<span style=\"color: #003366;\"><strong>La Certification D'Expiration:<\/strong>\u00a02 ans<\/span><\/p>","protected":false},"excerpt":{"rendered":"<p style=\"text-align: center;\"><span style=\"color: #003366;\">De nombreuses certifications demande de valider expertise en gestion de projet, mais ils ont souvent besoin de seulement qualifications de base, un minimum de formation, ou d'un dipl\u00f4me d'\u00e9tudes secondaires sans avoir besoin d'un dipl\u00f4me universitaire ou une part substantielle de l'exp\u00e9rience en leadership. En outre, seule une petite fraction des candidats sont v\u00e9rifi\u00e9s.\u00a0<\/span><span style=\"color: #003366;\">Le PMSX \u2013 Gestion de Projet Senior eXpert se distingue. C'est la seule certification qui exige un dipl\u00f4me universitaire, une vaste formation en gestion de projet, et significative, les mains sur l'exp\u00e9rience de terrain. Les candidats doivent d\u00e9montrer une solide compr\u00e9hension de la livraison des projets dans divers environnements.\u00a0<\/span><span style=\"color: #003366;\">Cette certification n'est pas sur le potentiel qu'elle repr\u00e9sente la capacit\u00e9 prouv\u00e9e, l'expertise, et de cadres sup\u00e9rieurs<\/span><\/p>","protected":false},"featured_media":2354,"comment_status":"closed","ping_status":"closed","template":"","meta":{"_acf_changed":false},"product_brand":[],"product_cat":[22],"product_tag":[],"class_list":{"0":"post-2310","1":"product","2":"type-product","3":"status-publish","4":"has-post-thumbnail","6":"product_cat-project-management","8":"first","9":"instock","10":"shipping-taxable","11":"product-type-simple"},"acf":[],"yoast_head":"<!-- This site is optimized with the Yoast SEO plugin v27.1.1 - https:\/\/yoast.com\/product\/yoast-seo-wordpress\/ -->\n<title>Free Project Manager Certification | Verifiable Digital Badge<\/title>\n<meta name=\"description\" content=\"Get your Project Manager Certification and earn a Verifiable Digital Badge to showcase your skills in planning, executing, and leading successful projects.\" \/>\n<meta name=\"robots\" content=\"index, follow, max-snippet:-1, max-image-preview:large, max-video-preview:-1\" \/>\n<link rel=\"canonical\" href=\"https:\/\/cert.projectuminstitute.online\/fr\/produit\/project-management-senior-expert-pmsx\/\" \/>\n<meta property=\"og:locale\" content=\"fr_FR\" \/>\n<meta property=\"og:type\" content=\"article\" \/>\n<meta property=\"og:title\" content=\"Free Project Manager Certification | Verifiable Digital Badge\" \/>\n<meta property=\"og:description\" content=\"Get your Project Manager Certification and earn a Verifiable Digital Badge to showcase your skills in planning, executing, and leading successful projects.\" \/>\n<meta property=\"og:url\" content=\"https:\/\/cert.projectuminstitute.online\/fr\/produit\/project-management-senior-expert-pmsx\/\" \/>\n<meta property=\"og:site_name\" content=\"Projectum Cert\" \/>\n<meta property=\"article:publisher\" content=\"https:\/\/www.facebook.com\/Projectumcert\" \/>\n<meta property=\"article:modified_time\" content=\"2026-03-10T15:16:15+00:00\" \/>\n<meta property=\"og:image\" content=\"https:\/\/cert.projectuminstitute.online\/wp-content\/uploads\/2025\/04\/PMSX_Mesa-de-trabajo-1-copia-30.png\" \/>\n\t<meta property=\"og:image:width\" content=\"1271\" \/>\n\t<meta property=\"og:image:height\" content=\"1280\" \/>\n\t<meta property=\"og:image:type\" content=\"image\/png\" \/>\n<meta name=\"twitter:card\" content=\"summary_large_image\" \/>\n<meta name=\"twitter:label1\" content=\"Dur\u00e9e de lecture estim\u00e9e\" \/>\n\t<meta name=\"twitter:data1\" content=\"1 minute\" \/>\n<script type=\"application\/ld+json\" class=\"yoast-schema-graph\">{\"@context\":\"https:\/\/schema.org\",\"@graph\":[{\"@type\":\"WebPage\",\"@id\":\"https:\/\/cert.projectuminstitute.online\/product\/project-management-senior-expert-pmsx\/\",\"url\":\"https:\/\/cert.projectuminstitute.online\/product\/project-management-senior-expert-pmsx\/\",\"name\":\"Free Project Manager Certification | Verifiable Digital Badge\",\"isPartOf\":{\"@id\":\"https:\/\/cert.projectuminstitute.online\/#website\"},\"primaryImageOfPage\":{\"@id\":\"https:\/\/cert.projectuminstitute.online\/product\/project-management-senior-expert-pmsx\/#primaryimage\"},\"image\":{\"@id\":\"https:\/\/cert.projectuminstitute.online\/product\/project-management-senior-expert-pmsx\/#primaryimage\"},\"thumbnailUrl\":\"https:\/\/cert.projectuminstitute.online\/wp-content\/uploads\/2025\/04\/PMSX_Mesa-de-trabajo-1-copia-30.png\",\"datePublished\":\"2025-04-09T23:22:06+00:00\",\"dateModified\":\"2026-03-10T15:16:15+00:00\",\"description\":\"Get your Project Manager Certification and earn a Verifiable Digital Badge to showcase your skills in planning, executing, and leading successful projects.\",\"breadcrumb\":{\"@id\":\"https:\/\/cert.projectuminstitute.online\/product\/project-management-senior-expert-pmsx\/#breadcrumb\"},\"inLanguage\":\"fr-FR\",\"potentialAction\":[{\"@type\":\"ReadAction\",\"target\":[\"https:\/\/cert.projectuminstitute.online\/product\/project-management-senior-expert-pmsx\/\"]}]},{\"@type\":\"ImageObject\",\"inLanguage\":\"fr-FR\",\"@id\":\"https:\/\/cert.projectuminstitute.online\/product\/project-management-senior-expert-pmsx\/#primaryimage\",\"url\":\"https:\/\/cert.projectuminstitute.online\/wp-content\/uploads\/2025\/04\/PMSX_Mesa-de-trabajo-1-copia-30.png\",\"contentUrl\":\"https:\/\/cert.projectuminstitute.online\/wp-content\/uploads\/2025\/04\/PMSX_Mesa-de-trabajo-1-copia-30.png\",\"width\":1271,\"height\":1280},{\"@type\":\"BreadcrumbList\",\"@id\":\"https:\/\/cert.projectuminstitute.online\/product\/project-management-senior-expert-pmsx\/#breadcrumb\",\"itemListElement\":[{\"@type\":\"ListItem\",\"position\":1,\"name\":\"Home\",\"item\":\"https:\/\/cert.projectuminstitute.online\/\"},{\"@type\":\"ListItem\",\"position\":2,\"name\":\"Shop\",\"item\":\"https:\/\/cert.projectuminstitute.online\/shop\/\"},{\"@type\":\"ListItem\",\"position\":3,\"name\":\"Project Management Senior eXpert\"}]},{\"@type\":\"WebSite\",\"@id\":\"https:\/\/cert.projectuminstitute.online\/#website\",\"url\":\"https:\/\/cert.projectuminstitute.online\/\",\"name\":\"Projectum Cert\",\"description\":\"Projectum Cert\",\"publisher\":{\"@id\":\"https:\/\/cert.projectuminstitute.online\/#organization\"},\"potentialAction\":[{\"@type\":\"SearchAction\",\"target\":{\"@type\":\"EntryPoint\",\"urlTemplate\":\"https:\/\/cert.projectuminstitute.online\/?s={search_term_string}\"},\"query-input\":{\"@type\":\"PropertyValueSpecification\",\"valueRequired\":true,\"valueName\":\"search_term_string\"}}],\"inLanguage\":\"fr-FR\"},{\"@type\":\"Organization\",\"@id\":\"https:\/\/cert.projectuminstitute.online\/#organization\",\"name\":\"Projectum Cert\",\"url\":\"https:\/\/cert.projectuminstitute.online\/\",\"logo\":{\"@type\":\"ImageObject\",\"inLanguage\":\"fr-FR\",\"@id\":\"https:\/\/cert.projectuminstitute.online\/#\/schema\/logo\/image\/\",\"url\":\"https:\/\/cert.projectuminstitute.online\/wp-content\/uploads\/2024\/12\/PC_V-original.webp\",\"contentUrl\":\"https:\/\/cert.projectuminstitute.online\/wp-content\/uploads\/2024\/12\/PC_V-original.webp\",\"width\":500,\"height\":500,\"caption\":\"Projectum Cert\"},\"image\":{\"@id\":\"https:\/\/cert.projectuminstitute.online\/#\/schema\/logo\/image\/\"},\"sameAs\":[\"https:\/\/www.facebook.com\/Projectumcert\"]}]}<\/script>\n<!-- \/ Yoast SEO plugin. -->","yoast_head_json":{"title":"Free Project Manager Certification | Verifiable Digital Badge","description":"Obtenez votre Gestionnaire de Projet de Certification et de gagner un V\u00e9rifiables Num\u00e9rique Badge pour mettre en valeur vos comp\u00e9tences dans la planification, l'ex\u00e9cution, et de mener \u00e0 bien des projets.","robots":{"index":"index","follow":"follow","max-snippet":"max-snippet:-1","max-image-preview":"max-image-preview:large","max-video-preview":"max-video-preview:-1"},"canonical":"https:\/\/cert.projectuminstitute.online\/fr\/produit\/project-management-senior-expert-pmsx\/","og_locale":"fr_FR","og_type":"article","og_title":"Free Project Manager Certification | Verifiable Digital Badge","og_description":"Get your Project Manager Certification and earn a Verifiable Digital Badge to showcase your skills in planning, executing, and leading successful projects.","og_url":"https:\/\/cert.projectuminstitute.online\/fr\/produit\/project-management-senior-expert-pmsx\/","og_site_name":"Projectum Cert","article_publisher":"https:\/\/www.facebook.com\/Projectumcert","article_modified_time":"2026-03-10T15:16:15+00:00","og_image":[{"width":1271,"height":1280,"url":"https:\/\/cert.projectuminstitute.online\/wp-content\/uploads\/2025\/04\/PMSX_Mesa-de-trabajo-1-copia-30.png","type":"image\/png"}],"twitter_card":"summary_large_image","twitter_misc":{"Dur\u00e9e de lecture estim\u00e9e":"1 minute"},"schema":{"@context":"https:\/\/schema.org","@graph":[{"@type":"WebPage","@id":"https:\/\/cert.projectuminstitute.online\/product\/project-management-senior-expert-pmsx\/","url":"https:\/\/cert.projectuminstitute.online\/product\/project-management-senior-expert-pmsx\/","name":"Free Project Manager Certification | Verifiable Digital Badge","isPartOf":{"@id":"https:\/\/cert.projectuminstitute.online\/#website"},"primaryImageOfPage":{"@id":"https:\/\/cert.projectuminstitute.online\/product\/project-management-senior-expert-pmsx\/#primaryimage"},"image":{"@id":"https:\/\/cert.projectuminstitute.online\/product\/project-management-senior-expert-pmsx\/#primaryimage"},"thumbnailUrl":"https:\/\/cert.projectuminstitute.online\/wp-content\/uploads\/2025\/04\/PMSX_Mesa-de-trabajo-1-copia-30.png","datePublished":"2025-04-09T23:22:06+00:00","dateModified":"2026-03-10T15:16:15+00:00","description":"Obtenez votre Gestionnaire de Projet de Certification et de gagner un V\u00e9rifiables Num\u00e9rique Badge pour mettre en valeur vos comp\u00e9tences dans la planification, l'ex\u00e9cution, et de mener \u00e0 bien des projets.","breadcrumb":{"@id":"https:\/\/cert.projectuminstitute.online\/product\/project-management-senior-expert-pmsx\/#breadcrumb"},"inLanguage":"fr-FR","potentialAction":[{"@type":"ReadAction","target":["https:\/\/cert.projectuminstitute.online\/product\/project-management-senior-expert-pmsx\/"]}]},{"@type":"ImageObject","inLanguage":"fr-FR","@id":"https:\/\/cert.projectuminstitute.online\/product\/project-management-senior-expert-pmsx\/#primaryimage","url":"https:\/\/cert.projectuminstitute.online\/wp-content\/uploads\/2025\/04\/PMSX_Mesa-de-trabajo-1-copia-30.png","contentUrl":"https:\/\/cert.projectuminstitute.online\/wp-content\/uploads\/2025\/04\/PMSX_Mesa-de-trabajo-1-copia-30.png","width":1271,"height":1280},{"@type":"BreadcrumbList","@id":"https:\/\/cert.projectuminstitute.online\/product\/project-management-senior-expert-pmsx\/#breadcrumb","itemListElement":[{"@type":"ListItem","position":1,"name":"Home","item":"https:\/\/cert.projectuminstitute.online\/"},{"@type":"ListItem","position":2,"name":"Shop","item":"https:\/\/cert.projectuminstitute.online\/shop\/"},{"@type":"ListItem","position":3,"name":"Project Management Senior eXpert"}]},{"@type":"WebSite","@id":"https:\/\/cert.projectuminstitute.online\/#website","url":"https:\/\/cert.projectuminstitute.online\/","name":"Projectum Cert","description":"Projectum Cert","publisher":{"@id":"https:\/\/cert.projectuminstitute.online\/#organization"},"potentialAction":[{"@type":"SearchAction","target":{"@type":"EntryPoint","urlTemplate":"https:\/\/cert.projectuminstitute.online\/?s={search_term_string}"},"query-input":{"@type":"PropertyValueSpecification","valueRequired":true,"valueName":"search_term_string"}}],"inLanguage":"fr-FR"},{"@type":"Organization","@id":"https:\/\/cert.projectuminstitute.online\/#organization","name":"Projectum Cert","url":"https:\/\/cert.projectuminstitute.online\/","logo":{"@type":"ImageObject","inLanguage":"fr-FR","@id":"https:\/\/cert.projectuminstitute.online\/#\/schema\/logo\/image\/","url":"https:\/\/cert.projectuminstitute.online\/wp-content\/uploads\/2024\/12\/PC_V-original.webp","contentUrl":"https:\/\/cert.projectuminstitute.online\/wp-content\/uploads\/2024\/12\/PC_V-original.webp","width":500,"height":500,"caption":"Projectum Cert"},"image":{"@id":"https:\/\/cert.projectuminstitute.online\/#\/schema\/logo\/image\/"},"sameAs":["https:\/\/www.facebook.com\/Projectumcert"]}]}},"_links":{"self":[{"href":"https:\/\/cert.projectuminstitute.online\/fr\/wp-json\/wp\/v2\/product\/2310","targetHints":{"allow":["GET"]}}],"collection":[{"href":"https:\/\/cert.projectuminstitute.online\/fr\/wp-json\/wp\/v2\/product"}],"about":[{"href":"https:\/\/cert.projectuminstitute.online\/fr\/wp-json\/wp\/v2\/types\/product"}],"replies":[{"embeddable":true,"href":"https:\/\/cert.projectuminstitute.online\/fr\/wp-json\/wp\/v2\/comments?post=2310"}],"wp:featuredmedia":[{"embeddable":true,"href":"https:\/\/cert.projectuminstitute.online\/fr\/wp-json\/wp\/v2\/media\/2354"}],"wp:attachment":[{"href":"https:\/\/cert.projectuminstitute.online\/fr\/wp-json\/wp\/v2\/media?parent=2310"}],"wp:term":[{"taxonomy":"product_brand","embeddable":true,"href":"https:\/\/cert.projectuminstitute.online\/fr\/wp-json\/wp\/v2\/product_brand?post=2310"},{"taxonomy":"product_cat","embeddable":true,"href":"https:\/\/cert.projectuminstitute.online\/fr\/wp-json\/wp\/v2\/product_cat?post=2310"},{"taxonomy":"product_tag","embeddable":true,"href":"https:\/\/cert.projectuminstitute.online\/fr\/wp-json\/wp\/v2\/product_tag?post=2310"}],"curies":[{"name":"wp","href":"https:\/\/api.w.org\/{rel}","templated":true}]}}