{"id":526,"date":"2025-01-11T04:55:42","date_gmt":"2025-01-11T04:55:42","guid":{"rendered":"https:\/\/projectumcert.mamzitsolutions.com\/?post_type=product&#038;p=526"},"modified":"2026-03-10T11:04:47","modified_gmt":"2026-03-10T16:04:47","slug":"innovation-management-certified-specialist","status":"publish","type":"product","link":"https:\/\/cert.projectuminstitute.online\/es\/product\/innovation-management-certified-specialist\/","title":{"rendered":"Innovation Management Certified Specialist"},"content":{"rendered":"<h3><span style=\"color: #1c3661;\"><strong>DETALLES<\/strong><\/span><\/h3>\n<p><span style=\"color: #1c3661;\"><strong>Nombre Del Examen:<\/strong> Gesti\u00f3n de la innovaci\u00f3n Certificado de Especialista \u2013 CMIS<\/span><br \/>\n<span style=\"color: #1c3661;\"><strong>Formato Del Examen:<\/strong> Preguntas de opci\u00f3n m\u00faltiple.<\/span><br \/>\n<span style=\"color: #1c3661;\"><strong>Examen De Entrega:<\/strong> Basada en Web (navegador \u00fanico), cerr\u00f3 el libro, sin asistencia externa, tiempo de espera.<\/span><br \/>\n<span style=\"color: #1c3661;\"><strong>Duraci\u00f3n De La Prueba:<\/strong> Una vez que el examen comienza, los candidatos tienen 60 minutos completarlo.<\/span><br \/>\n<span style=\"color: #1c3661;\"><strong>N\u00famero de Preguntas:<\/strong> 40.<\/span><br \/>\n<span style=\"color: #1c3661;\"><strong>Puntaje De Aprobaci\u00f3n:<\/strong> 75%.<\/span><br \/>\n<span style=\"color: #1c3661;\"><strong>Idiomas Disponibles:<\/strong> El ingl\u00e9s y el espa\u00f1ol.<\/span><br \/>\n<span style=\"color: #1c3661;\"><strong>Requisitos:<\/strong> Ninguno.<\/span><br \/>\n<span style=\"color: #1c3661;\"><strong>Examen vigilado:<\/strong> La supervisi\u00f3n en l\u00ednea<\/span><br \/>\n<span style=\"color: #1c3661;\"><strong>Certificaci\u00f3n De Vencimiento:<\/strong> 2 a\u00f1os<\/span><\/p>","protected":false},"excerpt":{"rendered":"<p><span style=\"color: #1c3661;\">Convertido en el l\u00edder visionario que las organizaciones necesitan para desenvolverse en un mundo cambiante. Esta certificaci\u00f3n valida su experiencia en la identificaci\u00f3n de nuevas oportunidades, el fomento de la creatividad, y la ejecuci\u00f3n de los procesos de innovaci\u00f3n que generar valor sostenible. Est\u00e1 dise\u00f1ado para los profesionales que han perfeccionado sus habilidades y que ahora est\u00e1n listos para formalmente demostrar su capacidad para transformar ideas disruptivas en estrategias de acci\u00f3n y fomentar la pr\u00f3spera ecosistemas de innovaci\u00f3n.<\/span><\/p>\n<p><span style=\"color: #1c3661;\">Dise\u00f1ado para los descubridores con ganas de dejar un impacto duradero, este reconocimiento confirma su estatus como un futuro centrado arquitecto de cambio. El apalancamiento validada la experiencia para impulsar las soluciones que redefinir las industrias y asegurar el \u00e9xito a largo plazo de una forma impredecible paisaje.<\/span><\/p>","protected":false},"featured_media":1326,"comment_status":"closed","ping_status":"closed","template":"","meta":{"_acf_changed":false},"product_brand":[],"product_cat":[21],"product_tag":[],"class_list":{"0":"post-526","1":"product","2":"type-product","3":"status-publish","4":"has-post-thumbnail","6":"product_cat-agile","8":"first","9":"instock","10":"shipping-taxable","11":"purchasable","12":"product-type-variable","13":"has-default-attributes"},"acf":[],"yoast_head":"<!-- This site is optimized with the Yoast SEO plugin v27.1.1 - https:\/\/yoast.com\/product\/yoast-seo-wordpress\/ -->\n<title>Free Innovation Management Certification | Verifiable Digital Badge<\/title>\n<meta name=\"description\" content=\"Get your Free Innovation Management Certification and earn a Verifiable Digital Badge to showcase your ability to lead creativity, change, and business transformation.\" \/>\n<meta name=\"robots\" content=\"index, follow, max-snippet:-1, max-image-preview:large, max-video-preview:-1\" \/>\n<link rel=\"canonical\" href=\"https:\/\/cert.projectuminstitute.online\/es\/product\/innovation-management-certified-specialist\/\" \/>\n<meta property=\"og:locale\" content=\"es_ES\" \/>\n<meta property=\"og:type\" content=\"article\" \/>\n<meta property=\"og:title\" content=\"Free Innovation Management Certification | Verifiable Digital Badge\" \/>\n<meta property=\"og:description\" content=\"Get your Free Innovation Management Certification and earn a Verifiable Digital Badge to showcase your ability to lead creativity, change, and business transformation.\" \/>\n<meta property=\"og:url\" content=\"https:\/\/cert.projectuminstitute.online\/es\/product\/innovation-management-certified-specialist\/\" \/>\n<meta property=\"og:site_name\" content=\"Projectum Cert\" \/>\n<meta property=\"article:publisher\" content=\"https:\/\/www.facebook.com\/Projectumcert\" \/>\n<meta property=\"article:modified_time\" content=\"2026-03-10T16:04:47+00:00\" \/>\n<meta property=\"og:image\" content=\"https:\/\/cert.projectuminstitute.online\/wp-content\/uploads\/2025\/01\/innovacion_Mesa-de-trabajo-1-copia-22.png\" \/>\n\t<meta property=\"og:image:width\" content=\"637\" \/>\n\t<meta property=\"og:image:height\" content=\"641\" \/>\n\t<meta property=\"og:image:type\" content=\"image\/png\" \/>\n<meta name=\"twitter:card\" content=\"summary_large_image\" \/>\n<meta name=\"twitter:label1\" content=\"Tiempo de lectura\" \/>\n\t<meta name=\"twitter:data1\" content=\"1 minuto\" \/>\n<script type=\"application\/ld+json\" class=\"yoast-schema-graph\">{\"@context\":\"https:\/\/schema.org\",\"@graph\":[{\"@type\":\"WebPage\",\"@id\":\"https:\/\/cert.projectuminstitute.online\/product\/innovation-management-certified-specialist\/\",\"url\":\"https:\/\/cert.projectuminstitute.online\/product\/innovation-management-certified-specialist\/\",\"name\":\"Free Innovation Management Certification | Verifiable Digital Badge\",\"isPartOf\":{\"@id\":\"https:\/\/cert.projectuminstitute.online\/#website\"},\"primaryImageOfPage\":{\"@id\":\"https:\/\/cert.projectuminstitute.online\/product\/innovation-management-certified-specialist\/#primaryimage\"},\"image\":{\"@id\":\"https:\/\/cert.projectuminstitute.online\/product\/innovation-management-certified-specialist\/#primaryimage\"},\"thumbnailUrl\":\"https:\/\/cert.projectuminstitute.online\/wp-content\/uploads\/2025\/01\/innovacion_Mesa-de-trabajo-1-copia-22.png\",\"datePublished\":\"2025-01-11T04:55:42+00:00\",\"dateModified\":\"2026-03-10T16:04:47+00:00\",\"description\":\"Get your Free Innovation Management Certification and earn a Verifiable Digital Badge to showcase your ability to lead creativity, change, and business transformation.\",\"breadcrumb\":{\"@id\":\"https:\/\/cert.projectuminstitute.online\/product\/innovation-management-certified-specialist\/#breadcrumb\"},\"inLanguage\":\"es\",\"potentialAction\":[{\"@type\":\"ReadAction\",\"target\":[\"https:\/\/cert.projectuminstitute.online\/product\/innovation-management-certified-specialist\/\"]}]},{\"@type\":\"ImageObject\",\"inLanguage\":\"es\",\"@id\":\"https:\/\/cert.projectuminstitute.online\/product\/innovation-management-certified-specialist\/#primaryimage\",\"url\":\"https:\/\/cert.projectuminstitute.online\/wp-content\/uploads\/2025\/01\/innovacion_Mesa-de-trabajo-1-copia-22.png\",\"contentUrl\":\"https:\/\/cert.projectuminstitute.online\/wp-content\/uploads\/2025\/01\/innovacion_Mesa-de-trabajo-1-copia-22.png\",\"width\":637,\"height\":641,\"caption\":\"certificacion-gestion-innovacion-proyectos-gratis\"},{\"@type\":\"BreadcrumbList\",\"@id\":\"https:\/\/cert.projectuminstitute.online\/product\/innovation-management-certified-specialist\/#breadcrumb\",\"itemListElement\":[{\"@type\":\"ListItem\",\"position\":1,\"name\":\"Home\",\"item\":\"https:\/\/cert.projectuminstitute.online\/\"},{\"@type\":\"ListItem\",\"position\":2,\"name\":\"Shop\",\"item\":\"https:\/\/cert.projectuminstitute.online\/shop\/\"},{\"@type\":\"ListItem\",\"position\":3,\"name\":\"Innovation Management Certified Specialist\"}]},{\"@type\":\"WebSite\",\"@id\":\"https:\/\/cert.projectuminstitute.online\/#website\",\"url\":\"https:\/\/cert.projectuminstitute.online\/\",\"name\":\"Projectum Cert\",\"description\":\"Projectum Cert\",\"publisher\":{\"@id\":\"https:\/\/cert.projectuminstitute.online\/#organization\"},\"potentialAction\":[{\"@type\":\"SearchAction\",\"target\":{\"@type\":\"EntryPoint\",\"urlTemplate\":\"https:\/\/cert.projectuminstitute.online\/?s={search_term_string}\"},\"query-input\":{\"@type\":\"PropertyValueSpecification\",\"valueRequired\":true,\"valueName\":\"search_term_string\"}}],\"inLanguage\":\"es\"},{\"@type\":\"Organization\",\"@id\":\"https:\/\/cert.projectuminstitute.online\/#organization\",\"name\":\"Projectum Cert\",\"url\":\"https:\/\/cert.projectuminstitute.online\/\",\"logo\":{\"@type\":\"ImageObject\",\"inLanguage\":\"es\",\"@id\":\"https:\/\/cert.projectuminstitute.online\/#\/schema\/logo\/image\/\",\"url\":\"https:\/\/cert.projectuminstitute.online\/wp-content\/uploads\/2024\/12\/PC_V-original.webp\",\"contentUrl\":\"https:\/\/cert.projectuminstitute.online\/wp-content\/uploads\/2024\/12\/PC_V-original.webp\",\"width\":500,\"height\":500,\"caption\":\"Projectum Cert\"},\"image\":{\"@id\":\"https:\/\/cert.projectuminstitute.online\/#\/schema\/logo\/image\/\"},\"sameAs\":[\"https:\/\/www.facebook.com\/Projectumcert\"]}]}<\/script>\n<!-- \/ Yoast SEO plugin. -->","yoast_head_json":{"title":"Libre De Gesti\u00f3n De La Innovaci\u00f3n De La Certificaci\u00f3n Verificable Digital Insignia","description":"Obtenga su Gesti\u00f3n de la Innovaci\u00f3n y de Certificaci\u00f3n de ganar un Verificables Digital Insignia para mostrar su capacidad para dirigir la creatividad, el cambio y la transformaci\u00f3n del negocio.","robots":{"index":"index","follow":"follow","max-snippet":"max-snippet:-1","max-image-preview":"max-image-preview:large","max-video-preview":"max-video-preview:-1"},"canonical":"https:\/\/cert.projectuminstitute.online\/es\/product\/innovation-management-certified-specialist\/","og_locale":"es_ES","og_type":"article","og_title":"Free Innovation Management Certification | Verifiable Digital Badge","og_description":"Get your Free Innovation Management Certification and earn a Verifiable Digital Badge to showcase your ability to lead creativity, change, and business transformation.","og_url":"https:\/\/cert.projectuminstitute.online\/es\/product\/innovation-management-certified-specialist\/","og_site_name":"Projectum Cert","article_publisher":"https:\/\/www.facebook.com\/Projectumcert","article_modified_time":"2026-03-10T16:04:47+00:00","og_image":[{"width":637,"height":641,"url":"https:\/\/cert.projectuminstitute.online\/wp-content\/uploads\/2025\/01\/innovacion_Mesa-de-trabajo-1-copia-22.png","type":"image\/png"}],"twitter_card":"summary_large_image","twitter_misc":{"Tiempo de lectura":"1 minuto"},"schema":{"@context":"https:\/\/schema.org","@graph":[{"@type":"WebPage","@id":"https:\/\/cert.projectuminstitute.online\/product\/innovation-management-certified-specialist\/","url":"https:\/\/cert.projectuminstitute.online\/product\/innovation-management-certified-specialist\/","name":"Libre De Gesti\u00f3n De La Innovaci\u00f3n De La Certificaci\u00f3n Verificable Digital Insignia","isPartOf":{"@id":"https:\/\/cert.projectuminstitute.online\/#website"},"primaryImageOfPage":{"@id":"https:\/\/cert.projectuminstitute.online\/product\/innovation-management-certified-specialist\/#primaryimage"},"image":{"@id":"https:\/\/cert.projectuminstitute.online\/product\/innovation-management-certified-specialist\/#primaryimage"},"thumbnailUrl":"https:\/\/cert.projectuminstitute.online\/wp-content\/uploads\/2025\/01\/innovacion_Mesa-de-trabajo-1-copia-22.png","datePublished":"2025-01-11T04:55:42+00:00","dateModified":"2026-03-10T16:04:47+00:00","description":"Obtenga su Gesti\u00f3n de la Innovaci\u00f3n y de Certificaci\u00f3n de ganar un Verificables Digital Insignia para mostrar su capacidad para dirigir la creatividad, el cambio y la transformaci\u00f3n del negocio.","breadcrumb":{"@id":"https:\/\/cert.projectuminstitute.online\/product\/innovation-management-certified-specialist\/#breadcrumb"},"inLanguage":"es","potentialAction":[{"@type":"ReadAction","target":["https:\/\/cert.projectuminstitute.online\/product\/innovation-management-certified-specialist\/"]}]},{"@type":"ImageObject","inLanguage":"es","@id":"https:\/\/cert.projectuminstitute.online\/product\/innovation-management-certified-specialist\/#primaryimage","url":"https:\/\/cert.projectuminstitute.online\/wp-content\/uploads\/2025\/01\/innovacion_Mesa-de-trabajo-1-copia-22.png","contentUrl":"https:\/\/cert.projectuminstitute.online\/wp-content\/uploads\/2025\/01\/innovacion_Mesa-de-trabajo-1-copia-22.png","width":637,"height":641,"caption":"certificacion-gestion-innovacion-proyectos-gratis"},{"@type":"BreadcrumbList","@id":"https:\/\/cert.projectuminstitute.online\/product\/innovation-management-certified-specialist\/#breadcrumb","itemListElement":[{"@type":"ListItem","position":1,"name":"Home","item":"https:\/\/cert.projectuminstitute.online\/"},{"@type":"ListItem","position":2,"name":"Shop","item":"https:\/\/cert.projectuminstitute.online\/shop\/"},{"@type":"ListItem","position":3,"name":"Innovation Management Certified Specialist"}]},{"@type":"WebSite","@id":"https:\/\/cert.projectuminstitute.online\/#website","url":"https:\/\/cert.projectuminstitute.online\/","name":"Projectum Cert","description":"Projectum Cert","publisher":{"@id":"https:\/\/cert.projectuminstitute.online\/#organization"},"potentialAction":[{"@type":"SearchAction","target":{"@type":"EntryPoint","urlTemplate":"https:\/\/cert.projectuminstitute.online\/?s={search_term_string}"},"query-input":{"@type":"PropertyValueSpecification","valueRequired":true,"valueName":"search_term_string"}}],"inLanguage":"es"},{"@type":"Organization","@id":"https:\/\/cert.projectuminstitute.online\/#organization","name":"Projectum Cert","url":"https:\/\/cert.projectuminstitute.online\/","logo":{"@type":"ImageObject","inLanguage":"es","@id":"https:\/\/cert.projectuminstitute.online\/#\/schema\/logo\/image\/","url":"https:\/\/cert.projectuminstitute.online\/wp-content\/uploads\/2024\/12\/PC_V-original.webp","contentUrl":"https:\/\/cert.projectuminstitute.online\/wp-content\/uploads\/2024\/12\/PC_V-original.webp","width":500,"height":500,"caption":"Projectum Cert"},"image":{"@id":"https:\/\/cert.projectuminstitute.online\/#\/schema\/logo\/image\/"},"sameAs":["https:\/\/www.facebook.com\/Projectumcert"]}]}},"_links":{"self":[{"href":"https:\/\/cert.projectuminstitute.online\/es\/wp-json\/wp\/v2\/product\/526","targetHints":{"allow":["GET"]}}],"collection":[{"href":"https:\/\/cert.projectuminstitute.online\/es\/wp-json\/wp\/v2\/product"}],"about":[{"href":"https:\/\/cert.projectuminstitute.online\/es\/wp-json\/wp\/v2\/types\/product"}],"replies":[{"embeddable":true,"href":"https:\/\/cert.projectuminstitute.online\/es\/wp-json\/wp\/v2\/comments?post=526"}],"wp:featuredmedia":[{"embeddable":true,"href":"https:\/\/cert.projectuminstitute.online\/es\/wp-json\/wp\/v2\/media\/1326"}],"wp:attachment":[{"href":"https:\/\/cert.projectuminstitute.online\/es\/wp-json\/wp\/v2\/media?parent=526"}],"wp:term":[{"taxonomy":"product_brand","embeddable":true,"href":"https:\/\/cert.projectuminstitute.online\/es\/wp-json\/wp\/v2\/product_brand?post=526"},{"taxonomy":"product_cat","embeddable":true,"href":"https:\/\/cert.projectuminstitute.online\/es\/wp-json\/wp\/v2\/product_cat?post=526"},{"taxonomy":"product_tag","embeddable":true,"href":"https:\/\/cert.projectuminstitute.online\/es\/wp-json\/wp\/v2\/product_tag?post=526"}],"curies":[{"name":"wp","href":"https:\/\/api.w.org\/{rel}","templated":true}]}}