{"id":3543,"date":"2026-01-14T16:59:41","date_gmt":"2026-01-14T21:59:41","guid":{"rendered":"https:\/\/cert.projectuminstitute.online\/?post_type=product&#038;p=3543"},"modified":"2026-03-10T09:45:39","modified_gmt":"2026-03-10T14:45:39","slug":"professional-certification-in-ai-for-construction-and-infraestructure","status":"publish","type":"product","link":"https:\/\/cert.projectuminstitute.online\/es\/product\/professional-certification-in-ai-for-construction-and-infraestructure\/","title":{"rendered":"Professional Certification in AI For Construction and Infrastructure"},"content":{"rendered":"<h3><span style=\"color: #1c3661;\"><strong>DETALLES<\/strong><\/span><\/h3>\n<p><span style=\"color: #1c3661;\"><strong>Nombre Del Examen:<\/strong> Certificaci\u00f3n profesional en AI Para la Construcci\u00f3n y la Infraestructura \u2013 PCAICI<\/span><br \/>\n<span style=\"color: #1c3661;\"><strong>Formato Del Examen:<\/strong> Preguntas de opci\u00f3n m\u00faltiple.<\/span><br \/>\n<span style=\"color: #1c3661;\"><strong>Examen De Entrega:<\/strong> Basada en Web (navegador \u00fanico), cerr\u00f3 el libro, sin asistencia externa, tiempo de espera.<\/span><br \/>\n<span style=\"color: #1c3661;\"><strong>Duraci\u00f3n De La Prueba:<\/strong> Una vez que el examen comienza, los candidatos tienen 60 minutos para completarlo.<\/span><br \/>\n<span style=\"color: #1c3661;\"><strong>N\u00famero de Preguntas:<\/strong> 40.<\/span><br \/>\n<span style=\"color: #1c3661;\"><strong>Puntaje De Aprobaci\u00f3n:<\/strong> 75%.<\/span><br \/>\n<span style=\"color: #1c3661;\"><strong>Idiomas Disponibles:<\/strong> El ingl\u00e9s y el espa\u00f1ol.<\/span><br \/>\n<span style=\"color: #1c3661;\"><strong>Requisitos:<\/strong> Ninguno.<\/span><br \/>\n<span style=\"color: #1c3661;\"><strong>Examen vigilado:<\/strong> Remoto de supervisi\u00f3n requerido<br \/>\ndurante el examen<\/span><br \/>\n<span style=\"color: #1c3661;\"><strong>Certificaci\u00f3n De Vencimiento:<\/strong> 2 a\u00f1os<\/span><\/p>","protected":false},"excerpt":{"rendered":"<p><span style=\"color: #1c3661;\">Este profesional de la certificaci\u00f3n valida experiencia integral en c\u00f3mo la Inteligencia Artificial (IA) es la transformaci\u00f3n de la construcci\u00f3n y el sector de la infraestructura. Se certifica que los profesionales que posean las competencias necesarias para aplicar IA herramientas y metodolog\u00edas a trav\u00e9s de todas las fases del ciclo de vida del proyecto, desde el dise\u00f1o, la planificaci\u00f3n y la ejecuci\u00f3n de la supervisi\u00f3n, control y mantenimiento.<br \/>\n<\/span><\/p>\n<p><span style=\"color: #1c3661;\">Se demuestra la capacidad para optimizar los procesos, mejorar la precisi\u00f3n en la toma de decisiones, anticipar los riesgos, manejo eficiente de los recursos, y mejorar la sostenibilidad de los proyectos a trav\u00e9s del uso estrat\u00e9gico de la AI, con lo que la conducci\u00f3n de la productividad y la innovaci\u00f3n en el sector.<\/span><\/p>","protected":false},"featured_media":3546,"comment_status":"closed","ping_status":"closed","template":"","meta":{"_acf_changed":false},"product_brand":[],"product_cat":[23],"product_tag":[31],"class_list":{"0":"post-3543","1":"product","2":"type-product","3":"status-publish","4":"has-post-thumbnail","6":"product_cat-artificial-intelligence","7":"product_tag-relacion","9":"first","10":"instock","11":"shipping-taxable","12":"purchasable","13":"product-type-variable","14":"has-default-attributes"},"acf":[],"yoast_head":"<!-- This site is optimized with the Yoast SEO plugin v27.1.1 - https:\/\/yoast.com\/product\/yoast-seo-wordpress\/ -->\n<title>Free AI for Construction | Verifiable Digital Badge<\/title>\n<meta name=\"description\" content=\"Get your Free AI for Project Managers Certification and earn a Verifiable Digital Badge to showcase your ability to apply artificial intelligence in project management.\" \/>\n<meta name=\"robots\" content=\"index, follow, max-snippet:-1, max-image-preview:large, max-video-preview:-1\" \/>\n<link rel=\"canonical\" href=\"https:\/\/cert.projectuminstitute.online\/es\/product\/professional-certification-in-ai-for-construction-and-infraestructure\/\" \/>\n<meta property=\"og:locale\" content=\"es_ES\" \/>\n<meta property=\"og:type\" content=\"article\" \/>\n<meta property=\"og:title\" content=\"Free AI for Construction | Verifiable Digital Badge\" \/>\n<meta property=\"og:description\" content=\"Get your Free AI for Project Managers Certification and earn a Verifiable Digital Badge to showcase your ability to apply artificial intelligence in project management.\" \/>\n<meta property=\"og:url\" content=\"https:\/\/cert.projectuminstitute.online\/es\/product\/professional-certification-in-ai-for-construction-and-infraestructure\/\" \/>\n<meta property=\"og:site_name\" content=\"Projectum Cert\" \/>\n<meta property=\"article:publisher\" content=\"https:\/\/www.facebook.com\/Projectumcert\" \/>\n<meta property=\"article:modified_time\" content=\"2026-03-10T14:45:39+00:00\" \/>\n<meta property=\"og:image\" content=\"https:\/\/cert.projectuminstitute.online\/wp-content\/uploads\/2026\/01\/Bd_PCAICI.webp\" \/>\n\t<meta property=\"og:image:width\" content=\"372\" \/>\n\t<meta property=\"og:image:height\" content=\"387\" \/>\n\t<meta property=\"og:image:type\" content=\"image\/webp\" \/>\n<meta name=\"twitter:card\" content=\"summary_large_image\" \/>\n<meta name=\"twitter:label1\" content=\"Tiempo de lectura\" \/>\n\t<meta name=\"twitter:data1\" content=\"1 minuto\" \/>\n<script type=\"application\/ld+json\" class=\"yoast-schema-graph\">{\"@context\":\"https:\/\/schema.org\",\"@graph\":[{\"@type\":\"WebPage\",\"@id\":\"https:\/\/cert.projectuminstitute.online\/product\/professional-certification-in-ai-for-construction-and-infraestructure\/\",\"url\":\"https:\/\/cert.projectuminstitute.online\/product\/professional-certification-in-ai-for-construction-and-infraestructure\/\",\"name\":\"Free AI for Construction | Verifiable Digital Badge\",\"isPartOf\":{\"@id\":\"https:\/\/cert.projectuminstitute.online\/#website\"},\"primaryImageOfPage\":{\"@id\":\"https:\/\/cert.projectuminstitute.online\/product\/professional-certification-in-ai-for-construction-and-infraestructure\/#primaryimage\"},\"image\":{\"@id\":\"https:\/\/cert.projectuminstitute.online\/product\/professional-certification-in-ai-for-construction-and-infraestructure\/#primaryimage\"},\"thumbnailUrl\":\"https:\/\/cert.projectuminstitute.online\/wp-content\/uploads\/2026\/01\/Bd_PCAICI.webp\",\"datePublished\":\"2026-01-14T21:59:41+00:00\",\"dateModified\":\"2026-03-10T14:45:39+00:00\",\"description\":\"Get your Free AI for Project Managers Certification and earn a Verifiable Digital Badge to showcase your ability to apply artificial intelligence in project management.\",\"breadcrumb\":{\"@id\":\"https:\/\/cert.projectuminstitute.online\/product\/professional-certification-in-ai-for-construction-and-infraestructure\/#breadcrumb\"},\"inLanguage\":\"es\",\"potentialAction\":[{\"@type\":\"ReadAction\",\"target\":[\"https:\/\/cert.projectuminstitute.online\/product\/professional-certification-in-ai-for-construction-and-infraestructure\/\"]}]},{\"@type\":\"ImageObject\",\"inLanguage\":\"es\",\"@id\":\"https:\/\/cert.projectuminstitute.online\/product\/professional-certification-in-ai-for-construction-and-infraestructure\/#primaryimage\",\"url\":\"https:\/\/cert.projectuminstitute.online\/wp-content\/uploads\/2026\/01\/Bd_PCAICI.webp\",\"contentUrl\":\"https:\/\/cert.projectuminstitute.online\/wp-content\/uploads\/2026\/01\/Bd_PCAICI.webp\",\"width\":372,\"height\":387},{\"@type\":\"BreadcrumbList\",\"@id\":\"https:\/\/cert.projectuminstitute.online\/product\/professional-certification-in-ai-for-construction-and-infraestructure\/#breadcrumb\",\"itemListElement\":[{\"@type\":\"ListItem\",\"position\":1,\"name\":\"Home\",\"item\":\"https:\/\/cert.projectuminstitute.online\/\"},{\"@type\":\"ListItem\",\"position\":2,\"name\":\"Shop\",\"item\":\"https:\/\/cert.projectuminstitute.online\/shop\/\"},{\"@type\":\"ListItem\",\"position\":3,\"name\":\"Professional Certification in AI For Construction and Infrastructure\"}]},{\"@type\":\"WebSite\",\"@id\":\"https:\/\/cert.projectuminstitute.online\/#website\",\"url\":\"https:\/\/cert.projectuminstitute.online\/\",\"name\":\"Projectum Cert\",\"description\":\"Projectum Cert\",\"publisher\":{\"@id\":\"https:\/\/cert.projectuminstitute.online\/#organization\"},\"potentialAction\":[{\"@type\":\"SearchAction\",\"target\":{\"@type\":\"EntryPoint\",\"urlTemplate\":\"https:\/\/cert.projectuminstitute.online\/?s={search_term_string}\"},\"query-input\":{\"@type\":\"PropertyValueSpecification\",\"valueRequired\":true,\"valueName\":\"search_term_string\"}}],\"inLanguage\":\"es\"},{\"@type\":\"Organization\",\"@id\":\"https:\/\/cert.projectuminstitute.online\/#organization\",\"name\":\"Projectum Cert\",\"url\":\"https:\/\/cert.projectuminstitute.online\/\",\"logo\":{\"@type\":\"ImageObject\",\"inLanguage\":\"es\",\"@id\":\"https:\/\/cert.projectuminstitute.online\/#\/schema\/logo\/image\/\",\"url\":\"https:\/\/cert.projectuminstitute.online\/wp-content\/uploads\/2024\/12\/PC_V-original.webp\",\"contentUrl\":\"https:\/\/cert.projectuminstitute.online\/wp-content\/uploads\/2024\/12\/PC_V-original.webp\",\"width\":500,\"height\":500,\"caption\":\"Projectum Cert\"},\"image\":{\"@id\":\"https:\/\/cert.projectuminstitute.online\/#\/schema\/logo\/image\/\"},\"sameAs\":[\"https:\/\/www.facebook.com\/Projectumcert\"]}]}<\/script>\n<!-- \/ Yoast SEO plugin. -->","yoast_head_json":{"title":"Libre de la IA para la Construcci\u00f3n | Verificable Digital Insignia","description":"Get your Free AI para los Gerentes de Proyecto de Certificaci\u00f3n y ganar un Verificables Digital Insignia para mostrar su capacidad para aplicar la inteligencia artificial en la gesti\u00f3n de proyectos.","robots":{"index":"index","follow":"follow","max-snippet":"max-snippet:-1","max-image-preview":"max-image-preview:large","max-video-preview":"max-video-preview:-1"},"canonical":"https:\/\/cert.projectuminstitute.online\/es\/product\/professional-certification-in-ai-for-construction-and-infraestructure\/","og_locale":"es_ES","og_type":"article","og_title":"Free AI for Construction | Verifiable Digital Badge","og_description":"Get your Free AI for Project Managers Certification and earn a Verifiable Digital Badge to showcase your ability to apply artificial intelligence in project management.","og_url":"https:\/\/cert.projectuminstitute.online\/es\/product\/professional-certification-in-ai-for-construction-and-infraestructure\/","og_site_name":"Projectum Cert","article_publisher":"https:\/\/www.facebook.com\/Projectumcert","article_modified_time":"2026-03-10T14:45:39+00:00","og_image":[{"width":372,"height":387,"url":"https:\/\/cert.projectuminstitute.online\/wp-content\/uploads\/2026\/01\/Bd_PCAICI.webp","type":"image\/webp"}],"twitter_card":"summary_large_image","twitter_misc":{"Tiempo de lectura":"1 minuto"},"schema":{"@context":"https:\/\/schema.org","@graph":[{"@type":"WebPage","@id":"https:\/\/cert.projectuminstitute.online\/product\/professional-certification-in-ai-for-construction-and-infraestructure\/","url":"https:\/\/cert.projectuminstitute.online\/product\/professional-certification-in-ai-for-construction-and-infraestructure\/","name":"Libre de la IA para la Construcci\u00f3n | Verificable Digital Insignia","isPartOf":{"@id":"https:\/\/cert.projectuminstitute.online\/#website"},"primaryImageOfPage":{"@id":"https:\/\/cert.projectuminstitute.online\/product\/professional-certification-in-ai-for-construction-and-infraestructure\/#primaryimage"},"image":{"@id":"https:\/\/cert.projectuminstitute.online\/product\/professional-certification-in-ai-for-construction-and-infraestructure\/#primaryimage"},"thumbnailUrl":"https:\/\/cert.projectuminstitute.online\/wp-content\/uploads\/2026\/01\/Bd_PCAICI.webp","datePublished":"2026-01-14T21:59:41+00:00","dateModified":"2026-03-10T14:45:39+00:00","description":"Get your Free AI para los Gerentes de Proyecto de Certificaci\u00f3n y ganar un Verificables Digital Insignia para mostrar su capacidad para aplicar la inteligencia artificial en la gesti\u00f3n de proyectos.","breadcrumb":{"@id":"https:\/\/cert.projectuminstitute.online\/product\/professional-certification-in-ai-for-construction-and-infraestructure\/#breadcrumb"},"inLanguage":"es","potentialAction":[{"@type":"ReadAction","target":["https:\/\/cert.projectuminstitute.online\/product\/professional-certification-in-ai-for-construction-and-infraestructure\/"]}]},{"@type":"ImageObject","inLanguage":"es","@id":"https:\/\/cert.projectuminstitute.online\/product\/professional-certification-in-ai-for-construction-and-infraestructure\/#primaryimage","url":"https:\/\/cert.projectuminstitute.online\/wp-content\/uploads\/2026\/01\/Bd_PCAICI.webp","contentUrl":"https:\/\/cert.projectuminstitute.online\/wp-content\/uploads\/2026\/01\/Bd_PCAICI.webp","width":372,"height":387},{"@type":"BreadcrumbList","@id":"https:\/\/cert.projectuminstitute.online\/product\/professional-certification-in-ai-for-construction-and-infraestructure\/#breadcrumb","itemListElement":[{"@type":"ListItem","position":1,"name":"Home","item":"https:\/\/cert.projectuminstitute.online\/"},{"@type":"ListItem","position":2,"name":"Shop","item":"https:\/\/cert.projectuminstitute.online\/shop\/"},{"@type":"ListItem","position":3,"name":"Professional Certification in AI For Construction and Infrastructure"}]},{"@type":"WebSite","@id":"https:\/\/cert.projectuminstitute.online\/#website","url":"https:\/\/cert.projectuminstitute.online\/","name":"Projectum Cert","description":"Projectum Cert","publisher":{"@id":"https:\/\/cert.projectuminstitute.online\/#organization"},"potentialAction":[{"@type":"SearchAction","target":{"@type":"EntryPoint","urlTemplate":"https:\/\/cert.projectuminstitute.online\/?s={search_term_string}"},"query-input":{"@type":"PropertyValueSpecification","valueRequired":true,"valueName":"search_term_string"}}],"inLanguage":"es"},{"@type":"Organization","@id":"https:\/\/cert.projectuminstitute.online\/#organization","name":"Projectum Cert","url":"https:\/\/cert.projectuminstitute.online\/","logo":{"@type":"ImageObject","inLanguage":"es","@id":"https:\/\/cert.projectuminstitute.online\/#\/schema\/logo\/image\/","url":"https:\/\/cert.projectuminstitute.online\/wp-content\/uploads\/2024\/12\/PC_V-original.webp","contentUrl":"https:\/\/cert.projectuminstitute.online\/wp-content\/uploads\/2024\/12\/PC_V-original.webp","width":500,"height":500,"caption":"Projectum Cert"},"image":{"@id":"https:\/\/cert.projectuminstitute.online\/#\/schema\/logo\/image\/"},"sameAs":["https:\/\/www.facebook.com\/Projectumcert"]}]}},"_links":{"self":[{"href":"https:\/\/cert.projectuminstitute.online\/es\/wp-json\/wp\/v2\/product\/3543","targetHints":{"allow":["GET"]}}],"collection":[{"href":"https:\/\/cert.projectuminstitute.online\/es\/wp-json\/wp\/v2\/product"}],"about":[{"href":"https:\/\/cert.projectuminstitute.online\/es\/wp-json\/wp\/v2\/types\/product"}],"replies":[{"embeddable":true,"href":"https:\/\/cert.projectuminstitute.online\/es\/wp-json\/wp\/v2\/comments?post=3543"}],"wp:featuredmedia":[{"embeddable":true,"href":"https:\/\/cert.projectuminstitute.online\/es\/wp-json\/wp\/v2\/media\/3546"}],"wp:attachment":[{"href":"https:\/\/cert.projectuminstitute.online\/es\/wp-json\/wp\/v2\/media?parent=3543"}],"wp:term":[{"taxonomy":"product_brand","embeddable":true,"href":"https:\/\/cert.projectuminstitute.online\/es\/wp-json\/wp\/v2\/product_brand?post=3543"},{"taxonomy":"product_cat","embeddable":true,"href":"https:\/\/cert.projectuminstitute.online\/es\/wp-json\/wp\/v2\/product_cat?post=3543"},{"taxonomy":"product_tag","embeddable":true,"href":"https:\/\/cert.projectuminstitute.online\/es\/wp-json\/wp\/v2\/product_tag?post=3543"}],"curies":[{"name":"wp","href":"https:\/\/api.w.org\/{rel}","templated":true}]}}