{"id":2711,"date":"2025-08-13T14:00:06","date_gmt":"2025-08-13T19:00:06","guid":{"rendered":"https:\/\/cert.projectuminstitute.online\/?post_type=product&#038;p=2711"},"modified":"2026-03-10T09:59:53","modified_gmt":"2026-03-10T14:59:53","slug":"professional-certification-in-ai-for-educators","status":"publish","type":"product","link":"https:\/\/cert.projectuminstitute.online\/es\/product\/professional-certification-in-ai-for-educators\/","title":{"rendered":"Professional Certification in AI for Educators"},"content":{"rendered":"<h3><span style=\"color: #1c3661;\"><strong>DETALLES<\/strong><\/span><\/h3>\n<p><span style=\"color: #1c3661;\"><strong>Nombre Del Examen:<\/strong> Certificaci\u00f3n profesional en la IA de los Educadores \u2013 PCAIE<\/span><br \/>\n<span style=\"color: #1c3661;\"><strong>Formato Del Examen:<\/strong> Preguntas de opci\u00f3n m\u00faltiple.<\/span><br \/>\n<span style=\"color: #1c3661;\"><strong>Examen De Entrega:<\/strong> Basada en Web (navegador \u00fanico), cerr\u00f3 el libro, sin asistencia externa, tiempo de espera.<\/span><br \/>\n<span style=\"color: #1c3661;\"><strong>Duraci\u00f3n De La Prueba:<\/strong> Una vez que el examen comienza, los candidatos tienen 60 minutos para completarlo.<\/span><br \/>\n<span style=\"color: #1c3661;\"><strong>N\u00famero de Preguntas:<\/strong> 40.<\/span><br \/>\n<span style=\"color: #1c3661;\"><strong>Puntaje De Aprobaci\u00f3n:<\/strong> 75%.<\/span><br \/>\n<span style=\"color: #1c3661;\"><strong>Idiomas Disponibles:<\/strong> El ingl\u00e9s y el espa\u00f1ol.<\/span><br \/>\n<span style=\"color: #1c3661;\"><strong>Requisitos:<\/strong> Ninguno.<\/span><br \/>\n<span style=\"color: #1c3661;\"><strong>Examen vigilado:<\/strong> La supervisi\u00f3n en l\u00ednea<\/span><br \/>\n<span style=\"color: #1c3661;\"><strong>Certificaci\u00f3n De Vencimiento:<\/strong> 2 a\u00f1os<\/span><\/p>","protected":false},"excerpt":{"rendered":"<p><span style=\"color: #1c3661;\">Posicionarse en la vanguardia de la innovaci\u00f3n educativa con nuestra Certificaci\u00f3n Profesional en Inteligencia Artificial para los Educadores, la validaci\u00f3n de su experiencia en la integraci\u00f3n de la vanguardia AI herramientas en entornos de ense\u00f1anza y aprendizaje. Desde estrat\u00e9gica de dise\u00f1o curricular para la pr\u00e1ctica en el aula de implementaci\u00f3n, este reconocimiento confirma su capacidad para transformar complejo AI conceptos en la participaci\u00f3n, pr\u00e1cticas y de alto impacto experiencias de aprendizaje.<\/span><\/p>\n<p><span style=\"color: #1c3661;\">Esta certificaci\u00f3n valida a\u00fan m\u00e1s su probada capacidad para colaborar eficazmente con acad\u00e9micos y t\u00e9cnicos de los equipos, la reducci\u00f3n de la brecha entre el avance tecnol\u00f3gico y objetivos pedag\u00f3gicos. Como un educador certificado, que son reconocidas como una fuerza clave en la conducci\u00f3n de la adopci\u00f3n de tecnolog\u00edas innovadoras en la educaci\u00f3n, abriendo nuevas v\u00edas para el \u00e9xito del estudiante, y asegurando que su instituci\u00f3n se desarrolla en un cambiante panorama digital.<\/span><\/p>","protected":false},"featured_media":2783,"comment_status":"closed","ping_status":"closed","template":"","meta":{"_acf_changed":false},"product_brand":[],"product_cat":[23],"product_tag":[31],"class_list":{"0":"post-2711","1":"product","2":"type-product","3":"status-publish","4":"has-post-thumbnail","6":"product_cat-artificial-intelligence","7":"product_tag-relacion","9":"first","10":"instock","11":"shipping-taxable","12":"purchasable","13":"product-type-variable","14":"has-default-attributes"},"acf":[],"yoast_head":"<!-- This site is optimized with the Yoast SEO plugin v27.1.1 - https:\/\/yoast.com\/product\/yoast-seo-wordpress\/ -->\n<title>Free AI Certification for Educators | Verifiable Digital Badge<\/title>\n<meta name=\"description\" content=\"Get your Free AI Certification for Educators and earn a Verifiable Digital Badge to showcase your innovation and teaching skills.\" \/>\n<meta name=\"robots\" content=\"index, follow, max-snippet:-1, max-image-preview:large, max-video-preview:-1\" \/>\n<link rel=\"canonical\" href=\"https:\/\/cert.projectuminstitute.online\/es\/product\/professional-certification-in-ai-for-educators\/\" \/>\n<meta property=\"og:locale\" content=\"es_ES\" \/>\n<meta property=\"og:type\" content=\"article\" \/>\n<meta property=\"og:title\" content=\"Free AI Certification for Educators | Verifiable Digital Badge\" \/>\n<meta property=\"og:description\" content=\"Get your Free AI Certification for Educators and earn a Verifiable Digital Badge to showcase your innovation and teaching skills.\" \/>\n<meta property=\"og:url\" content=\"https:\/\/cert.projectuminstitute.online\/es\/product\/professional-certification-in-ai-for-educators\/\" \/>\n<meta property=\"og:site_name\" content=\"Projectum Cert\" \/>\n<meta property=\"article:publisher\" content=\"https:\/\/www.facebook.com\/Projectumcert\" \/>\n<meta property=\"article:modified_time\" content=\"2026-03-10T14:59:53+00:00\" \/>\n<meta property=\"og:image\" content=\"https:\/\/cert.projectuminstitute.online\/wp-content\/uploads\/2025\/08\/Ai-Educadores_Mesa-de-trabajo-1-copia-36.png\" \/>\n\t<meta property=\"og:image:width\" content=\"1272\" \/>\n\t<meta property=\"og:image:height\" content=\"1280\" \/>\n\t<meta property=\"og:image:type\" content=\"image\/png\" \/>\n<meta name=\"twitter:card\" content=\"summary_large_image\" \/>\n<meta name=\"twitter:label1\" content=\"Tiempo de lectura\" \/>\n\t<meta name=\"twitter:data1\" content=\"1 minuto\" \/>\n<script type=\"application\/ld+json\" class=\"yoast-schema-graph\">{\"@context\":\"https:\/\/schema.org\",\"@graph\":[{\"@type\":\"WebPage\",\"@id\":\"https:\/\/cert.projectuminstitute.online\/product\/professional-certification-in-ai-for-educators\/\",\"url\":\"https:\/\/cert.projectuminstitute.online\/product\/professional-certification-in-ai-for-educators\/\",\"name\":\"Free AI Certification for Educators | Verifiable Digital Badge\",\"isPartOf\":{\"@id\":\"https:\/\/cert.projectuminstitute.online\/#website\"},\"primaryImageOfPage\":{\"@id\":\"https:\/\/cert.projectuminstitute.online\/product\/professional-certification-in-ai-for-educators\/#primaryimage\"},\"image\":{\"@id\":\"https:\/\/cert.projectuminstitute.online\/product\/professional-certification-in-ai-for-educators\/#primaryimage\"},\"thumbnailUrl\":\"https:\/\/cert.projectuminstitute.online\/wp-content\/uploads\/2025\/08\/Ai-Educadores_Mesa-de-trabajo-1-copia-36.png\",\"datePublished\":\"2025-08-13T19:00:06+00:00\",\"dateModified\":\"2026-03-10T14:59:53+00:00\",\"description\":\"Get your Free AI Certification for Educators and earn a Verifiable Digital Badge to showcase your innovation and teaching skills.\",\"breadcrumb\":{\"@id\":\"https:\/\/cert.projectuminstitute.online\/product\/professional-certification-in-ai-for-educators\/#breadcrumb\"},\"inLanguage\":\"es\",\"potentialAction\":[{\"@type\":\"ReadAction\",\"target\":[\"https:\/\/cert.projectuminstitute.online\/product\/professional-certification-in-ai-for-educators\/\"]}]},{\"@type\":\"ImageObject\",\"inLanguage\":\"es\",\"@id\":\"https:\/\/cert.projectuminstitute.online\/product\/professional-certification-in-ai-for-educators\/#primaryimage\",\"url\":\"https:\/\/cert.projectuminstitute.online\/wp-content\/uploads\/2025\/08\/Ai-Educadores_Mesa-de-trabajo-1-copia-36.png\",\"contentUrl\":\"https:\/\/cert.projectuminstitute.online\/wp-content\/uploads\/2025\/08\/Ai-Educadores_Mesa-de-trabajo-1-copia-36.png\",\"width\":1272,\"height\":1280},{\"@type\":\"BreadcrumbList\",\"@id\":\"https:\/\/cert.projectuminstitute.online\/product\/professional-certification-in-ai-for-educators\/#breadcrumb\",\"itemListElement\":[{\"@type\":\"ListItem\",\"position\":1,\"name\":\"Home\",\"item\":\"https:\/\/cert.projectuminstitute.online\/\"},{\"@type\":\"ListItem\",\"position\":2,\"name\":\"Shop\",\"item\":\"https:\/\/cert.projectuminstitute.online\/shop\/\"},{\"@type\":\"ListItem\",\"position\":3,\"name\":\"Professional Certification in AI for Educators\"}]},{\"@type\":\"WebSite\",\"@id\":\"https:\/\/cert.projectuminstitute.online\/#website\",\"url\":\"https:\/\/cert.projectuminstitute.online\/\",\"name\":\"Projectum Cert\",\"description\":\"Projectum Cert\",\"publisher\":{\"@id\":\"https:\/\/cert.projectuminstitute.online\/#organization\"},\"potentialAction\":[{\"@type\":\"SearchAction\",\"target\":{\"@type\":\"EntryPoint\",\"urlTemplate\":\"https:\/\/cert.projectuminstitute.online\/?s={search_term_string}\"},\"query-input\":{\"@type\":\"PropertyValueSpecification\",\"valueRequired\":true,\"valueName\":\"search_term_string\"}}],\"inLanguage\":\"es\"},{\"@type\":\"Organization\",\"@id\":\"https:\/\/cert.projectuminstitute.online\/#organization\",\"name\":\"Projectum Cert\",\"url\":\"https:\/\/cert.projectuminstitute.online\/\",\"logo\":{\"@type\":\"ImageObject\",\"inLanguage\":\"es\",\"@id\":\"https:\/\/cert.projectuminstitute.online\/#\/schema\/logo\/image\/\",\"url\":\"https:\/\/cert.projectuminstitute.online\/wp-content\/uploads\/2024\/12\/PC_V-original.webp\",\"contentUrl\":\"https:\/\/cert.projectuminstitute.online\/wp-content\/uploads\/2024\/12\/PC_V-original.webp\",\"width\":500,\"height\":500,\"caption\":\"Projectum Cert\"},\"image\":{\"@id\":\"https:\/\/cert.projectuminstitute.online\/#\/schema\/logo\/image\/\"},\"sameAs\":[\"https:\/\/www.facebook.com\/Projectumcert\"]}]}<\/script>\n<!-- \/ Yoast SEO plugin. -->","yoast_head_json":{"title":"Libre de la IA de Certificaci\u00f3n para Educadores | Verificable Digital Insignia","description":"Get your Free AI Certificaci\u00f3n para Educadores y ganar un Verificables Digital Insignia para mostrar su innovaci\u00f3n y habilidades de ense\u00f1anza.","robots":{"index":"index","follow":"follow","max-snippet":"max-snippet:-1","max-image-preview":"max-image-preview:large","max-video-preview":"max-video-preview:-1"},"canonical":"https:\/\/cert.projectuminstitute.online\/es\/product\/professional-certification-in-ai-for-educators\/","og_locale":"es_ES","og_type":"article","og_title":"Free AI Certification for Educators | Verifiable Digital Badge","og_description":"Get your Free AI Certification for Educators and earn a Verifiable Digital Badge to showcase your innovation and teaching skills.","og_url":"https:\/\/cert.projectuminstitute.online\/es\/product\/professional-certification-in-ai-for-educators\/","og_site_name":"Projectum Cert","article_publisher":"https:\/\/www.facebook.com\/Projectumcert","article_modified_time":"2026-03-10T14:59:53+00:00","og_image":[{"width":1272,"height":1280,"url":"https:\/\/cert.projectuminstitute.online\/wp-content\/uploads\/2025\/08\/Ai-Educadores_Mesa-de-trabajo-1-copia-36.png","type":"image\/png"}],"twitter_card":"summary_large_image","twitter_misc":{"Tiempo de lectura":"1 minuto"},"schema":{"@context":"https:\/\/schema.org","@graph":[{"@type":"WebPage","@id":"https:\/\/cert.projectuminstitute.online\/product\/professional-certification-in-ai-for-educators\/","url":"https:\/\/cert.projectuminstitute.online\/product\/professional-certification-in-ai-for-educators\/","name":"Libre de la IA de Certificaci\u00f3n para Educadores | Verificable Digital Insignia","isPartOf":{"@id":"https:\/\/cert.projectuminstitute.online\/#website"},"primaryImageOfPage":{"@id":"https:\/\/cert.projectuminstitute.online\/product\/professional-certification-in-ai-for-educators\/#primaryimage"},"image":{"@id":"https:\/\/cert.projectuminstitute.online\/product\/professional-certification-in-ai-for-educators\/#primaryimage"},"thumbnailUrl":"https:\/\/cert.projectuminstitute.online\/wp-content\/uploads\/2025\/08\/Ai-Educadores_Mesa-de-trabajo-1-copia-36.png","datePublished":"2025-08-13T19:00:06+00:00","dateModified":"2026-03-10T14:59:53+00:00","description":"Get your Free AI Certificaci\u00f3n para Educadores y ganar un Verificables Digital Insignia para mostrar su innovaci\u00f3n y habilidades de ense\u00f1anza.","breadcrumb":{"@id":"https:\/\/cert.projectuminstitute.online\/product\/professional-certification-in-ai-for-educators\/#breadcrumb"},"inLanguage":"es","potentialAction":[{"@type":"ReadAction","target":["https:\/\/cert.projectuminstitute.online\/product\/professional-certification-in-ai-for-educators\/"]}]},{"@type":"ImageObject","inLanguage":"es","@id":"https:\/\/cert.projectuminstitute.online\/product\/professional-certification-in-ai-for-educators\/#primaryimage","url":"https:\/\/cert.projectuminstitute.online\/wp-content\/uploads\/2025\/08\/Ai-Educadores_Mesa-de-trabajo-1-copia-36.png","contentUrl":"https:\/\/cert.projectuminstitute.online\/wp-content\/uploads\/2025\/08\/Ai-Educadores_Mesa-de-trabajo-1-copia-36.png","width":1272,"height":1280},{"@type":"BreadcrumbList","@id":"https:\/\/cert.projectuminstitute.online\/product\/professional-certification-in-ai-for-educators\/#breadcrumb","itemListElement":[{"@type":"ListItem","position":1,"name":"Home","item":"https:\/\/cert.projectuminstitute.online\/"},{"@type":"ListItem","position":2,"name":"Shop","item":"https:\/\/cert.projectuminstitute.online\/shop\/"},{"@type":"ListItem","position":3,"name":"Professional Certification in AI for Educators"}]},{"@type":"WebSite","@id":"https:\/\/cert.projectuminstitute.online\/#website","url":"https:\/\/cert.projectuminstitute.online\/","name":"Projectum Cert","description":"Projectum Cert","publisher":{"@id":"https:\/\/cert.projectuminstitute.online\/#organization"},"potentialAction":[{"@type":"SearchAction","target":{"@type":"EntryPoint","urlTemplate":"https:\/\/cert.projectuminstitute.online\/?s={search_term_string}"},"query-input":{"@type":"PropertyValueSpecification","valueRequired":true,"valueName":"search_term_string"}}],"inLanguage":"es"},{"@type":"Organization","@id":"https:\/\/cert.projectuminstitute.online\/#organization","name":"Projectum Cert","url":"https:\/\/cert.projectuminstitute.online\/","logo":{"@type":"ImageObject","inLanguage":"es","@id":"https:\/\/cert.projectuminstitute.online\/#\/schema\/logo\/image\/","url":"https:\/\/cert.projectuminstitute.online\/wp-content\/uploads\/2024\/12\/PC_V-original.webp","contentUrl":"https:\/\/cert.projectuminstitute.online\/wp-content\/uploads\/2024\/12\/PC_V-original.webp","width":500,"height":500,"caption":"Projectum Cert"},"image":{"@id":"https:\/\/cert.projectuminstitute.online\/#\/schema\/logo\/image\/"},"sameAs":["https:\/\/www.facebook.com\/Projectumcert"]}]}},"_links":{"self":[{"href":"https:\/\/cert.projectuminstitute.online\/es\/wp-json\/wp\/v2\/product\/2711","targetHints":{"allow":["GET"]}}],"collection":[{"href":"https:\/\/cert.projectuminstitute.online\/es\/wp-json\/wp\/v2\/product"}],"about":[{"href":"https:\/\/cert.projectuminstitute.online\/es\/wp-json\/wp\/v2\/types\/product"}],"replies":[{"embeddable":true,"href":"https:\/\/cert.projectuminstitute.online\/es\/wp-json\/wp\/v2\/comments?post=2711"}],"wp:featuredmedia":[{"embeddable":true,"href":"https:\/\/cert.projectuminstitute.online\/es\/wp-json\/wp\/v2\/media\/2783"}],"wp:attachment":[{"href":"https:\/\/cert.projectuminstitute.online\/es\/wp-json\/wp\/v2\/media?parent=2711"}],"wp:term":[{"taxonomy":"product_brand","embeddable":true,"href":"https:\/\/cert.projectuminstitute.online\/es\/wp-json\/wp\/v2\/product_brand?post=2711"},{"taxonomy":"product_cat","embeddable":true,"href":"https:\/\/cert.projectuminstitute.online\/es\/wp-json\/wp\/v2\/product_cat?post=2711"},{"taxonomy":"product_tag","embeddable":true,"href":"https:\/\/cert.projectuminstitute.online\/es\/wp-json\/wp\/v2\/product_tag?post=2711"}],"curies":[{"name":"wp","href":"https:\/\/api.w.org\/{rel}","templated":true}]}}