{"id":2438,"date":"2025-04-21T21:12:37","date_gmt":"2025-04-22T02:12:37","guid":{"rendered":"https:\/\/cert.projectuminstitute.online\/?post_type=product&#038;p=2438"},"modified":"2026-03-10T10:09:54","modified_gmt":"2026-03-10T15:09:54","slug":"project-management-office-senior-expert","status":"publish","type":"product","link":"https:\/\/cert.projectuminstitute.online\/es\/product\/project-management-office-senior-expert\/","title":{"rendered":"Project Management Office Senior eXpert"},"content":{"rendered":"<h3><span style=\"color: #1c3661;\"><strong>DETALLES<\/strong> <\/span><\/h3>\n<p><span style=\"color: #1c3661;\"><strong>Nombre Del Examen:<\/strong> Oficina de Gesti\u00f3n de proyectos Senior experto (PMO-SX)<\/span><br \/>\n<span style=\"color: #1c3661;\"><strong>Formato Del Examen<\/strong>: Preguntas de elecci\u00f3n m\u00faltiple.<\/span><br \/>\n<span style=\"color: #1c3661;\"><strong>Examen De Entrega:<\/strong> Basada en Web (navegador \u00fanico), cerr\u00f3 el libro, sin asistencia externa, tiempo de espera.<\/span><br \/>\n<span style=\"color: #1c3661;\"><strong>Duraci\u00f3n De La Prueba:<\/strong> Una vez que el examen comienza, los candidatos tienen 60 minutos para completarlo.<\/span><br \/>\n<span style=\"color: #1c3661;\"><strong>N\u00famero de Preguntas:<\/strong> 40.<\/span><br \/>\n<span style=\"color: #1c3661;\"><strong>Puntaje De Aprobaci\u00f3n:<\/strong> 75%.<\/span><br \/>\n<span style=\"color: #1c3661;\"><strong>Idiomas Disponibles:<\/strong> Ingl\u00e9s, espa\u00f1ol, franc\u00e9s y portugu\u00e9s.<\/span><br \/>\n<strong><span style=\"color: #1c3661;\">Requisitos:<\/span><\/strong><br \/>\n<span style=\"color: #1c3661;\">\u2022 En menos de 7 a 10 a\u00f1os de experiencia liderando o contribuir a los proyectos desafiantes.<\/span><br \/>\n<span style=\"color: #1c3661;\">\u2022 Completado un grado universitario (licenciatura o superior).<\/span><br \/>\n<span style=\"color: #1c3661;\">\u2022 Un m\u00ednimo de 80 horas de formal de capacitaci\u00f3n en gesti\u00f3n de proyectos.<\/span><br \/>\n<span style=\"color: #1c3661;\">\u2022 Un perfil p\u00fablico de LinkedIn muestra relevante de la experiencia del proyecto y profesional de los endosos.<\/span><br \/>\n<span style=\"color: #1c3661;\"><strong>Examen vigilado:<\/strong> La supervisi\u00f3n en l\u00ednea<\/span><br \/>\n<span style=\"color: #1c3661;\"><strong>Certificaci\u00f3n De Vencimiento:<\/strong>\u00a02 a\u00f1os<\/span><\/p>","protected":false},"excerpt":{"rendered":"<p><span style=\"color: #1c3661;\">Una PMO (Oficina de Gesti\u00f3n de Proyectos) es un sistema centralizado de equipo que asegura el \u00e9xito de los resultados del proyecto. La OGP paisaje var\u00eda de Apoyo para el Control y la Directiva, cada uno con diversos roles en funci\u00f3n de las necesidades de la organizaci\u00f3n. <\/span><span style=\"color: #1c3661;\">Algunas certificaciones de reclamo para validar la experiencia en PMO, sin embargo, que s\u00f3lo requieren cualificaci\u00f3n b\u00e1sica, un m\u00ednimo de entrenamiento, o un diploma de la escuela secundaria, sin la necesidad de un t\u00edtulo universitario o amplia experiencia de liderazgo. <\/span><span style=\"color: #1c3661;\">La OGP-SX, Oficina de Gesti\u00f3n de Proyectos Senior experto destaca como una certificaci\u00f3n a nivel global que requiere completar un grado universitario, amplia capacitaci\u00f3n en gesti\u00f3n de proyectos, y las manos-en la PMO de la experiencia. Los candidatos deben demostrar una comprensi\u00f3n profunda de los valores de la OGP ofrece en diversos entornos organizativos. <\/span><span style=\"color: #1c3661;\">Esta certificaci\u00f3n no es acerca del potencial que representa la capacidad probada, una avanzada experiencia y alto nivel de liderazgo<\/span><\/p>","protected":false},"featured_media":2442,"comment_status":"closed","ping_status":"closed","template":"","meta":{"_acf_changed":false},"product_brand":[],"product_cat":[22],"product_tag":[],"class_list":{"0":"post-2438","1":"product","2":"type-product","3":"status-publish","4":"has-post-thumbnail","6":"product_cat-project-management","8":"first","9":"instock","10":"shipping-taxable","11":"product-type-simple"},"acf":[],"yoast_head":"<!-- This site is optimized with the Yoast SEO plugin v27.1.1 - https:\/\/yoast.com\/product\/yoast-seo-wordpress\/ -->\n<title>Free PMO Certification | Verifiable Digital Badge<\/title>\n<meta name=\"description\" content=\"Get your Project Management Office Certification and earn a Verifiable Digital Badge to prove your ability to design, implement, and lead a successful PMO.\" \/>\n<meta name=\"robots\" content=\"index, follow, max-snippet:-1, max-image-preview:large, max-video-preview:-1\" \/>\n<link rel=\"canonical\" href=\"https:\/\/cert.projectuminstitute.online\/es\/product\/project-management-office-senior-expert\/\" \/>\n<meta property=\"og:locale\" content=\"es_ES\" \/>\n<meta property=\"og:type\" content=\"article\" \/>\n<meta property=\"og:title\" content=\"Free PMO Certification | Verifiable Digital Badge\" \/>\n<meta property=\"og:description\" content=\"Get your Project Management Office Certification and earn a Verifiable Digital Badge to prove your ability to design, implement, and lead a successful PMO.\" \/>\n<meta property=\"og:url\" content=\"https:\/\/cert.projectuminstitute.online\/es\/product\/project-management-office-senior-expert\/\" \/>\n<meta property=\"og:site_name\" content=\"Projectum Cert\" \/>\n<meta property=\"article:publisher\" content=\"https:\/\/www.facebook.com\/Projectumcert\" \/>\n<meta property=\"article:modified_time\" content=\"2026-03-10T15:09:54+00:00\" \/>\n<meta property=\"og:image\" content=\"https:\/\/cert.projectuminstitute.online\/wp-content\/uploads\/2025\/04\/pmo-sx-1.webp\" \/>\n\t<meta property=\"og:image:width\" content=\"295\" \/>\n\t<meta property=\"og:image:height\" content=\"308\" \/>\n\t<meta property=\"og:image:type\" content=\"image\/webp\" \/>\n<meta name=\"twitter:card\" content=\"summary_large_image\" \/>\n<meta name=\"twitter:label1\" content=\"Tiempo de lectura\" \/>\n\t<meta name=\"twitter:data1\" content=\"1 minuto\" \/>\n<script type=\"application\/ld+json\" class=\"yoast-schema-graph\">{\"@context\":\"https:\/\/schema.org\",\"@graph\":[{\"@type\":\"WebPage\",\"@id\":\"https:\/\/cert.projectuminstitute.online\/product\/project-management-office-senior-expert\/\",\"url\":\"https:\/\/cert.projectuminstitute.online\/product\/project-management-office-senior-expert\/\",\"name\":\"Free PMO Certification | Verifiable Digital Badge\",\"isPartOf\":{\"@id\":\"https:\/\/cert.projectuminstitute.online\/#website\"},\"primaryImageOfPage\":{\"@id\":\"https:\/\/cert.projectuminstitute.online\/product\/project-management-office-senior-expert\/#primaryimage\"},\"image\":{\"@id\":\"https:\/\/cert.projectuminstitute.online\/product\/project-management-office-senior-expert\/#primaryimage\"},\"thumbnailUrl\":\"https:\/\/cert.projectuminstitute.online\/wp-content\/uploads\/2025\/04\/pmo-sx-1.webp\",\"datePublished\":\"2025-04-22T02:12:37+00:00\",\"dateModified\":\"2026-03-10T15:09:54+00:00\",\"description\":\"Get your Project Management Office Certification and earn a Verifiable Digital Badge to prove your ability to design, implement, and lead a successful PMO.\",\"breadcrumb\":{\"@id\":\"https:\/\/cert.projectuminstitute.online\/product\/project-management-office-senior-expert\/#breadcrumb\"},\"inLanguage\":\"es\",\"potentialAction\":[{\"@type\":\"ReadAction\",\"target\":[\"https:\/\/cert.projectuminstitute.online\/product\/project-management-office-senior-expert\/\"]}]},{\"@type\":\"ImageObject\",\"inLanguage\":\"es\",\"@id\":\"https:\/\/cert.projectuminstitute.online\/product\/project-management-office-senior-expert\/#primaryimage\",\"url\":\"https:\/\/cert.projectuminstitute.online\/wp-content\/uploads\/2025\/04\/pmo-sx-1.webp\",\"contentUrl\":\"https:\/\/cert.projectuminstitute.online\/wp-content\/uploads\/2025\/04\/pmo-sx-1.webp\",\"width\":295,\"height\":308},{\"@type\":\"BreadcrumbList\",\"@id\":\"https:\/\/cert.projectuminstitute.online\/product\/project-management-office-senior-expert\/#breadcrumb\",\"itemListElement\":[{\"@type\":\"ListItem\",\"position\":1,\"name\":\"Home\",\"item\":\"https:\/\/cert.projectuminstitute.online\/\"},{\"@type\":\"ListItem\",\"position\":2,\"name\":\"Shop\",\"item\":\"https:\/\/cert.projectuminstitute.online\/shop\/\"},{\"@type\":\"ListItem\",\"position\":3,\"name\":\"Project Management Office Senior eXpert\"}]},{\"@type\":\"WebSite\",\"@id\":\"https:\/\/cert.projectuminstitute.online\/#website\",\"url\":\"https:\/\/cert.projectuminstitute.online\/\",\"name\":\"Projectum Cert\",\"description\":\"Projectum Cert\",\"publisher\":{\"@id\":\"https:\/\/cert.projectuminstitute.online\/#organization\"},\"potentialAction\":[{\"@type\":\"SearchAction\",\"target\":{\"@type\":\"EntryPoint\",\"urlTemplate\":\"https:\/\/cert.projectuminstitute.online\/?s={search_term_string}\"},\"query-input\":{\"@type\":\"PropertyValueSpecification\",\"valueRequired\":true,\"valueName\":\"search_term_string\"}}],\"inLanguage\":\"es\"},{\"@type\":\"Organization\",\"@id\":\"https:\/\/cert.projectuminstitute.online\/#organization\",\"name\":\"Projectum Cert\",\"url\":\"https:\/\/cert.projectuminstitute.online\/\",\"logo\":{\"@type\":\"ImageObject\",\"inLanguage\":\"es\",\"@id\":\"https:\/\/cert.projectuminstitute.online\/#\/schema\/logo\/image\/\",\"url\":\"https:\/\/cert.projectuminstitute.online\/wp-content\/uploads\/2024\/12\/PC_V-original.webp\",\"contentUrl\":\"https:\/\/cert.projectuminstitute.online\/wp-content\/uploads\/2024\/12\/PC_V-original.webp\",\"width\":500,\"height\":500,\"caption\":\"Projectum Cert\"},\"image\":{\"@id\":\"https:\/\/cert.projectuminstitute.online\/#\/schema\/logo\/image\/\"},\"sameAs\":[\"https:\/\/www.facebook.com\/Projectumcert\"]}]}<\/script>\n<!-- \/ Yoast SEO plugin. -->","yoast_head_json":{"title":"Libre PMO Certificaci\u00f3n Verificable Digital Insignia","description":"Obtenga su Oficina de Gesti\u00f3n de Proyectos de Certificaci\u00f3n y ganar un Verificables Digital Insignia de probar su capacidad para dise\u00f1ar, implementar y conducir con \u00e9xito un PMO.","robots":{"index":"index","follow":"follow","max-snippet":"max-snippet:-1","max-image-preview":"max-image-preview:large","max-video-preview":"max-video-preview:-1"},"canonical":"https:\/\/cert.projectuminstitute.online\/es\/product\/project-management-office-senior-expert\/","og_locale":"es_ES","og_type":"article","og_title":"Free PMO Certification | Verifiable Digital Badge","og_description":"Get your Project Management Office Certification and earn a Verifiable Digital Badge to prove your ability to design, implement, and lead a successful PMO.","og_url":"https:\/\/cert.projectuminstitute.online\/es\/product\/project-management-office-senior-expert\/","og_site_name":"Projectum Cert","article_publisher":"https:\/\/www.facebook.com\/Projectumcert","article_modified_time":"2026-03-10T15:09:54+00:00","og_image":[{"width":295,"height":308,"url":"https:\/\/cert.projectuminstitute.online\/wp-content\/uploads\/2025\/04\/pmo-sx-1.webp","type":"image\/webp"}],"twitter_card":"summary_large_image","twitter_misc":{"Tiempo de lectura":"1 minuto"},"schema":{"@context":"https:\/\/schema.org","@graph":[{"@type":"WebPage","@id":"https:\/\/cert.projectuminstitute.online\/product\/project-management-office-senior-expert\/","url":"https:\/\/cert.projectuminstitute.online\/product\/project-management-office-senior-expert\/","name":"Libre PMO Certificaci\u00f3n Verificable Digital Insignia","isPartOf":{"@id":"https:\/\/cert.projectuminstitute.online\/#website"},"primaryImageOfPage":{"@id":"https:\/\/cert.projectuminstitute.online\/product\/project-management-office-senior-expert\/#primaryimage"},"image":{"@id":"https:\/\/cert.projectuminstitute.online\/product\/project-management-office-senior-expert\/#primaryimage"},"thumbnailUrl":"https:\/\/cert.projectuminstitute.online\/wp-content\/uploads\/2025\/04\/pmo-sx-1.webp","datePublished":"2025-04-22T02:12:37+00:00","dateModified":"2026-03-10T15:09:54+00:00","description":"Obtenga su Oficina de Gesti\u00f3n de Proyectos de Certificaci\u00f3n y ganar un Verificables Digital Insignia de probar su capacidad para dise\u00f1ar, implementar y conducir con \u00e9xito un PMO.","breadcrumb":{"@id":"https:\/\/cert.projectuminstitute.online\/product\/project-management-office-senior-expert\/#breadcrumb"},"inLanguage":"es","potentialAction":[{"@type":"ReadAction","target":["https:\/\/cert.projectuminstitute.online\/product\/project-management-office-senior-expert\/"]}]},{"@type":"ImageObject","inLanguage":"es","@id":"https:\/\/cert.projectuminstitute.online\/product\/project-management-office-senior-expert\/#primaryimage","url":"https:\/\/cert.projectuminstitute.online\/wp-content\/uploads\/2025\/04\/pmo-sx-1.webp","contentUrl":"https:\/\/cert.projectuminstitute.online\/wp-content\/uploads\/2025\/04\/pmo-sx-1.webp","width":295,"height":308},{"@type":"BreadcrumbList","@id":"https:\/\/cert.projectuminstitute.online\/product\/project-management-office-senior-expert\/#breadcrumb","itemListElement":[{"@type":"ListItem","position":1,"name":"Home","item":"https:\/\/cert.projectuminstitute.online\/"},{"@type":"ListItem","position":2,"name":"Shop","item":"https:\/\/cert.projectuminstitute.online\/shop\/"},{"@type":"ListItem","position":3,"name":"Project Management Office Senior eXpert"}]},{"@type":"WebSite","@id":"https:\/\/cert.projectuminstitute.online\/#website","url":"https:\/\/cert.projectuminstitute.online\/","name":"Projectum Cert","description":"Projectum Cert","publisher":{"@id":"https:\/\/cert.projectuminstitute.online\/#organization"},"potentialAction":[{"@type":"SearchAction","target":{"@type":"EntryPoint","urlTemplate":"https:\/\/cert.projectuminstitute.online\/?s={search_term_string}"},"query-input":{"@type":"PropertyValueSpecification","valueRequired":true,"valueName":"search_term_string"}}],"inLanguage":"es"},{"@type":"Organization","@id":"https:\/\/cert.projectuminstitute.online\/#organization","name":"Projectum Cert","url":"https:\/\/cert.projectuminstitute.online\/","logo":{"@type":"ImageObject","inLanguage":"es","@id":"https:\/\/cert.projectuminstitute.online\/#\/schema\/logo\/image\/","url":"https:\/\/cert.projectuminstitute.online\/wp-content\/uploads\/2024\/12\/PC_V-original.webp","contentUrl":"https:\/\/cert.projectuminstitute.online\/wp-content\/uploads\/2024\/12\/PC_V-original.webp","width":500,"height":500,"caption":"Projectum Cert"},"image":{"@id":"https:\/\/cert.projectuminstitute.online\/#\/schema\/logo\/image\/"},"sameAs":["https:\/\/www.facebook.com\/Projectumcert"]}]}},"_links":{"self":[{"href":"https:\/\/cert.projectuminstitute.online\/es\/wp-json\/wp\/v2\/product\/2438","targetHints":{"allow":["GET"]}}],"collection":[{"href":"https:\/\/cert.projectuminstitute.online\/es\/wp-json\/wp\/v2\/product"}],"about":[{"href":"https:\/\/cert.projectuminstitute.online\/es\/wp-json\/wp\/v2\/types\/product"}],"replies":[{"embeddable":true,"href":"https:\/\/cert.projectuminstitute.online\/es\/wp-json\/wp\/v2\/comments?post=2438"}],"wp:featuredmedia":[{"embeddable":true,"href":"https:\/\/cert.projectuminstitute.online\/es\/wp-json\/wp\/v2\/media\/2442"}],"wp:attachment":[{"href":"https:\/\/cert.projectuminstitute.online\/es\/wp-json\/wp\/v2\/media?parent=2438"}],"wp:term":[{"taxonomy":"product_brand","embeddable":true,"href":"https:\/\/cert.projectuminstitute.online\/es\/wp-json\/wp\/v2\/product_brand?post=2438"},{"taxonomy":"product_cat","embeddable":true,"href":"https:\/\/cert.projectuminstitute.online\/es\/wp-json\/wp\/v2\/product_cat?post=2438"},{"taxonomy":"product_tag","embeddable":true,"href":"https:\/\/cert.projectuminstitute.online\/es\/wp-json\/wp\/v2\/product_tag?post=2438"}],"curies":[{"name":"wp","href":"https:\/\/api.w.org\/{rel}","templated":true}]}}