{"id":2334,"date":"2025-04-12T15:05:29","date_gmt":"2025-04-12T15:05:29","guid":{"rendered":"https:\/\/cert.projectuminstitute.online\/?post_type=product&#038;p=2334"},"modified":"2026-03-10T10:13:42","modified_gmt":"2026-03-10T15:13:42","slug":"earned-value-management-senior-expert","status":"publish","type":"product","link":"https:\/\/cert.projectuminstitute.online\/es\/product\/earned-value-management-senior-expert\/","title":{"rendered":"Earned Value Management Senior\u00a0eXpert"},"content":{"rendered":"<p><strong><span style=\"color: #003366;\">DETALLES<\/span><\/strong><br \/>\n<span style=\"color: #003366;\"><strong>Nombre Del Examen:<\/strong> Gesti\u00f3n del Valor ganado experto \u2013 EVMSX<\/span><br \/>\n<span style=\"color: #003366;\"><strong>Formato Del Examen:<\/strong> Preguntas de opci\u00f3n m\u00faltiple<\/span><br \/>\n<span style=\"color: #003366;\"><strong>Examen De Entrega:<\/strong> Basada en Web (navegador \u00fanico), cerr\u00f3 el libro, sin asistencia externa, tiempo de<\/span><br \/>\n<span style=\"color: #003366;\"><strong>Duraci\u00f3n De La Prueba:<\/strong> Una vez que el examen comienza, los candidatos tienen 60 minutos para completarlo.<\/span><br \/>\n<span style=\"color: #003366;\"><strong>N\u00famero de Preguntas:<\/strong> 40.<\/span><br \/>\n<span style=\"color: #003366;\"><strong>Puntaje De Aprobaci\u00f3n:<\/strong> 75%.<\/span><br \/>\n<span style=\"color: #003366;\"><strong>Idiomas Disponibles:<\/strong> Ingl\u00e9s, espa\u00f1ol, franc\u00e9s y portugu\u00e9s.<\/span><br \/>\n<span style=\"color: #003366;\"><strong>Requisitos:<\/strong> <\/span><br \/>\n<span style=\"color: #003366;\">\u2022 En menos de 7 a 10 a\u00f1os de experiencia liderando o contribuir a los proyectos desafiantes.<br \/>\n\u2022 Completado un grado universitario (licenciatura o superior).<br \/>\n\u2022 Un m\u00ednimo de 80 horas de formal de capacitaci\u00f3n en gesti\u00f3n de proyectos.<br \/>\n\u2022 Un perfil p\u00fablico de LinkedIn muestra relevante de la experiencia del proyecto y profesional de los endosos.<\/span><br \/>\n<span style=\"color: #003366;\"><strong>Examen vigilado:<\/strong> La supervisi\u00f3n en l\u00ednea<\/span><br \/>\n<span style=\"color: #003366;\"><strong>Certificaci\u00f3n De Vencimiento:<\/strong>\u00a02 a\u00f1os<\/span><\/p>","protected":false},"excerpt":{"rendered":"<p>Senior project management profesional debe obtener la certificaci\u00f3n en EVM (Earned Value Management) por varias razones importantes: mejora de Habilidades: EVM es una t\u00e9cnica clave para la vigilancia y control del proyecto. La masterizaci\u00f3n se demuestra una comprensi\u00f3n s\u00f3lida de c\u00f3mo medir el rendimiento del proyecto y el progreso mediante mediciones precisas. El reconocimiento profesional: la Obtenci\u00f3n de la certificaci\u00f3n incluye un compromiso de mejora continua y eleva el perfil profesional, el posicionamiento de la persona como un experto de confianza en el campo. Oportunidades de crecimiento: valor Organizaciones profesionales certificados, que podr\u00eda abrir las puertas a m\u00e1s estrat\u00e9gico o de mayor responsabilidad los roles.<\/p>","protected":false},"featured_media":2336,"comment_status":"closed","ping_status":"closed","template":"","meta":{"_acf_changed":false},"product_brand":[],"product_cat":[22],"product_tag":[],"class_list":{"0":"post-2334","1":"product","2":"type-product","3":"status-publish","4":"has-post-thumbnail","6":"product_cat-project-management","8":"first","9":"instock","10":"shipping-taxable","11":"product-type-simple"},"acf":[],"yoast_head":"<!-- This site is optimized with the Yoast SEO plugin v27.1.1 - https:\/\/yoast.com\/product\/yoast-seo-wordpress\/ -->\n<title>Free EVM Certification | Verifiable Digital Badge<\/title>\n<meta name=\"description\" content=\"Get your Earned Value Management Certification and earn a Verifiable Digital Badge to demonstrate your ability to control project scope, schedule, and costs effectively.\" \/>\n<meta name=\"robots\" content=\"index, follow, max-snippet:-1, max-image-preview:large, max-video-preview:-1\" \/>\n<link rel=\"canonical\" href=\"https:\/\/cert.projectuminstitute.online\/es\/product\/earned-value-management-senior-expert\/\" \/>\n<meta property=\"og:locale\" content=\"es_ES\" \/>\n<meta property=\"og:type\" content=\"article\" \/>\n<meta property=\"og:title\" content=\"Free EVM Certification | Verifiable Digital Badge\" \/>\n<meta property=\"og:description\" content=\"Get your Earned Value Management Certification and earn a Verifiable Digital Badge to demonstrate your ability to control project scope, schedule, and costs effectively.\" \/>\n<meta property=\"og:url\" content=\"https:\/\/cert.projectuminstitute.online\/es\/product\/earned-value-management-senior-expert\/\" \/>\n<meta property=\"og:site_name\" content=\"Projectum Cert\" \/>\n<meta property=\"article:publisher\" content=\"https:\/\/www.facebook.com\/Projectumcert\" \/>\n<meta property=\"article:modified_time\" content=\"2026-03-10T15:13:42+00:00\" \/>\n<meta property=\"og:image\" content=\"https:\/\/cert.projectuminstitute.online\/wp-content\/uploads\/2025\/04\/EVMSX-budget.png\" \/>\n\t<meta property=\"og:image:width\" content=\"295\" \/>\n\t<meta property=\"og:image:height\" content=\"307\" \/>\n\t<meta property=\"og:image:type\" content=\"image\/png\" \/>\n<meta name=\"twitter:card\" content=\"summary_large_image\" \/>\n<meta name=\"twitter:label1\" content=\"Tiempo de lectura\" \/>\n\t<meta name=\"twitter:data1\" content=\"1 minuto\" \/>\n<script type=\"application\/ld+json\" class=\"yoast-schema-graph\">{\"@context\":\"https:\/\/schema.org\",\"@graph\":[{\"@type\":\"WebPage\",\"@id\":\"https:\/\/cert.projectuminstitute.online\/product\/earned-value-management-senior-expert\/\",\"url\":\"https:\/\/cert.projectuminstitute.online\/product\/earned-value-management-senior-expert\/\",\"name\":\"Free EVM Certification | Verifiable Digital Badge\",\"isPartOf\":{\"@id\":\"https:\/\/cert.projectuminstitute.online\/#website\"},\"primaryImageOfPage\":{\"@id\":\"https:\/\/cert.projectuminstitute.online\/product\/earned-value-management-senior-expert\/#primaryimage\"},\"image\":{\"@id\":\"https:\/\/cert.projectuminstitute.online\/product\/earned-value-management-senior-expert\/#primaryimage\"},\"thumbnailUrl\":\"https:\/\/cert.projectuminstitute.online\/wp-content\/uploads\/2025\/04\/EVMSX-budget.png\",\"datePublished\":\"2025-04-12T15:05:29+00:00\",\"dateModified\":\"2026-03-10T15:13:42+00:00\",\"description\":\"Get your Earned Value Management Certification and earn a Verifiable Digital Badge to demonstrate your ability to control project scope, schedule, and costs effectively.\",\"breadcrumb\":{\"@id\":\"https:\/\/cert.projectuminstitute.online\/product\/earned-value-management-senior-expert\/#breadcrumb\"},\"inLanguage\":\"es\",\"potentialAction\":[{\"@type\":\"ReadAction\",\"target\":[\"https:\/\/cert.projectuminstitute.online\/product\/earned-value-management-senior-expert\/\"]}]},{\"@type\":\"ImageObject\",\"inLanguage\":\"es\",\"@id\":\"https:\/\/cert.projectuminstitute.online\/product\/earned-value-management-senior-expert\/#primaryimage\",\"url\":\"https:\/\/cert.projectuminstitute.online\/wp-content\/uploads\/2025\/04\/EVMSX-budget.png\",\"contentUrl\":\"https:\/\/cert.projectuminstitute.online\/wp-content\/uploads\/2025\/04\/EVMSX-budget.png\",\"width\":295,\"height\":307,\"caption\":\"Earned Value Management Senior\u00a0eXpert\"},{\"@type\":\"BreadcrumbList\",\"@id\":\"https:\/\/cert.projectuminstitute.online\/product\/earned-value-management-senior-expert\/#breadcrumb\",\"itemListElement\":[{\"@type\":\"ListItem\",\"position\":1,\"name\":\"Home\",\"item\":\"https:\/\/cert.projectuminstitute.online\/\"},{\"@type\":\"ListItem\",\"position\":2,\"name\":\"Shop\",\"item\":\"https:\/\/cert.projectuminstitute.online\/shop\/\"},{\"@type\":\"ListItem\",\"position\":3,\"name\":\"Earned Value Management Senior\u00a0eXpert\"}]},{\"@type\":\"WebSite\",\"@id\":\"https:\/\/cert.projectuminstitute.online\/#website\",\"url\":\"https:\/\/cert.projectuminstitute.online\/\",\"name\":\"Projectum Cert\",\"description\":\"Projectum Cert\",\"publisher\":{\"@id\":\"https:\/\/cert.projectuminstitute.online\/#organization\"},\"potentialAction\":[{\"@type\":\"SearchAction\",\"target\":{\"@type\":\"EntryPoint\",\"urlTemplate\":\"https:\/\/cert.projectuminstitute.online\/?s={search_term_string}\"},\"query-input\":{\"@type\":\"PropertyValueSpecification\",\"valueRequired\":true,\"valueName\":\"search_term_string\"}}],\"inLanguage\":\"es\"},{\"@type\":\"Organization\",\"@id\":\"https:\/\/cert.projectuminstitute.online\/#organization\",\"name\":\"Projectum Cert\",\"url\":\"https:\/\/cert.projectuminstitute.online\/\",\"logo\":{\"@type\":\"ImageObject\",\"inLanguage\":\"es\",\"@id\":\"https:\/\/cert.projectuminstitute.online\/#\/schema\/logo\/image\/\",\"url\":\"https:\/\/cert.projectuminstitute.online\/wp-content\/uploads\/2024\/12\/PC_V-original.webp\",\"contentUrl\":\"https:\/\/cert.projectuminstitute.online\/wp-content\/uploads\/2024\/12\/PC_V-original.webp\",\"width\":500,\"height\":500,\"caption\":\"Projectum Cert\"},\"image\":{\"@id\":\"https:\/\/cert.projectuminstitute.online\/#\/schema\/logo\/image\/\"},\"sameAs\":[\"https:\/\/www.facebook.com\/Projectumcert\"]}]}<\/script>\n<!-- \/ Yoast SEO plugin. -->","yoast_head_json":{"title":"Libre EVM Certificaci\u00f3n Verificable Digital Insignia","description":"Obtener su Gesti\u00f3n de Valor Ganado y de Certificaci\u00f3n de ganar un Verificables Digital Insignia para demostrar su capacidad para controlar el alcance del proyecto, cronograma, costos y eficacia.","robots":{"index":"index","follow":"follow","max-snippet":"max-snippet:-1","max-image-preview":"max-image-preview:large","max-video-preview":"max-video-preview:-1"},"canonical":"https:\/\/cert.projectuminstitute.online\/es\/product\/earned-value-management-senior-expert\/","og_locale":"es_ES","og_type":"article","og_title":"Free EVM Certification | Verifiable Digital Badge","og_description":"Get your Earned Value Management Certification and earn a Verifiable Digital Badge to demonstrate your ability to control project scope, schedule, and costs effectively.","og_url":"https:\/\/cert.projectuminstitute.online\/es\/product\/earned-value-management-senior-expert\/","og_site_name":"Projectum Cert","article_publisher":"https:\/\/www.facebook.com\/Projectumcert","article_modified_time":"2026-03-10T15:13:42+00:00","og_image":[{"width":295,"height":307,"url":"https:\/\/cert.projectuminstitute.online\/wp-content\/uploads\/2025\/04\/EVMSX-budget.png","type":"image\/png"}],"twitter_card":"summary_large_image","twitter_misc":{"Tiempo de lectura":"1 minuto"},"schema":{"@context":"https:\/\/schema.org","@graph":[{"@type":"WebPage","@id":"https:\/\/cert.projectuminstitute.online\/product\/earned-value-management-senior-expert\/","url":"https:\/\/cert.projectuminstitute.online\/product\/earned-value-management-senior-expert\/","name":"Libre EVM Certificaci\u00f3n Verificable Digital Insignia","isPartOf":{"@id":"https:\/\/cert.projectuminstitute.online\/#website"},"primaryImageOfPage":{"@id":"https:\/\/cert.projectuminstitute.online\/product\/earned-value-management-senior-expert\/#primaryimage"},"image":{"@id":"https:\/\/cert.projectuminstitute.online\/product\/earned-value-management-senior-expert\/#primaryimage"},"thumbnailUrl":"https:\/\/cert.projectuminstitute.online\/wp-content\/uploads\/2025\/04\/EVMSX-budget.png","datePublished":"2025-04-12T15:05:29+00:00","dateModified":"2026-03-10T15:13:42+00:00","description":"Obtener su Gesti\u00f3n de Valor Ganado y de Certificaci\u00f3n de ganar un Verificables Digital Insignia para demostrar su capacidad para controlar el alcance del proyecto, cronograma, costos y eficacia.","breadcrumb":{"@id":"https:\/\/cert.projectuminstitute.online\/product\/earned-value-management-senior-expert\/#breadcrumb"},"inLanguage":"es","potentialAction":[{"@type":"ReadAction","target":["https:\/\/cert.projectuminstitute.online\/product\/earned-value-management-senior-expert\/"]}]},{"@type":"ImageObject","inLanguage":"es","@id":"https:\/\/cert.projectuminstitute.online\/product\/earned-value-management-senior-expert\/#primaryimage","url":"https:\/\/cert.projectuminstitute.online\/wp-content\/uploads\/2025\/04\/EVMSX-budget.png","contentUrl":"https:\/\/cert.projectuminstitute.online\/wp-content\/uploads\/2025\/04\/EVMSX-budget.png","width":295,"height":307,"caption":"Earned Value Management Senior\u00a0eXpert"},{"@type":"BreadcrumbList","@id":"https:\/\/cert.projectuminstitute.online\/product\/earned-value-management-senior-expert\/#breadcrumb","itemListElement":[{"@type":"ListItem","position":1,"name":"Home","item":"https:\/\/cert.projectuminstitute.online\/"},{"@type":"ListItem","position":2,"name":"Shop","item":"https:\/\/cert.projectuminstitute.online\/shop\/"},{"@type":"ListItem","position":3,"name":"Earned Value Management Senior\u00a0eXpert"}]},{"@type":"WebSite","@id":"https:\/\/cert.projectuminstitute.online\/#website","url":"https:\/\/cert.projectuminstitute.online\/","name":"Projectum Cert","description":"Projectum Cert","publisher":{"@id":"https:\/\/cert.projectuminstitute.online\/#organization"},"potentialAction":[{"@type":"SearchAction","target":{"@type":"EntryPoint","urlTemplate":"https:\/\/cert.projectuminstitute.online\/?s={search_term_string}"},"query-input":{"@type":"PropertyValueSpecification","valueRequired":true,"valueName":"search_term_string"}}],"inLanguage":"es"},{"@type":"Organization","@id":"https:\/\/cert.projectuminstitute.online\/#organization","name":"Projectum Cert","url":"https:\/\/cert.projectuminstitute.online\/","logo":{"@type":"ImageObject","inLanguage":"es","@id":"https:\/\/cert.projectuminstitute.online\/#\/schema\/logo\/image\/","url":"https:\/\/cert.projectuminstitute.online\/wp-content\/uploads\/2024\/12\/PC_V-original.webp","contentUrl":"https:\/\/cert.projectuminstitute.online\/wp-content\/uploads\/2024\/12\/PC_V-original.webp","width":500,"height":500,"caption":"Projectum Cert"},"image":{"@id":"https:\/\/cert.projectuminstitute.online\/#\/schema\/logo\/image\/"},"sameAs":["https:\/\/www.facebook.com\/Projectumcert"]}]}},"_links":{"self":[{"href":"https:\/\/cert.projectuminstitute.online\/es\/wp-json\/wp\/v2\/product\/2334","targetHints":{"allow":["GET"]}}],"collection":[{"href":"https:\/\/cert.projectuminstitute.online\/es\/wp-json\/wp\/v2\/product"}],"about":[{"href":"https:\/\/cert.projectuminstitute.online\/es\/wp-json\/wp\/v2\/types\/product"}],"replies":[{"embeddable":true,"href":"https:\/\/cert.projectuminstitute.online\/es\/wp-json\/wp\/v2\/comments?post=2334"}],"wp:featuredmedia":[{"embeddable":true,"href":"https:\/\/cert.projectuminstitute.online\/es\/wp-json\/wp\/v2\/media\/2336"}],"wp:attachment":[{"href":"https:\/\/cert.projectuminstitute.online\/es\/wp-json\/wp\/v2\/media?parent=2334"}],"wp:term":[{"taxonomy":"product_brand","embeddable":true,"href":"https:\/\/cert.projectuminstitute.online\/es\/wp-json\/wp\/v2\/product_brand?post=2334"},{"taxonomy":"product_cat","embeddable":true,"href":"https:\/\/cert.projectuminstitute.online\/es\/wp-json\/wp\/v2\/product_cat?post=2334"},{"taxonomy":"product_tag","embeddable":true,"href":"https:\/\/cert.projectuminstitute.online\/es\/wp-json\/wp\/v2\/product_tag?post=2334"}],"curies":[{"name":"wp","href":"https:\/\/api.w.org\/{rel}","templated":true}]}}