{"id":2310,"date":"2025-04-09T18:22:06","date_gmt":"2025-04-09T23:22:06","guid":{"rendered":"https:\/\/cert.projectuminstitute.online\/?post_type=product&#038;p=2310"},"modified":"2026-03-10T10:16:15","modified_gmt":"2026-03-10T15:16:15","slug":"project-management-senior-expert-pmsx","status":"publish","type":"product","link":"https:\/\/cert.projectuminstitute.online\/es\/product\/project-management-senior-expert-pmsx\/","title":{"rendered":"Project Management Senior eXpert"},"content":{"rendered":"<p><span style=\"color: #003366;\"><strong>DETALLES<\/strong><\/span><br \/>\n<span style=\"color: #003366;\"><strong>Nombre Del Examen:<\/strong> Gesti\u00f3n de proyectos Senior experto \u2013 PMSX<\/span><br \/>\n<span style=\"color: #003366;\"><strong>Formato Del Examen:<\/strong> Preguntas de opci\u00f3n m\u00faltiple.<\/span><br \/>\n<span style=\"color: #003366;\"><strong>Examen De Entrega:<\/strong> Basada en Web (navegador \u00fanico), cerr\u00f3 el libro, sin asistencia externa, tiempo de espera.<\/span><br \/>\n<span style=\"color: #003366;\"><strong>Duraci\u00f3n De La Prueba:<\/strong> Una vez que el examen comienza, los candidatos tienen 60 minutos para completarlo.<\/span><br \/>\n<span style=\"color: #003366;\"><strong>N\u00famero de Preguntas:<\/strong> 40.<\/span><br \/>\n<span style=\"color: #003366;\"><strong>Puntaje De Aprobaci\u00f3n:<\/strong> 75%.<\/span><br \/>\n<span style=\"color: #003366;\"><strong>Idiomas Disponibles:<\/strong> Ingl\u00e9s, espa\u00f1ol, franc\u00e9s y portugu\u00e9s.<\/span><br \/>\n<span style=\"color: #003366;\"><strong>Requisitos:<\/strong> <\/span><br \/>\n<span style=\"color: #003366;\">\u2022 En menos de 7 a 10 a\u00f1os de experiencia liderando o contribuir a los proyectos desafiantes.<br \/>\n\u2022 Completado un grado universitario (licenciatura o superior).<br \/>\n\u2022 Un m\u00ednimo de 80 horas de formal de capacitaci\u00f3n en gesti\u00f3n de proyectos.<br \/>\n\u2022 Un perfil p\u00fablico de LinkedIn muestra relevante de la experiencia del proyecto y profesional de los endosos.<\/span><br \/>\n<span style=\"color: #003366;\"><strong>Examen vigilado:<\/strong> La supervisi\u00f3n en l\u00ednea<\/span><br \/>\n<span style=\"color: #003366;\"><strong>Certificaci\u00f3n De Vencimiento:<\/strong>\u00a02 a\u00f1os<\/span><\/p>","protected":false},"excerpt":{"rendered":"<p style=\"text-align: center;\"><span style=\"color: #003366;\">Muchas certificaciones de reclamaci\u00f3n para validar de gesti\u00f3n de proyectos, pero a menudo requieren s\u00f3lo cualificaci\u00f3n b\u00e1sica, un m\u00ednimo de entrenamiento, o un diploma de la escuela secundaria\u2014sin la necesidad de un t\u00edtulo universitario o sustancial de la experiencia de liderazgo. Adem\u00e1s, s\u00f3lo una peque\u00f1a fracci\u00f3n de los solicitantes son auditados.\u00a0<\/span><span style=\"color: #003366;\">El PMSX \u2013 Gesti\u00f3n de Proyectos Senior experto destaca. Es la \u00fanica certificaci\u00f3n global que requiere completar un grado universitario, amplia capacitaci\u00f3n en gesti\u00f3n de proyectos y con una importante experiencia pr\u00e1ctica en el campo. Los candidatos deben demostrar una comprensi\u00f3n s\u00f3lida de los proyectos entregados a trav\u00e9s de ambientes diversos.\u00a0<\/span><span style=\"color: #003366;\">Esta certificaci\u00f3n no es acerca del potencial que representa la capacidad probada, una avanzada experiencia y alto nivel de liderazgo<\/span><\/p>","protected":false},"featured_media":2354,"comment_status":"closed","ping_status":"closed","template":"","meta":{"_acf_changed":false},"product_brand":[],"product_cat":[22],"product_tag":[],"class_list":{"0":"post-2310","1":"product","2":"type-product","3":"status-publish","4":"has-post-thumbnail","6":"product_cat-project-management","8":"first","9":"instock","10":"shipping-taxable","11":"product-type-simple"},"acf":[],"yoast_head":"<!-- This site is optimized with the Yoast SEO plugin v27.1.1 - https:\/\/yoast.com\/product\/yoast-seo-wordpress\/ -->\n<title>Free Project Manager Certification | Verifiable Digital Badge<\/title>\n<meta name=\"description\" content=\"Get your Project Manager Certification and earn a Verifiable Digital Badge to showcase your skills in planning, executing, and leading successful projects.\" \/>\n<meta name=\"robots\" content=\"index, follow, max-snippet:-1, max-image-preview:large, max-video-preview:-1\" \/>\n<link rel=\"canonical\" href=\"https:\/\/cert.projectuminstitute.online\/es\/product\/project-management-senior-expert-pmsx\/\" \/>\n<meta property=\"og:locale\" content=\"es_ES\" \/>\n<meta property=\"og:type\" content=\"article\" \/>\n<meta property=\"og:title\" content=\"Free Project Manager Certification | Verifiable Digital Badge\" \/>\n<meta property=\"og:description\" content=\"Get your Project Manager Certification and earn a Verifiable Digital Badge to showcase your skills in planning, executing, and leading successful projects.\" \/>\n<meta property=\"og:url\" content=\"https:\/\/cert.projectuminstitute.online\/es\/product\/project-management-senior-expert-pmsx\/\" \/>\n<meta property=\"og:site_name\" content=\"Projectum Cert\" \/>\n<meta property=\"article:publisher\" content=\"https:\/\/www.facebook.com\/Projectumcert\" \/>\n<meta property=\"article:modified_time\" content=\"2026-03-10T15:16:15+00:00\" \/>\n<meta property=\"og:image\" content=\"https:\/\/cert.projectuminstitute.online\/wp-content\/uploads\/2025\/04\/PMSX_Mesa-de-trabajo-1-copia-30.png\" \/>\n\t<meta property=\"og:image:width\" content=\"1271\" \/>\n\t<meta property=\"og:image:height\" content=\"1280\" \/>\n\t<meta property=\"og:image:type\" content=\"image\/png\" \/>\n<meta name=\"twitter:card\" content=\"summary_large_image\" \/>\n<meta name=\"twitter:label1\" content=\"Tiempo de lectura\" \/>\n\t<meta name=\"twitter:data1\" content=\"1 minuto\" \/>\n<script type=\"application\/ld+json\" class=\"yoast-schema-graph\">{\"@context\":\"https:\/\/schema.org\",\"@graph\":[{\"@type\":\"WebPage\",\"@id\":\"https:\/\/cert.projectuminstitute.online\/product\/project-management-senior-expert-pmsx\/\",\"url\":\"https:\/\/cert.projectuminstitute.online\/product\/project-management-senior-expert-pmsx\/\",\"name\":\"Free Project Manager Certification | Verifiable Digital Badge\",\"isPartOf\":{\"@id\":\"https:\/\/cert.projectuminstitute.online\/#website\"},\"primaryImageOfPage\":{\"@id\":\"https:\/\/cert.projectuminstitute.online\/product\/project-management-senior-expert-pmsx\/#primaryimage\"},\"image\":{\"@id\":\"https:\/\/cert.projectuminstitute.online\/product\/project-management-senior-expert-pmsx\/#primaryimage\"},\"thumbnailUrl\":\"https:\/\/cert.projectuminstitute.online\/wp-content\/uploads\/2025\/04\/PMSX_Mesa-de-trabajo-1-copia-30.png\",\"datePublished\":\"2025-04-09T23:22:06+00:00\",\"dateModified\":\"2026-03-10T15:16:15+00:00\",\"description\":\"Get your Project Manager Certification and earn a Verifiable Digital Badge to showcase your skills in planning, executing, and leading successful projects.\",\"breadcrumb\":{\"@id\":\"https:\/\/cert.projectuminstitute.online\/product\/project-management-senior-expert-pmsx\/#breadcrumb\"},\"inLanguage\":\"es\",\"potentialAction\":[{\"@type\":\"ReadAction\",\"target\":[\"https:\/\/cert.projectuminstitute.online\/product\/project-management-senior-expert-pmsx\/\"]}]},{\"@type\":\"ImageObject\",\"inLanguage\":\"es\",\"@id\":\"https:\/\/cert.projectuminstitute.online\/product\/project-management-senior-expert-pmsx\/#primaryimage\",\"url\":\"https:\/\/cert.projectuminstitute.online\/wp-content\/uploads\/2025\/04\/PMSX_Mesa-de-trabajo-1-copia-30.png\",\"contentUrl\":\"https:\/\/cert.projectuminstitute.online\/wp-content\/uploads\/2025\/04\/PMSX_Mesa-de-trabajo-1-copia-30.png\",\"width\":1271,\"height\":1280},{\"@type\":\"BreadcrumbList\",\"@id\":\"https:\/\/cert.projectuminstitute.online\/product\/project-management-senior-expert-pmsx\/#breadcrumb\",\"itemListElement\":[{\"@type\":\"ListItem\",\"position\":1,\"name\":\"Home\",\"item\":\"https:\/\/cert.projectuminstitute.online\/\"},{\"@type\":\"ListItem\",\"position\":2,\"name\":\"Shop\",\"item\":\"https:\/\/cert.projectuminstitute.online\/shop\/\"},{\"@type\":\"ListItem\",\"position\":3,\"name\":\"Project Management Senior eXpert\"}]},{\"@type\":\"WebSite\",\"@id\":\"https:\/\/cert.projectuminstitute.online\/#website\",\"url\":\"https:\/\/cert.projectuminstitute.online\/\",\"name\":\"Projectum Cert\",\"description\":\"Projectum Cert\",\"publisher\":{\"@id\":\"https:\/\/cert.projectuminstitute.online\/#organization\"},\"potentialAction\":[{\"@type\":\"SearchAction\",\"target\":{\"@type\":\"EntryPoint\",\"urlTemplate\":\"https:\/\/cert.projectuminstitute.online\/?s={search_term_string}\"},\"query-input\":{\"@type\":\"PropertyValueSpecification\",\"valueRequired\":true,\"valueName\":\"search_term_string\"}}],\"inLanguage\":\"es\"},{\"@type\":\"Organization\",\"@id\":\"https:\/\/cert.projectuminstitute.online\/#organization\",\"name\":\"Projectum Cert\",\"url\":\"https:\/\/cert.projectuminstitute.online\/\",\"logo\":{\"@type\":\"ImageObject\",\"inLanguage\":\"es\",\"@id\":\"https:\/\/cert.projectuminstitute.online\/#\/schema\/logo\/image\/\",\"url\":\"https:\/\/cert.projectuminstitute.online\/wp-content\/uploads\/2024\/12\/PC_V-original.webp\",\"contentUrl\":\"https:\/\/cert.projectuminstitute.online\/wp-content\/uploads\/2024\/12\/PC_V-original.webp\",\"width\":500,\"height\":500,\"caption\":\"Projectum Cert\"},\"image\":{\"@id\":\"https:\/\/cert.projectuminstitute.online\/#\/schema\/logo\/image\/\"},\"sameAs\":[\"https:\/\/www.facebook.com\/Projectumcert\"]}]}<\/script>\n<!-- \/ Yoast SEO plugin. -->","yoast_head_json":{"title":"Libre De Gerente De Proyecto De Certificaci\u00f3n | Verificable Digital Insignia","description":"Obtener su Gerente de Proyecto de Certificaci\u00f3n y ganar un Verificables Digital Insignia para mostrar sus habilidades en la planificaci\u00f3n, ejecuci\u00f3n, y l\u00edder de proyectos de \u00e9xito.","robots":{"index":"index","follow":"follow","max-snippet":"max-snippet:-1","max-image-preview":"max-image-preview:large","max-video-preview":"max-video-preview:-1"},"canonical":"https:\/\/cert.projectuminstitute.online\/es\/product\/project-management-senior-expert-pmsx\/","og_locale":"es_ES","og_type":"article","og_title":"Free Project Manager Certification | Verifiable Digital Badge","og_description":"Get your Project Manager Certification and earn a Verifiable Digital Badge to showcase your skills in planning, executing, and leading successful projects.","og_url":"https:\/\/cert.projectuminstitute.online\/es\/product\/project-management-senior-expert-pmsx\/","og_site_name":"Projectum Cert","article_publisher":"https:\/\/www.facebook.com\/Projectumcert","article_modified_time":"2026-03-10T15:16:15+00:00","og_image":[{"width":1271,"height":1280,"url":"https:\/\/cert.projectuminstitute.online\/wp-content\/uploads\/2025\/04\/PMSX_Mesa-de-trabajo-1-copia-30.png","type":"image\/png"}],"twitter_card":"summary_large_image","twitter_misc":{"Tiempo de lectura":"1 minuto"},"schema":{"@context":"https:\/\/schema.org","@graph":[{"@type":"WebPage","@id":"https:\/\/cert.projectuminstitute.online\/product\/project-management-senior-expert-pmsx\/","url":"https:\/\/cert.projectuminstitute.online\/product\/project-management-senior-expert-pmsx\/","name":"Libre De Gerente De Proyecto De Certificaci\u00f3n | Verificable Digital Insignia","isPartOf":{"@id":"https:\/\/cert.projectuminstitute.online\/#website"},"primaryImageOfPage":{"@id":"https:\/\/cert.projectuminstitute.online\/product\/project-management-senior-expert-pmsx\/#primaryimage"},"image":{"@id":"https:\/\/cert.projectuminstitute.online\/product\/project-management-senior-expert-pmsx\/#primaryimage"},"thumbnailUrl":"https:\/\/cert.projectuminstitute.online\/wp-content\/uploads\/2025\/04\/PMSX_Mesa-de-trabajo-1-copia-30.png","datePublished":"2025-04-09T23:22:06+00:00","dateModified":"2026-03-10T15:16:15+00:00","description":"Obtener su Gerente de Proyecto de Certificaci\u00f3n y ganar un Verificables Digital Insignia para mostrar sus habilidades en la planificaci\u00f3n, ejecuci\u00f3n, y l\u00edder de proyectos de \u00e9xito.","breadcrumb":{"@id":"https:\/\/cert.projectuminstitute.online\/product\/project-management-senior-expert-pmsx\/#breadcrumb"},"inLanguage":"es","potentialAction":[{"@type":"ReadAction","target":["https:\/\/cert.projectuminstitute.online\/product\/project-management-senior-expert-pmsx\/"]}]},{"@type":"ImageObject","inLanguage":"es","@id":"https:\/\/cert.projectuminstitute.online\/product\/project-management-senior-expert-pmsx\/#primaryimage","url":"https:\/\/cert.projectuminstitute.online\/wp-content\/uploads\/2025\/04\/PMSX_Mesa-de-trabajo-1-copia-30.png","contentUrl":"https:\/\/cert.projectuminstitute.online\/wp-content\/uploads\/2025\/04\/PMSX_Mesa-de-trabajo-1-copia-30.png","width":1271,"height":1280},{"@type":"BreadcrumbList","@id":"https:\/\/cert.projectuminstitute.online\/product\/project-management-senior-expert-pmsx\/#breadcrumb","itemListElement":[{"@type":"ListItem","position":1,"name":"Home","item":"https:\/\/cert.projectuminstitute.online\/"},{"@type":"ListItem","position":2,"name":"Shop","item":"https:\/\/cert.projectuminstitute.online\/shop\/"},{"@type":"ListItem","position":3,"name":"Project Management Senior eXpert"}]},{"@type":"WebSite","@id":"https:\/\/cert.projectuminstitute.online\/#website","url":"https:\/\/cert.projectuminstitute.online\/","name":"Projectum Cert","description":"Projectum Cert","publisher":{"@id":"https:\/\/cert.projectuminstitute.online\/#organization"},"potentialAction":[{"@type":"SearchAction","target":{"@type":"EntryPoint","urlTemplate":"https:\/\/cert.projectuminstitute.online\/?s={search_term_string}"},"query-input":{"@type":"PropertyValueSpecification","valueRequired":true,"valueName":"search_term_string"}}],"inLanguage":"es"},{"@type":"Organization","@id":"https:\/\/cert.projectuminstitute.online\/#organization","name":"Projectum Cert","url":"https:\/\/cert.projectuminstitute.online\/","logo":{"@type":"ImageObject","inLanguage":"es","@id":"https:\/\/cert.projectuminstitute.online\/#\/schema\/logo\/image\/","url":"https:\/\/cert.projectuminstitute.online\/wp-content\/uploads\/2024\/12\/PC_V-original.webp","contentUrl":"https:\/\/cert.projectuminstitute.online\/wp-content\/uploads\/2024\/12\/PC_V-original.webp","width":500,"height":500,"caption":"Projectum Cert"},"image":{"@id":"https:\/\/cert.projectuminstitute.online\/#\/schema\/logo\/image\/"},"sameAs":["https:\/\/www.facebook.com\/Projectumcert"]}]}},"_links":{"self":[{"href":"https:\/\/cert.projectuminstitute.online\/es\/wp-json\/wp\/v2\/product\/2310","targetHints":{"allow":["GET"]}}],"collection":[{"href":"https:\/\/cert.projectuminstitute.online\/es\/wp-json\/wp\/v2\/product"}],"about":[{"href":"https:\/\/cert.projectuminstitute.online\/es\/wp-json\/wp\/v2\/types\/product"}],"replies":[{"embeddable":true,"href":"https:\/\/cert.projectuminstitute.online\/es\/wp-json\/wp\/v2\/comments?post=2310"}],"wp:featuredmedia":[{"embeddable":true,"href":"https:\/\/cert.projectuminstitute.online\/es\/wp-json\/wp\/v2\/media\/2354"}],"wp:attachment":[{"href":"https:\/\/cert.projectuminstitute.online\/es\/wp-json\/wp\/v2\/media?parent=2310"}],"wp:term":[{"taxonomy":"product_brand","embeddable":true,"href":"https:\/\/cert.projectuminstitute.online\/es\/wp-json\/wp\/v2\/product_brand?post=2310"},{"taxonomy":"product_cat","embeddable":true,"href":"https:\/\/cert.projectuminstitute.online\/es\/wp-json\/wp\/v2\/product_cat?post=2310"},{"taxonomy":"product_tag","embeddable":true,"href":"https:\/\/cert.projectuminstitute.online\/es\/wp-json\/wp\/v2\/product_tag?post=2310"}],"curies":[{"name":"wp","href":"https:\/\/api.w.org\/{rel}","templated":true}]}}