{"id":267,"date":"2025-01-03T04:15:42","date_gmt":"2025-01-03T04:15:42","guid":{"rendered":"https:\/\/projectumcert.mamzitsolutions.com\/?page_id=267"},"modified":"2026-01-25T17:22:41","modified_gmt":"2026-01-25T22:22:41","slug":"about-us","status":"publish","type":"page","link":"https:\/\/cert.projectuminstitute.online\/es\/about-us\/","title":{"rendered":"Nosotros"},"content":{"rendered":"<div data-elementor-type=\"wp-page\" data-elementor-id=\"267\" class=\"elementor elementor-267\" data-elementor-post-type=\"page\">\n\t\t\t\t<div class=\"elementor-element elementor-element-1c3be48 e-con-full e-flex e-con e-parent\" data-id=\"1c3be48\" data-element_type=\"container\" data-e-type=\"container\" data-settings=\"{&quot;background_background&quot;:&quot;classic&quot;}\">\n\t\t\t\t<div class=\"elementor-element elementor-element-5fae1e9 elementor-widget__width-initial elementor-widget elementor-widget-image\" data-id=\"5fae1e9\" data-element_type=\"widget\" data-e-type=\"widget\" data-widget_type=\"image.default\">\n\t\t\t\t<div class=\"elementor-widget-container\">\n\t\t\t\t\t\t\t\t\t\t\t\t\t\t\t<img fetchpriority=\"high\" decoding=\"async\" width=\"768\" height=\"529\" src=\"https:\/\/cert.projectuminstitute.online\/wp-content\/uploads\/2025\/05\/RECURSOS-DE-LA-PAGINA-26-1-768x529.png\" class=\"attachment-medium_large size-medium_large wp-image-2560\" alt=\"\" srcset=\"https:\/\/cert.projectuminstitute.online\/wp-content\/uploads\/2025\/05\/RECURSOS-DE-LA-PAGINA-26-1-768x529.png 768w, https:\/\/cert.projectuminstitute.online\/wp-content\/uploads\/2025\/05\/RECURSOS-DE-LA-PAGINA-26-1-300x207.png 300w, https:\/\/cert.projectuminstitute.online\/wp-content\/uploads\/2025\/05\/RECURSOS-DE-LA-PAGINA-26-1-1024x706.png 1024w, https:\/\/cert.projectuminstitute.online\/wp-content\/uploads\/2025\/05\/RECURSOS-DE-LA-PAGINA-26-1-18x12.png 18w, https:\/\/cert.projectuminstitute.online\/wp-content\/uploads\/2025\/05\/RECURSOS-DE-LA-PAGINA-26-1-600x414.png 600w, https:\/\/cert.projectuminstitute.online\/wp-content\/uploads\/2025\/05\/RECURSOS-DE-LA-PAGINA-26-1.png 1027w\" sizes=\"(max-width: 768px) 100vw, 768px\" \/>\t\t\t\t\t\t\t\t\t\t\t\t\t\t\t<\/div>\n\t\t\t\t<\/div>\n\t\t<div class=\"elementor-element elementor-element-a1e1683 e-flex e-con-boxed e-con e-child\" data-id=\"a1e1683\" data-element_type=\"container\" data-e-type=\"container\">\n\t\t\t\t\t<div class=\"e-con-inner\">\n\t\t\t\t<div class=\"elementor-element elementor-element-5bbfeac elementor-widget elementor-widget-heading\" data-id=\"5bbfeac\" data-element_type=\"widget\" data-e-type=\"widget\" data-widget_type=\"heading.default\">\n\t\t\t\t<div class=\"elementor-widget-container\">\n\t\t\t\t\t<h2 class=\"elementor-heading-title elementor-size-default\">\"Transformar El Conocimiento<br>\ny Experiencia en <br>\nDe Clase Mundial De Credibilidad\"<\/h2>\t\t\t\t<\/div>\n\t\t\t\t<\/div>\n\t\t\t\t<div class=\"elementor-element elementor-element-4844fb9 elementor-widget elementor-widget-button\" data-id=\"4844fb9\" data-element_type=\"widget\" data-e-type=\"widget\" data-widget_type=\"button.default\">\n\t\t\t\t<div class=\"elementor-widget-container\">\n\t\t\t\t\t\t\t\t\t<div class=\"elementor-button-wrapper\">\n\t\t\t\t\t<a class=\"elementor-button elementor-button-link elementor-size-sm\" href=\"https:\/\/drive.google.com\/file\/d\/1QCBfLgIxigA_7L2T3Q2GzYyMiFY40sim\/view?usp=drive_link\">\n\t\t\t\t\t\t<span class=\"elementor-button-content-wrapper\">\n\t\t\t\t\t\t\t\t\t<span class=\"elementor-button-text\">Descargar Folleto<\/span>\n\t\t\t\t\t<\/span>\n\t\t\t\t\t<\/a>\n\t\t\t\t<\/div>\n\t\t\t\t\t\t\t\t<\/div>\n\t\t\t\t<\/div>\n\t\t\t\t\t<\/div>\n\t\t\t\t<\/div>\n\t\t\t\t<\/div>\n\t\t<div class=\"elementor-element elementor-element-277988c e-flex e-con-boxed e-con e-parent\" data-id=\"277988c\" data-element_type=\"container\" data-e-type=\"container\" data-settings=\"{&quot;background_background&quot;:&quot;classic&quot;}\">\n\t\t\t\t\t<div class=\"e-con-inner\">\n\t\t\t\t<div class=\"elementor-element elementor-element-8b613ff elementor-widget elementor-widget-heading\" data-id=\"8b613ff\" data-element_type=\"widget\" data-e-type=\"widget\" data-widget_type=\"heading.default\">\n\t\t\t\t<div class=\"elementor-widget-container\">\n\t\t\t\t\t<h2 class=\"elementor-heading-title elementor-size-default\">Nuestro Cumplimiento Legal<\/h2>\t\t\t\t<\/div>\n\t\t\t\t<\/div>\n\t\t<div class=\"elementor-element elementor-element-9be8c3c e-con-full e-flex e-con e-child\" data-id=\"9be8c3c\" data-element_type=\"container\" data-e-type=\"container\" data-settings=\"{&quot;background_background&quot;:&quot;classic&quot;}\">\n\t\t\t\t<div class=\"elementor-element elementor-element-28d7047 elementor-widget elementor-widget-heading\" data-id=\"28d7047\" data-element_type=\"widget\" data-e-type=\"widget\" data-widget_type=\"heading.default\">\n\t\t\t\t<div class=\"elementor-widget-container\">\n\t\t\t\t\t<h2 class=\"elementor-heading-title elementor-size-default\">Nosotros<\/h2>\t\t\t\t<\/div>\n\t\t\t\t<\/div>\n\t\t\t\t<div class=\"elementor-element elementor-element-269f863 elementor-widget elementor-widget-text-editor\" data-id=\"269f863\" data-element_type=\"widget\" data-e-type=\"widget\" data-widget_type=\"text-editor.default\">\n\t\t\t\t<div class=\"elementor-widget-container\">\n\t\t\t\t\t\t\t\t\t<p>PROJECTUM CERT, LLC es una legalmente registrada de la empresa en el Estado de Florida, Estados unidos, que operan en pleno cumplimiento con los Estatutos de la Florida, el T\u00edtulo XXXVI, Cap\u00edtulo 607, que regula las entidades empresariales. Se reconoce como un activo de la entidad legal de la Florida Departamento de Estado, Divisi\u00f3n de sociedades an\u00f3nimas, la compa\u00f1\u00eda cumple con todas las leyes estatales de los requisitos para las operaciones del negocio. La empresa de forma independiente dise\u00f1os, temas, y gestiona programas privados de certificaci\u00f3n para profesionales y clientes corporativos, en conformidad con los est\u00e1ndares de la industria ampliamente aceptados y las mejores pr\u00e1cticas. Nuestros programas de certificaci\u00f3n est\u00e1n alineados con los principios b\u00e1sicos de la norma internacional ISO\/IEC 17024, lo que nos permite asegurar que los profesionales que superen con \u00e9xito nuestros ex\u00e1menes de certificaci\u00f3n de poseer relevantes, medibles conocimiento y demostrado la experiencia pr\u00e1ctica en las \u00e1reas evaluadas.<\/p>\t\t\t\t\t\t\t\t<\/div>\n\t\t\t\t<\/div>\n\t\t\t\t<\/div>\n\t\t\t\t\t<\/div>\n\t\t\t\t<\/div>\n\t\t<div class=\"elementor-element elementor-element-4c581cc e-flex e-con-boxed e-con e-parent\" data-id=\"4c581cc\" data-element_type=\"container\" data-e-type=\"container\" data-settings=\"{&quot;background_background&quot;:&quot;classic&quot;}\">\n\t\t\t\t\t<div class=\"e-con-inner\">\n\t\t\t\t<div class=\"elementor-element elementor-element-ea0e907 elementor-widget elementor-widget-heading\" data-id=\"ea0e907\" data-element_type=\"widget\" data-e-type=\"widget\" data-widget_type=\"heading.default\">\n\t\t\t\t<div class=\"elementor-widget-container\">\n\t\t\t\t\t<h2 class=\"elementor-heading-title elementor-size-default\">Nuestros Valores<\/h2>\t\t\t\t<\/div>\n\t\t\t\t<\/div>\n\t\t\t\t<div class=\"elementor-element elementor-element-9822aa1 elementor-widget elementor-widget-heading\" data-id=\"9822aa1\" data-element_type=\"widget\" data-e-type=\"widget\" data-widget_type=\"heading.default\">\n\t\t\t\t<div class=\"elementor-widget-container\">\n\t\t\t\t\t<h2 class=\"elementor-heading-title elementor-size-default\">\u2022Excelencia:<\/h2>\t\t\t\t<\/div>\n\t\t\t\t<\/div>\n\t\t\t\t<div class=\"elementor-element elementor-element-ea8c2e7 elementor-widget elementor-widget-text-editor\" data-id=\"ea8c2e7\" data-element_type=\"widget\" data-e-type=\"widget\" data-widget_type=\"text-editor.default\">\n\t\t\t\t<div class=\"elementor-widget-container\">\n\t\t\t\t\t\t\t\t\t<p>Mantenemos los m\u00e1s altos est\u00e1ndares en nuestros procesos de certificaci\u00f3n para asegurar que nuestras credenciales de reflejar la verdadera competencia.<\/p>\t\t\t\t\t\t\t\t<\/div>\n\t\t\t\t<\/div>\n\t\t\t\t<div class=\"elementor-element elementor-element-fc097e0 elementor-widget elementor-widget-heading\" data-id=\"fc097e0\" data-element_type=\"widget\" data-e-type=\"widget\" data-widget_type=\"heading.default\">\n\t\t\t\t<div class=\"elementor-widget-container\">\n\t\t\t\t\t<h2 class=\"elementor-heading-title elementor-size-default\">\u2022Integridad:<\/h2>\t\t\t\t<\/div>\n\t\t\t\t<\/div>\n\t\t\t\t<div class=\"elementor-element elementor-element-12eb99f elementor-widget elementor-widget-text-editor\" data-id=\"12eb99f\" data-element_type=\"widget\" data-e-type=\"widget\" data-widget_type=\"text-editor.default\">\n\t\t\t\t<div class=\"elementor-widget-container\">\n\t\t\t\t\t\t\t\t\t<p>La transparencia y la honestidad son la base de nuestras operaciones, el fomento de la confianza y la credibilidad.<\/p>\t\t\t\t\t\t\t\t<\/div>\n\t\t\t\t<\/div>\n\t\t\t\t<div class=\"elementor-element elementor-element-1b78a89 elementor-widget elementor-widget-heading\" data-id=\"1b78a89\" data-element_type=\"widget\" data-e-type=\"widget\" data-widget_type=\"heading.default\">\n\t\t\t\t<div class=\"elementor-widget-container\">\n\t\t\t\t\t<h2 class=\"elementor-heading-title elementor-size-default\">\u2022Innovaci\u00f3n:<\/h2>\t\t\t\t<\/div>\n\t\t\t\t<\/div>\n\t\t\t\t<div class=\"elementor-element elementor-element-f0c8dda elementor-widget elementor-widget-text-editor\" data-id=\"f0c8dda\" data-element_type=\"widget\" data-e-type=\"widget\" data-widget_type=\"text-editor.default\">\n\t\t\t\t<div class=\"elementor-widget-container\">\n\t\t\t\t\t\t\t\t\t<p>Estamos continuamente en adaptar e innovar para satisfacer las necesidades en evoluci\u00f3n de la gesti\u00f3n de proyectos de paisaje.<\/p>\t\t\t\t\t\t\t\t<\/div>\n\t\t\t\t<\/div>\n\t\t\t\t<div class=\"elementor-element elementor-element-3dc14a8 elementor-widget elementor-widget-heading\" data-id=\"3dc14a8\" data-element_type=\"widget\" data-e-type=\"widget\" data-widget_type=\"heading.default\">\n\t\t\t\t<div class=\"elementor-widget-container\">\n\t\t\t\t\t<h2 class=\"elementor-heading-title elementor-size-default\">Por qu\u00e9 Certificar con Nosotros?<\/h2>\t\t\t\t<\/div>\n\t\t\t\t<\/div>\n\t\t<div class=\"elementor-element elementor-element-3f42326 e-con-full e-flex e-con e-child\" data-id=\"3f42326\" data-element_type=\"container\" data-e-type=\"container\">\n\t\t<div class=\"elementor-element elementor-element-72ff494 e-con-full e-flex e-con e-child\" data-id=\"72ff494\" data-element_type=\"container\" data-e-type=\"container\">\n\t\t\t\t<div class=\"elementor-element elementor-element-77e47ce elementor-widget elementor-widget-image\" data-id=\"77e47ce\" data-element_type=\"widget\" data-e-type=\"widget\" data-widget_type=\"image.default\">\n\t\t\t\t<div class=\"elementor-widget-container\">\n\t\t\t\t\t\t\t\t\t\t\t\t\t\t\t<img decoding=\"async\" width=\"300\" height=\"298\" src=\"https:\/\/cert.projectuminstitute.online\/wp-content\/uploads\/2025\/01\/Global_recognition.webp\" class=\"attachment-medium size-medium wp-image-278\" alt=\"\" srcset=\"https:\/\/cert.projectuminstitute.online\/wp-content\/uploads\/2025\/01\/Global_recognition.webp 300w, https:\/\/cert.projectuminstitute.online\/wp-content\/uploads\/2025\/01\/Global_recognition-100x100.webp 100w, https:\/\/cert.projectuminstitute.online\/wp-content\/uploads\/2025\/01\/Global_recognition-150x150.webp 150w\" sizes=\"(max-width: 300px) 100vw, 300px\" \/>\t\t\t\t\t\t\t\t\t\t\t\t\t\t\t<\/div>\n\t\t\t\t<\/div>\n\t\t<div class=\"elementor-element elementor-element-a52ccc7 e-con-full e-flex e-con e-child\" data-id=\"a52ccc7\" data-element_type=\"container\" data-e-type=\"container\" data-settings=\"{&quot;background_background&quot;:&quot;classic&quot;}\">\n\t\t\t\t<div class=\"elementor-element elementor-element-c7a264f elementor-widget elementor-widget-heading\" data-id=\"c7a264f\" data-element_type=\"widget\" data-e-type=\"widget\" data-widget_type=\"heading.default\">\n\t\t\t\t<div class=\"elementor-widget-container\">\n\t\t\t\t\t<h2 class=\"elementor-heading-title elementor-size-default\">El Reconocimiento Mundial:<\/h2>\t\t\t\t<\/div>\n\t\t\t\t<\/div>\n\t\t\t\t<div class=\"elementor-element elementor-element-a3ae394 elementor-widget elementor-widget-text-editor\" data-id=\"a3ae394\" data-element_type=\"widget\" data-e-type=\"widget\" data-widget_type=\"text-editor.default\">\n\t\t\t\t<div class=\"elementor-widget-container\">\n\t\t\t\t\t\t\t\t\t<p>El logro de nuestras certificaciones demuestra su compromiso con la excelencia, el posicionamiento para roles de liderazgo.<\/p>\t\t\t\t\t\t\t\t<\/div>\n\t\t\t\t<\/div>\n\t\t\t\t<\/div>\n\t\t\t\t<\/div>\n\t\t<div class=\"elementor-element elementor-element-c0c5b19 e-con-full e-flex e-con e-child\" data-id=\"c0c5b19\" data-element_type=\"container\" data-e-type=\"container\">\n\t\t\t\t<div class=\"elementor-element elementor-element-feb788f elementor-widget elementor-widget-image\" data-id=\"feb788f\" data-element_type=\"widget\" data-e-type=\"widget\" data-widget_type=\"image.default\">\n\t\t\t\t<div class=\"elementor-widget-container\">\n\t\t\t\t\t\t\t\t\t\t\t\t\t\t\t<img decoding=\"async\" width=\"300\" height=\"300\" src=\"https:\/\/cert.projectuminstitute.online\/wp-content\/uploads\/2025\/01\/Support.webp\" class=\"attachment-medium size-medium wp-image-279\" alt=\"\" srcset=\"https:\/\/cert.projectuminstitute.online\/wp-content\/uploads\/2025\/01\/Support.webp 300w, https:\/\/cert.projectuminstitute.online\/wp-content\/uploads\/2025\/01\/Support-100x100.webp 100w, https:\/\/cert.projectuminstitute.online\/wp-content\/uploads\/2025\/01\/Support-150x150.webp 150w\" sizes=\"(max-width: 300px) 100vw, 300px\" \/>\t\t\t\t\t\t\t\t\t\t\t\t\t\t\t<\/div>\n\t\t\t\t<\/div>\n\t\t<div class=\"elementor-element elementor-element-361c001 e-con-full e-flex e-con e-child\" data-id=\"361c001\" data-element_type=\"container\" data-e-type=\"container\" data-settings=\"{&quot;background_background&quot;:&quot;classic&quot;}\">\n\t\t\t\t<div class=\"elementor-element elementor-element-8e195e8 elementor-widget elementor-widget-heading\" data-id=\"8e195e8\" data-element_type=\"widget\" data-e-type=\"widget\" data-widget_type=\"heading.default\">\n\t\t\t\t<div class=\"elementor-widget-container\">\n\t\t\t\t\t<h2 class=\"elementor-heading-title elementor-size-default\">Demostrar Su Experiencia:<\/h2>\t\t\t\t<\/div>\n\t\t\t\t<\/div>\n\t\t\t\t<div class=\"elementor-element elementor-element-ba4dd20 elementor-widget elementor-widget-text-editor\" data-id=\"ba4dd20\" data-element_type=\"widget\" data-e-type=\"widget\" data-widget_type=\"text-editor.default\">\n\t\t\t\t<div class=\"elementor-widget-container\">\n\t\t\t\t\t\t\t\t\t<p>Certificaciones escaparate de la capacidad de un profesional para cumplir con los est\u00e1ndares de la industria, de se\u00f1alizaci\u00f3n para los empleadores que poseen un conocimiento en profundidad, y puede ofrecer un trabajo de alta calidad.<\/p>\t\t\t\t\t\t\t\t<\/div>\n\t\t\t\t<\/div>\n\t\t\t\t<\/div>\n\t\t\t\t<\/div>\n\t\t<div class=\"elementor-element elementor-element-4b579e8 e-con-full e-flex e-con e-child\" data-id=\"4b579e8\" data-element_type=\"container\" data-e-type=\"container\">\n\t\t\t\t<div class=\"elementor-element elementor-element-1fc365c elementor-widget elementor-widget-image\" data-id=\"1fc365c\" data-element_type=\"widget\" data-e-type=\"widget\" data-widget_type=\"image.default\">\n\t\t\t\t<div class=\"elementor-widget-container\">\n\t\t\t\t\t\t\t\t\t\t\t\t\t\t\t<img loading=\"lazy\" decoding=\"async\" width=\"300\" height=\"233\" src=\"https:\/\/cert.projectuminstitute.online\/wp-content\/uploads\/2025\/01\/Career.webp\" class=\"attachment-medium size-medium wp-image-277\" alt=\"\" \/>\t\t\t\t\t\t\t\t\t\t\t\t\t\t\t<\/div>\n\t\t\t\t<\/div>\n\t\t<div class=\"elementor-element elementor-element-e299b36 e-con-full e-flex e-con e-child\" data-id=\"e299b36\" data-element_type=\"container\" data-e-type=\"container\" data-settings=\"{&quot;background_background&quot;:&quot;classic&quot;}\">\n\t\t\t\t<div class=\"elementor-element elementor-element-03cb5bf elementor-widget elementor-widget-heading\" data-id=\"03cb5bf\" data-element_type=\"widget\" data-e-type=\"widget\" data-widget_type=\"heading.default\">\n\t\t\t\t<div class=\"elementor-widget-container\">\n\t\t\t\t\t<h2 class=\"elementor-heading-title elementor-size-default\">El Adelanto De La Carrera:<\/h2>\t\t\t\t<\/div>\n\t\t\t\t<\/div>\n\t\t\t\t<div class=\"elementor-element elementor-element-87deecc elementor-widget elementor-widget-text-editor\" data-id=\"87deecc\" data-element_type=\"widget\" data-e-type=\"widget\" data-widget_type=\"text-editor.default\">\n\t\t\t\t<div class=\"elementor-widget-container\">\n\t\t\t\t\t\t\t\t\t<p>Las certificaciones pueden abrir nuevas oportunidades de empleo, aumentar las posibilidades de promociones, y a menudo conducen a salarios m\u00e1s altos.<\/p>\t\t\t\t\t\t\t\t<\/div>\n\t\t\t\t<\/div>\n\t\t\t\t<\/div>\n\t\t\t\t<\/div>\n\t\t\t\t<\/div>\n\t\t\t\t\t<\/div>\n\t\t\t\t<\/div>\n\t\t\t\t<\/div>","protected":false},"excerpt":{"rendered":"<p>\u201cTurning Knowledge and Experience into World-Class Credibility&#8221; Download Brochure Our Legal Compliance About us PROJECTUM CERT, LLC is a legally registered company in the State of Florida, United States, operating in full compliance with Florida Statutes, Title XXXVI, Chapter 607, which governs corporate entities. Recognized as an active legal entity by the Florida Department of [&hellip;]<\/p>\n","protected":false},"author":1,"featured_media":0,"parent":0,"menu_order":0,"comment_status":"closed","ping_status":"closed","template":"","meta":{"_acf_changed":false,"footnotes":""},"class_list":["post-267","page","type-page","status-publish","hentry"],"acf":[],"yoast_head":"<!-- This site is optimized with the Yoast SEO plugin v27.1.1 - https:\/\/yoast.com\/product\/yoast-seo-wordpress\/ -->\n<title>About us - Projectum Cert<\/title>\n<meta name=\"robots\" content=\"index, follow, max-snippet:-1, max-image-preview:large, max-video-preview:-1\" \/>\n<link rel=\"canonical\" href=\"https:\/\/cert.projectuminstitute.online\/es\/about-us\/\" \/>\n<meta property=\"og:locale\" content=\"es_ES\" \/>\n<meta property=\"og:type\" content=\"article\" \/>\n<meta property=\"og:title\" content=\"About us - Projectum Cert\" \/>\n<meta property=\"og:description\" content=\"\u201cTurning Knowledge and Experience into World-Class Credibility&#8221; Download Brochure Our Legal Compliance About us PROJECTUM CERT, LLC is a legally registered company in the State of Florida, United States, operating in full compliance with Florida Statutes, Title XXXVI, Chapter 607, which governs corporate entities. Recognized as an active legal entity by the Florida Department of [&hellip;]\" \/>\n<meta property=\"og:url\" content=\"https:\/\/cert.projectuminstitute.online\/es\/about-us\/\" \/>\n<meta property=\"og:site_name\" content=\"Projectum Cert\" \/>\n<meta property=\"article:publisher\" content=\"https:\/\/www.facebook.com\/Projectumcert\" \/>\n<meta property=\"article:modified_time\" content=\"2026-01-25T22:22:41+00:00\" \/>\n<meta property=\"og:image\" content=\"https:\/\/cert.projectuminstitute.online\/wp-content\/uploads\/2025\/05\/RECURSOS-DE-LA-PAGINA-26-1.png\" \/>\n\t<meta property=\"og:image:width\" content=\"1027\" \/>\n\t<meta property=\"og:image:height\" content=\"708\" \/>\n\t<meta property=\"og:image:type\" content=\"image\/png\" \/>\n<meta name=\"twitter:card\" content=\"summary_large_image\" \/>\n<meta name=\"twitter:label1\" content=\"Tiempo de lectura\" \/>\n\t<meta name=\"twitter:data1\" content=\"2 minutos\" \/>\n<script type=\"application\/ld+json\" class=\"yoast-schema-graph\">{\"@context\":\"https:\/\/schema.org\",\"@graph\":[{\"@type\":\"WebPage\",\"@id\":\"https:\/\/cert.projectuminstitute.online\/about-us\/\",\"url\":\"https:\/\/cert.projectuminstitute.online\/about-us\/\",\"name\":\"About us - Projectum Cert\",\"isPartOf\":{\"@id\":\"https:\/\/cert.projectuminstitute.online\/#website\"},\"primaryImageOfPage\":{\"@id\":\"https:\/\/cert.projectuminstitute.online\/about-us\/#primaryimage\"},\"image\":{\"@id\":\"https:\/\/cert.projectuminstitute.online\/about-us\/#primaryimage\"},\"thumbnailUrl\":\"https:\/\/cert.projectuminstitute.online\/wp-content\/uploads\/2025\/05\/RECURSOS-DE-LA-PAGINA-26-1-768x529.png\",\"datePublished\":\"2025-01-03T04:15:42+00:00\",\"dateModified\":\"2026-01-25T22:22:41+00:00\",\"breadcrumb\":{\"@id\":\"https:\/\/cert.projectuminstitute.online\/about-us\/#breadcrumb\"},\"inLanguage\":\"es\",\"potentialAction\":[{\"@type\":\"ReadAction\",\"target\":[\"https:\/\/cert.projectuminstitute.online\/about-us\/\"]}]},{\"@type\":\"ImageObject\",\"inLanguage\":\"es\",\"@id\":\"https:\/\/cert.projectuminstitute.online\/about-us\/#primaryimage\",\"url\":\"https:\/\/cert.projectuminstitute.online\/wp-content\/uploads\/2025\/05\/RECURSOS-DE-LA-PAGINA-26-1-768x529.png\",\"contentUrl\":\"https:\/\/cert.projectuminstitute.online\/wp-content\/uploads\/2025\/05\/RECURSOS-DE-LA-PAGINA-26-1-768x529.png\"},{\"@type\":\"BreadcrumbList\",\"@id\":\"https:\/\/cert.projectuminstitute.online\/about-us\/#breadcrumb\",\"itemListElement\":[{\"@type\":\"ListItem\",\"position\":1,\"name\":\"Home\",\"item\":\"https:\/\/cert.projectuminstitute.online\/\"},{\"@type\":\"ListItem\",\"position\":2,\"name\":\"About us\"}]},{\"@type\":\"WebSite\",\"@id\":\"https:\/\/cert.projectuminstitute.online\/#website\",\"url\":\"https:\/\/cert.projectuminstitute.online\/\",\"name\":\"Projectum Cert\",\"description\":\"Projectum Cert\",\"publisher\":{\"@id\":\"https:\/\/cert.projectuminstitute.online\/#organization\"},\"potentialAction\":[{\"@type\":\"SearchAction\",\"target\":{\"@type\":\"EntryPoint\",\"urlTemplate\":\"https:\/\/cert.projectuminstitute.online\/?s={search_term_string}\"},\"query-input\":{\"@type\":\"PropertyValueSpecification\",\"valueRequired\":true,\"valueName\":\"search_term_string\"}}],\"inLanguage\":\"es\"},{\"@type\":\"Organization\",\"@id\":\"https:\/\/cert.projectuminstitute.online\/#organization\",\"name\":\"Projectum Cert\",\"url\":\"https:\/\/cert.projectuminstitute.online\/\",\"logo\":{\"@type\":\"ImageObject\",\"inLanguage\":\"es\",\"@id\":\"https:\/\/cert.projectuminstitute.online\/#\/schema\/logo\/image\/\",\"url\":\"https:\/\/cert.projectuminstitute.online\/wp-content\/uploads\/2024\/12\/PC_V-original.webp\",\"contentUrl\":\"https:\/\/cert.projectuminstitute.online\/wp-content\/uploads\/2024\/12\/PC_V-original.webp\",\"width\":500,\"height\":500,\"caption\":\"Projectum Cert\"},\"image\":{\"@id\":\"https:\/\/cert.projectuminstitute.online\/#\/schema\/logo\/image\/\"},\"sameAs\":[\"https:\/\/www.facebook.com\/Projectumcert\"]}]}<\/script>\n<!-- \/ Yoast SEO plugin. -->","yoast_head_json":{"title":"Acerca de nosotros - Projectum Cert","robots":{"index":"index","follow":"follow","max-snippet":"max-snippet:-1","max-image-preview":"max-image-preview:large","max-video-preview":"max-video-preview:-1"},"canonical":"https:\/\/cert.projectuminstitute.online\/es\/about-us\/","og_locale":"es_ES","og_type":"article","og_title":"About us - Projectum Cert","og_description":"\u201cTurning Knowledge and Experience into World-Class Credibility&#8221; Download Brochure Our Legal Compliance About us PROJECTUM CERT, LLC is a legally registered company in the State of Florida, United States, operating in full compliance with Florida Statutes, Title XXXVI, Chapter 607, which governs corporate entities. Recognized as an active legal entity by the Florida Department of [&hellip;]","og_url":"https:\/\/cert.projectuminstitute.online\/es\/about-us\/","og_site_name":"Projectum Cert","article_publisher":"https:\/\/www.facebook.com\/Projectumcert","article_modified_time":"2026-01-25T22:22:41+00:00","og_image":[{"width":1027,"height":708,"url":"https:\/\/cert.projectuminstitute.online\/wp-content\/uploads\/2025\/05\/RECURSOS-DE-LA-PAGINA-26-1.png","type":"image\/png"}],"twitter_card":"summary_large_image","twitter_misc":{"Tiempo de lectura":"2 minutos"},"schema":{"@context":"https:\/\/schema.org","@graph":[{"@type":"WebPage","@id":"https:\/\/cert.projectuminstitute.online\/about-us\/","url":"https:\/\/cert.projectuminstitute.online\/about-us\/","name":"Acerca de nosotros - Projectum Cert","isPartOf":{"@id":"https:\/\/cert.projectuminstitute.online\/#website"},"primaryImageOfPage":{"@id":"https:\/\/cert.projectuminstitute.online\/about-us\/#primaryimage"},"image":{"@id":"https:\/\/cert.projectuminstitute.online\/about-us\/#primaryimage"},"thumbnailUrl":"https:\/\/cert.projectuminstitute.online\/wp-content\/uploads\/2025\/05\/RECURSOS-DE-LA-PAGINA-26-1-768x529.png","datePublished":"2025-01-03T04:15:42+00:00","dateModified":"2026-01-25T22:22:41+00:00","breadcrumb":{"@id":"https:\/\/cert.projectuminstitute.online\/about-us\/#breadcrumb"},"inLanguage":"es","potentialAction":[{"@type":"ReadAction","target":["https:\/\/cert.projectuminstitute.online\/about-us\/"]}]},{"@type":"ImageObject","inLanguage":"es","@id":"https:\/\/cert.projectuminstitute.online\/about-us\/#primaryimage","url":"https:\/\/cert.projectuminstitute.online\/wp-content\/uploads\/2025\/05\/RECURSOS-DE-LA-PAGINA-26-1-768x529.png","contentUrl":"https:\/\/cert.projectuminstitute.online\/wp-content\/uploads\/2025\/05\/RECURSOS-DE-LA-PAGINA-26-1-768x529.png"},{"@type":"BreadcrumbList","@id":"https:\/\/cert.projectuminstitute.online\/about-us\/#breadcrumb","itemListElement":[{"@type":"ListItem","position":1,"name":"Home","item":"https:\/\/cert.projectuminstitute.online\/"},{"@type":"ListItem","position":2,"name":"About us"}]},{"@type":"WebSite","@id":"https:\/\/cert.projectuminstitute.online\/#website","url":"https:\/\/cert.projectuminstitute.online\/","name":"Projectum Cert","description":"Projectum Cert","publisher":{"@id":"https:\/\/cert.projectuminstitute.online\/#organization"},"potentialAction":[{"@type":"SearchAction","target":{"@type":"EntryPoint","urlTemplate":"https:\/\/cert.projectuminstitute.online\/?s={search_term_string}"},"query-input":{"@type":"PropertyValueSpecification","valueRequired":true,"valueName":"search_term_string"}}],"inLanguage":"es"},{"@type":"Organization","@id":"https:\/\/cert.projectuminstitute.online\/#organization","name":"Projectum Cert","url":"https:\/\/cert.projectuminstitute.online\/","logo":{"@type":"ImageObject","inLanguage":"es","@id":"https:\/\/cert.projectuminstitute.online\/#\/schema\/logo\/image\/","url":"https:\/\/cert.projectuminstitute.online\/wp-content\/uploads\/2024\/12\/PC_V-original.webp","contentUrl":"https:\/\/cert.projectuminstitute.online\/wp-content\/uploads\/2024\/12\/PC_V-original.webp","width":500,"height":500,"caption":"Projectum Cert"},"image":{"@id":"https:\/\/cert.projectuminstitute.online\/#\/schema\/logo\/image\/"},"sameAs":["https:\/\/www.facebook.com\/Projectumcert"]}]}},"_links":{"self":[{"href":"https:\/\/cert.projectuminstitute.online\/es\/wp-json\/wp\/v2\/pages\/267","targetHints":{"allow":["GET"]}}],"collection":[{"href":"https:\/\/cert.projectuminstitute.online\/es\/wp-json\/wp\/v2\/pages"}],"about":[{"href":"https:\/\/cert.projectuminstitute.online\/es\/wp-json\/wp\/v2\/types\/page"}],"author":[{"embeddable":true,"href":"https:\/\/cert.projectuminstitute.online\/es\/wp-json\/wp\/v2\/users\/1"}],"replies":[{"embeddable":true,"href":"https:\/\/cert.projectuminstitute.online\/es\/wp-json\/wp\/v2\/comments?post=267"}],"version-history":[{"count":178,"href":"https:\/\/cert.projectuminstitute.online\/es\/wp-json\/wp\/v2\/pages\/267\/revisions"}],"predecessor-version":[{"id":3560,"href":"https:\/\/cert.projectuminstitute.online\/es\/wp-json\/wp\/v2\/pages\/267\/revisions\/3560"}],"wp:attachment":[{"href":"https:\/\/cert.projectuminstitute.online\/es\/wp-json\/wp\/v2\/media?parent=267"}],"curies":[{"name":"wp","href":"https:\/\/api.w.org\/{rel}","templated":true}]}}